{"id":4151,"date":"2022-08-22T09:56:36","date_gmt":"2022-08-22T09:56:36","guid":{"rendered":"https:\/\/nolte.vormfactor.com\/?post_type=product&#038;p=4151"},"modified":"2022-08-22T09:56:36","modified_gmt":"2022-08-22T09:56:36","slug":"flair-956-zwart-softmat-dikke-rand-met-messing-decor","status":"publish","type":"product","link":"https:\/\/noltekeukens.nl\/en\/winkel\/flair-956-zwart-softmat-dikke-rand-met-messing-decor\/","title":{"rendered":"Flair 956 Zwart softmat, dikke rand met messing decor"},"content":{"rendered":"","protected":false},"excerpt":{"rendered":"","protected":false},"featured_media":4152,"template":"","meta":[],"product_brand":[],"product_cat":[54,21],"product_tag":[],"class_list":{"0":"post-4151","1":"product","2":"type-product","3":"status-publish","4":"has-post-thumbnail","6":"product_cat-flair","7":"product_cat-fronten","9":"first","10":"instock","11":"taxable","12":"shipping-taxable","13":"purchasable","14":"product-type-simple"},"yoast_head":"<!-- This site is optimized with the Yoast SEO plugin v27.3 - https:\/\/yoast.com\/product\/yoast-seo-wordpress\/ -->\n<title>Flair 956 Zwart softmat, dikke rand met messing decor - Nolte keukens Offici\u00eble website<\/title>\n<meta name=\"robots\" content=\"index, follow, max-snippet:-1, max-image-preview:large, max-video-preview:-1\" \/>\n<link rel=\"canonical\" href=\"https:\/\/noltekeukens.nl\/en\/winkel\/flair-956-zwart-softmat-dikke-rand-met-messing-decor\/\" \/>\n<meta property=\"og:locale\" content=\"en_GB\" \/>\n<meta property=\"og:type\" content=\"article\" \/>\n<meta property=\"og:title\" content=\"Flair 956 Zwart softmat, dikke rand met messing decor - Nolte keukens Offici\u00eble website\" \/>\n<meta property=\"og:url\" content=\"https:\/\/noltekeukens.nl\/en\/winkel\/flair-956-zwart-softmat-dikke-rand-met-messing-decor\/\" \/>\n<meta property=\"og:site_name\" content=\"Nolte keukens Offici\u00eble website\" \/>\n<meta property=\"article:publisher\" content=\"https:\/\/www.facebook.com\/noltekeukens\" \/>\n<meta property=\"og:image\" content=\"https:\/\/noltekeukens.nl\/wp-content\/uploads\/2022\/08\/NK21217_Flair_956.jpeg\" \/>\n\t<meta property=\"og:image:width\" content=\"1096\" \/>\n\t<meta property=\"og:image:height\" content=\"1792\" \/>\n\t<meta property=\"og:image:type\" content=\"image\/jpeg\" \/>\n<meta name=\"twitter:card\" content=\"summary_large_image\" \/>\n<script type=\"application\/ld+json\" class=\"yoast-schema-graph\">{\"@context\":\"https:\\\/\\\/schema.org\",\"@graph\":[{\"@type\":\"WebPage\",\"@id\":\"https:\\\/\\\/noltekeukens.nl\\\/winkel\\\/flair-956-zwart-softmat-dikke-rand-met-messing-decor\\\/\",\"url\":\"https:\\\/\\\/noltekeukens.nl\\\/winkel\\\/flair-956-zwart-softmat-dikke-rand-met-messing-decor\\\/\",\"name\":\"Flair 956 Zwart softmat, dikke rand met messing decor - Nolte keukens Offici\u00eble website\",\"isPartOf\":{\"@id\":\"https:\\\/\\\/noltekeukens.nl\\\/#website\"},\"primaryImageOfPage\":{\"@id\":\"https:\\\/\\\/noltekeukens.nl\\\/winkel\\\/flair-956-zwart-softmat-dikke-rand-met-messing-decor\\\/#primaryimage\"},\"image\":{\"@id\":\"https:\\\/\\\/noltekeukens.nl\\\/winkel\\\/flair-956-zwart-softmat-dikke-rand-met-messing-decor\\\/#primaryimage\"},\"thumbnailUrl\":\"https:\\\/\\\/noltekeukens.nl\\\/wp-content\\\/uploads\\\/2022\\\/08\\\/NK21217_Flair_956.jpeg\",\"datePublished\":\"2022-08-22T09:56:36+00:00\",\"breadcrumb\":{\"@id\":\"https:\\\/\\\/noltekeukens.nl\\\/winkel\\\/flair-956-zwart-softmat-dikke-rand-met-messing-decor\\\/#breadcrumb\"},\"inLanguage\":\"en-GB\",\"potentialAction\":[{\"@type\":\"ReadAction\",\"target\":[\"https:\\\/\\\/noltekeukens.nl\\\/winkel\\\/flair-956-zwart-softmat-dikke-rand-met-messing-decor\\\/\"]}]},{\"@type\":\"ImageObject\",\"inLanguage\":\"en-GB\",\"@id\":\"https:\\\/\\\/noltekeukens.nl\\\/winkel\\\/flair-956-zwart-softmat-dikke-rand-met-messing-decor\\\/#primaryimage\",\"url\":\"https:\\\/\\\/noltekeukens.nl\\\/wp-content\\\/uploads\\\/2022\\\/08\\\/NK21217_Flair_956.jpeg\",\"contentUrl\":\"https:\\\/\\\/noltekeukens.nl\\\/wp-content\\\/uploads\\\/2022\\\/08\\\/NK21217_Flair_956.jpeg\",\"width\":1096,\"height\":1792},{\"@type\":\"BreadcrumbList\",\"@id\":\"https:\\\/\\\/noltekeukens.nl\\\/winkel\\\/flair-956-zwart-softmat-dikke-rand-met-messing-decor\\\/#breadcrumb\",\"itemListElement\":[{\"@type\":\"ListItem\",\"position\":1,\"name\":\"Home\",\"item\":\"https:\\\/\\\/noltekeukens.nl\\\/\"},{\"@type\":\"ListItem\",\"position\":2,\"name\":\"Producten\",\"item\":\"https:\\\/\\\/noltekeukens.nl\\\/shop\\\/\"},{\"@type\":\"ListItem\",\"position\":3,\"name\":\"Flair 956 Zwart softmat, dikke rand met messing decor\"}]},{\"@type\":\"WebSite\",\"@id\":\"https:\\\/\\\/noltekeukens.nl\\\/#website\",\"url\":\"https:\\\/\\\/noltekeukens.nl\\\/\",\"name\":\"Nolte keukens Offici\u00eble website\",\"description\":\"Ontdek de grootste Nolte collectie bij de offici\u00eble Nolte K\u00fcchen brandstores van Nederland.\",\"publisher\":{\"@id\":\"https:\\\/\\\/noltekeukens.nl\\\/#organization\"},\"potentialAction\":[{\"@type\":\"SearchAction\",\"target\":{\"@type\":\"EntryPoint\",\"urlTemplate\":\"https:\\\/\\\/noltekeukens.nl\\\/?s={search_term_string}\"},\"query-input\":{\"@type\":\"PropertyValueSpecification\",\"valueRequired\":true,\"valueName\":\"search_term_string\"}}],\"inLanguage\":\"en-GB\"},{\"@type\":\"Organization\",\"@id\":\"https:\\\/\\\/noltekeukens.nl\\\/#organization\",\"name\":\"Nolte keukens Offici\u00eble website\",\"url\":\"https:\\\/\\\/noltekeukens.nl\\\/\",\"logo\":{\"@type\":\"ImageObject\",\"inLanguage\":\"en-GB\",\"@id\":\"https:\\\/\\\/noltekeukens.nl\\\/#\\\/schema\\\/logo\\\/image\\\/\",\"url\":\"https:\\\/\\\/noltekeukens.nl\\\/wp-content\\\/uploads\\\/2022\\\/07\\\/Logo-nolte-zwart-1.png\",\"contentUrl\":\"https:\\\/\\\/noltekeukens.nl\\\/wp-content\\\/uploads\\\/2022\\\/07\\\/Logo-nolte-zwart-1.png\",\"width\":1063,\"height\":252,\"caption\":\"Nolte keukens Offici\u00eble website\"},\"image\":{\"@id\":\"https:\\\/\\\/noltekeukens.nl\\\/#\\\/schema\\\/logo\\\/image\\\/\"},\"sameAs\":[\"https:\\\/\\\/www.facebook.com\\\/noltekeukens\"]}]}<\/script>\n<!-- \/ Yoast SEO plugin. -->","yoast_head_json":{"title":"Flair 956 Zwart softmat, dikke rand met messing decor - Nolte keukens Offici\u00eble website","robots":{"index":"index","follow":"follow","max-snippet":"max-snippet:-1","max-image-preview":"max-image-preview:large","max-video-preview":"max-video-preview:-1"},"canonical":"https:\/\/noltekeukens.nl\/en\/winkel\/flair-956-zwart-softmat-dikke-rand-met-messing-decor\/","og_locale":"en_GB","og_type":"article","og_title":"Flair 956 Zwart softmat, dikke rand met messing decor - Nolte keukens Offici\u00eble website","og_url":"https:\/\/noltekeukens.nl\/en\/winkel\/flair-956-zwart-softmat-dikke-rand-met-messing-decor\/","og_site_name":"Nolte keukens Offici\u00eble website","article_publisher":"https:\/\/www.facebook.com\/noltekeukens","og_image":[{"width":1096,"height":1792,"url":"https:\/\/noltekeukens.nl\/wp-content\/uploads\/2022\/08\/NK21217_Flair_956.jpeg","type":"image\/jpeg"}],"twitter_card":"summary_large_image","schema":{"@context":"https:\/\/schema.org","@graph":[{"@type":"WebPage","@id":"https:\/\/noltekeukens.nl\/winkel\/flair-956-zwart-softmat-dikke-rand-met-messing-decor\/","url":"https:\/\/noltekeukens.nl\/winkel\/flair-956-zwart-softmat-dikke-rand-met-messing-decor\/","name":"Flair 956 Zwart softmat, dikke rand met messing decor - Nolte keukens Offici\u00eble website","isPartOf":{"@id":"https:\/\/noltekeukens.nl\/#website"},"primaryImageOfPage":{"@id":"https:\/\/noltekeukens.nl\/winkel\/flair-956-zwart-softmat-dikke-rand-met-messing-decor\/#primaryimage"},"image":{"@id":"https:\/\/noltekeukens.nl\/winkel\/flair-956-zwart-softmat-dikke-rand-met-messing-decor\/#primaryimage"},"thumbnailUrl":"https:\/\/noltekeukens.nl\/wp-content\/uploads\/2022\/08\/NK21217_Flair_956.jpeg","datePublished":"2022-08-22T09:56:36+00:00","breadcrumb":{"@id":"https:\/\/noltekeukens.nl\/winkel\/flair-956-zwart-softmat-dikke-rand-met-messing-decor\/#breadcrumb"},"inLanguage":"en-GB","potentialAction":[{"@type":"ReadAction","target":["https:\/\/noltekeukens.nl\/winkel\/flair-956-zwart-softmat-dikke-rand-met-messing-decor\/"]}]},{"@type":"ImageObject","inLanguage":"en-GB","@id":"https:\/\/noltekeukens.nl\/winkel\/flair-956-zwart-softmat-dikke-rand-met-messing-decor\/#primaryimage","url":"https:\/\/noltekeukens.nl\/wp-content\/uploads\/2022\/08\/NK21217_Flair_956.jpeg","contentUrl":"https:\/\/noltekeukens.nl\/wp-content\/uploads\/2022\/08\/NK21217_Flair_956.jpeg","width":1096,"height":1792},{"@type":"BreadcrumbList","@id":"https:\/\/noltekeukens.nl\/winkel\/flair-956-zwart-softmat-dikke-rand-met-messing-decor\/#breadcrumb","itemListElement":[{"@type":"ListItem","position":1,"name":"Home","item":"https:\/\/noltekeukens.nl\/"},{"@type":"ListItem","position":2,"name":"Producten","item":"https:\/\/noltekeukens.nl\/shop\/"},{"@type":"ListItem","position":3,"name":"Flair 956 Zwart softmat, dikke rand met messing decor"}]},{"@type":"WebSite","@id":"https:\/\/noltekeukens.nl\/#website","url":"https:\/\/noltekeukens.nl\/","name":"Nolte keukens Offici\u00eble website","description":"Ontdek de grootste Nolte collectie bij de offici\u00eble Nolte K\u00fcchen brandstores van Nederland.","publisher":{"@id":"https:\/\/noltekeukens.nl\/#organization"},"potentialAction":[{"@type":"SearchAction","target":{"@type":"EntryPoint","urlTemplate":"https:\/\/noltekeukens.nl\/?s={search_term_string}"},"query-input":{"@type":"PropertyValueSpecification","valueRequired":true,"valueName":"search_term_string"}}],"inLanguage":"en-GB"},{"@type":"Organization","@id":"https:\/\/noltekeukens.nl\/#organization","name":"Nolte keukens Offici\u00eble website","url":"https:\/\/noltekeukens.nl\/","logo":{"@type":"ImageObject","inLanguage":"en-GB","@id":"https:\/\/noltekeukens.nl\/#\/schema\/logo\/image\/","url":"https:\/\/noltekeukens.nl\/wp-content\/uploads\/2022\/07\/Logo-nolte-zwart-1.png","contentUrl":"https:\/\/noltekeukens.nl\/wp-content\/uploads\/2022\/07\/Logo-nolte-zwart-1.png","width":1063,"height":252,"caption":"Nolte keukens Offici\u00eble website"},"image":{"@id":"https:\/\/noltekeukens.nl\/#\/schema\/logo\/image\/"},"sameAs":["https:\/\/www.facebook.com\/noltekeukens"]}]}},"_links":{"self":[{"href":"https:\/\/noltekeukens.nl\/en\/wp-json\/wp\/v2\/product\/4151","targetHints":{"allow":["GET"]}}],"collection":[{"href":"https:\/\/noltekeukens.nl\/en\/wp-json\/wp\/v2\/product"}],"about":[{"href":"https:\/\/noltekeukens.nl\/en\/wp-json\/wp\/v2\/types\/product"}],"wp:featuredmedia":[{"embeddable":true,"href":"https:\/\/noltekeukens.nl\/en\/wp-json\/wp\/v2\/media\/4152"}],"wp:attachment":[{"href":"https:\/\/noltekeukens.nl\/en\/wp-json\/wp\/v2\/media?parent=4151"}],"wp:term":[{"taxonomy":"product_brand","embeddable":true,"href":"https:\/\/noltekeukens.nl\/en\/wp-json\/wp\/v2\/product_brand?post=4151"},{"taxonomy":"product_cat","embeddable":true,"href":"https:\/\/noltekeukens.nl\/en\/wp-json\/wp\/v2\/product_cat?post=4151"},{"taxonomy":"product_tag","embeddable":true,"href":"https:\/\/noltekeukens.nl\/en\/wp-json\/wp\/v2\/product_tag?post=4151"}],"curies":[{"name":"wp","href":"https:\/\/api.w.org\/{rel}","templated":true}]}}