{"id":3774,"date":"2022-08-17T13:48:49","date_gmt":"2022-08-17T13:48:49","guid":{"rendered":"https:\/\/nolte.vormfactor.com\/?post_type=product&#038;p=3774"},"modified":"2022-10-04T12:52:01","modified_gmt":"2022-10-04T12:52:01","slug":"soft-lack-76b-bosbes-softmat","status":"publish","type":"product","link":"https:\/\/noltekeukens.nl\/en\/winkel\/soft-lack-76b-bosbes-softmat\/","title":{"rendered":"Soft Lack 76B Bosbes softmat"},"content":{"rendered":"","protected":false},"excerpt":{"rendered":"","protected":false},"featured_media":6356,"template":"","meta":[],"product_brand":[],"product_cat":[21,42],"product_tag":[66],"class_list":{"0":"post-3774","1":"product","2":"type-product","3":"status-publish","4":"has-post-thumbnail","6":"product_cat-fronten","7":"product_cat-soft-lack","8":"product_tag-fronten-soft-lack","10":"first","11":"instock","12":"taxable","13":"shipping-taxable","14":"purchasable","15":"product-type-simple"},"yoast_head":"<!-- This site is optimized with the Yoast SEO plugin v27.3 - https:\/\/yoast.com\/product\/yoast-seo-wordpress\/ -->\n<title>Soft Lack 76B Bosbes softmat - Nolte keukens Offici\u00eble website<\/title>\n<meta name=\"robots\" content=\"index, follow, max-snippet:-1, max-image-preview:large, max-video-preview:-1\" \/>\n<link rel=\"canonical\" href=\"https:\/\/noltekeukens.nl\/en\/winkel\/soft-lack-76b-bosbes-softmat\/\" \/>\n<meta property=\"og:locale\" content=\"en_GB\" \/>\n<meta property=\"og:type\" content=\"article\" \/>\n<meta property=\"og:title\" content=\"Soft Lack 76B Bosbes softmat - Nolte keukens Offici\u00eble website\" \/>\n<meta property=\"og:url\" content=\"https:\/\/noltekeukens.nl\/en\/winkel\/soft-lack-76b-bosbes-softmat\/\" \/>\n<meta property=\"og:site_name\" content=\"Nolte keukens Offici\u00eble website\" \/>\n<meta property=\"article:publisher\" content=\"https:\/\/www.facebook.com\/noltekeukens\" \/>\n<meta property=\"article:modified_time\" content=\"2022-10-04T12:52:01+00:00\" \/>\n<meta property=\"og:image\" content=\"https:\/\/noltekeukens.nl\/wp-content\/uploads\/2022\/08\/NK16744_Soft_Lack_76B.jpeg\" \/>\n\t<meta property=\"og:image:width\" content=\"1520\" \/>\n\t<meta property=\"og:image:height\" content=\"2027\" \/>\n\t<meta property=\"og:image:type\" content=\"image\/jpeg\" \/>\n<meta name=\"twitter:card\" content=\"summary_large_image\" \/>\n<script type=\"application\/ld+json\" class=\"yoast-schema-graph\">{\"@context\":\"https:\\\/\\\/schema.org\",\"@graph\":[{\"@type\":\"WebPage\",\"@id\":\"https:\\\/\\\/noltekeukens.nl\\\/winkel\\\/soft-lack-76b-bosbes-softmat\\\/\",\"url\":\"https:\\\/\\\/noltekeukens.nl\\\/winkel\\\/soft-lack-76b-bosbes-softmat\\\/\",\"name\":\"Soft Lack 76B Bosbes softmat - Nolte keukens Offici\u00eble website\",\"isPartOf\":{\"@id\":\"https:\\\/\\\/noltekeukens.nl\\\/#website\"},\"primaryImageOfPage\":{\"@id\":\"https:\\\/\\\/noltekeukens.nl\\\/winkel\\\/soft-lack-76b-bosbes-softmat\\\/#primaryimage\"},\"image\":{\"@id\":\"https:\\\/\\\/noltekeukens.nl\\\/winkel\\\/soft-lack-76b-bosbes-softmat\\\/#primaryimage\"},\"thumbnailUrl\":\"https:\\\/\\\/noltekeukens.nl\\\/wp-content\\\/uploads\\\/2022\\\/08\\\/NK16744_Soft_Lack_76B.jpeg\",\"datePublished\":\"2022-08-17T13:48:49+00:00\",\"dateModified\":\"2022-10-04T12:52:01+00:00\",\"breadcrumb\":{\"@id\":\"https:\\\/\\\/noltekeukens.nl\\\/winkel\\\/soft-lack-76b-bosbes-softmat\\\/#breadcrumb\"},\"inLanguage\":\"en-GB\",\"potentialAction\":[{\"@type\":\"ReadAction\",\"target\":[\"https:\\\/\\\/noltekeukens.nl\\\/winkel\\\/soft-lack-76b-bosbes-softmat\\\/\"]}]},{\"@type\":\"ImageObject\",\"inLanguage\":\"en-GB\",\"@id\":\"https:\\\/\\\/noltekeukens.nl\\\/winkel\\\/soft-lack-76b-bosbes-softmat\\\/#primaryimage\",\"url\":\"https:\\\/\\\/noltekeukens.nl\\\/wp-content\\\/uploads\\\/2022\\\/08\\\/NK16744_Soft_Lack_76B.jpeg\",\"contentUrl\":\"https:\\\/\\\/noltekeukens.nl\\\/wp-content\\\/uploads\\\/2022\\\/08\\\/NK16744_Soft_Lack_76B.jpeg\",\"width\":1520,\"height\":2027},{\"@type\":\"BreadcrumbList\",\"@id\":\"https:\\\/\\\/noltekeukens.nl\\\/winkel\\\/soft-lack-76b-bosbes-softmat\\\/#breadcrumb\",\"itemListElement\":[{\"@type\":\"ListItem\",\"position\":1,\"name\":\"Home\",\"item\":\"https:\\\/\\\/noltekeukens.nl\\\/\"},{\"@type\":\"ListItem\",\"position\":2,\"name\":\"Producten\",\"item\":\"https:\\\/\\\/noltekeukens.nl\\\/shop\\\/\"},{\"@type\":\"ListItem\",\"position\":3,\"name\":\"Soft Lack 76B Bosbes softmat\"}]},{\"@type\":\"WebSite\",\"@id\":\"https:\\\/\\\/noltekeukens.nl\\\/#website\",\"url\":\"https:\\\/\\\/noltekeukens.nl\\\/\",\"name\":\"Nolte keukens Offici\u00eble website\",\"description\":\"Ontdek de grootste Nolte collectie bij de offici\u00eble Nolte K\u00fcchen brandstores van Nederland.\",\"publisher\":{\"@id\":\"https:\\\/\\\/noltekeukens.nl\\\/#organization\"},\"potentialAction\":[{\"@type\":\"SearchAction\",\"target\":{\"@type\":\"EntryPoint\",\"urlTemplate\":\"https:\\\/\\\/noltekeukens.nl\\\/?s={search_term_string}\"},\"query-input\":{\"@type\":\"PropertyValueSpecification\",\"valueRequired\":true,\"valueName\":\"search_term_string\"}}],\"inLanguage\":\"en-GB\"},{\"@type\":\"Organization\",\"@id\":\"https:\\\/\\\/noltekeukens.nl\\\/#organization\",\"name\":\"Nolte keukens Offici\u00eble website\",\"url\":\"https:\\\/\\\/noltekeukens.nl\\\/\",\"logo\":{\"@type\":\"ImageObject\",\"inLanguage\":\"en-GB\",\"@id\":\"https:\\\/\\\/noltekeukens.nl\\\/#\\\/schema\\\/logo\\\/image\\\/\",\"url\":\"https:\\\/\\\/noltekeukens.nl\\\/wp-content\\\/uploads\\\/2022\\\/07\\\/Logo-nolte-zwart-1.png\",\"contentUrl\":\"https:\\\/\\\/noltekeukens.nl\\\/wp-content\\\/uploads\\\/2022\\\/07\\\/Logo-nolte-zwart-1.png\",\"width\":1063,\"height\":252,\"caption\":\"Nolte keukens Offici\u00eble website\"},\"image\":{\"@id\":\"https:\\\/\\\/noltekeukens.nl\\\/#\\\/schema\\\/logo\\\/image\\\/\"},\"sameAs\":[\"https:\\\/\\\/www.facebook.com\\\/noltekeukens\"]}]}<\/script>\n<!-- \/ Yoast SEO plugin. -->","yoast_head_json":{"title":"Soft Lack 76B Bosbes softmat - Nolte keukens Offici\u00eble website","robots":{"index":"index","follow":"follow","max-snippet":"max-snippet:-1","max-image-preview":"max-image-preview:large","max-video-preview":"max-video-preview:-1"},"canonical":"https:\/\/noltekeukens.nl\/en\/winkel\/soft-lack-76b-bosbes-softmat\/","og_locale":"en_GB","og_type":"article","og_title":"Soft Lack 76B Bosbes softmat - Nolte keukens Offici\u00eble website","og_url":"https:\/\/noltekeukens.nl\/en\/winkel\/soft-lack-76b-bosbes-softmat\/","og_site_name":"Nolte keukens Offici\u00eble website","article_publisher":"https:\/\/www.facebook.com\/noltekeukens","article_modified_time":"2022-10-04T12:52:01+00:00","og_image":[{"width":1520,"height":2027,"url":"https:\/\/noltekeukens.nl\/wp-content\/uploads\/2022\/08\/NK16744_Soft_Lack_76B.jpeg","type":"image\/jpeg"}],"twitter_card":"summary_large_image","schema":{"@context":"https:\/\/schema.org","@graph":[{"@type":"WebPage","@id":"https:\/\/noltekeukens.nl\/winkel\/soft-lack-76b-bosbes-softmat\/","url":"https:\/\/noltekeukens.nl\/winkel\/soft-lack-76b-bosbes-softmat\/","name":"Soft Lack 76B Bosbes softmat - Nolte keukens Offici\u00eble website","isPartOf":{"@id":"https:\/\/noltekeukens.nl\/#website"},"primaryImageOfPage":{"@id":"https:\/\/noltekeukens.nl\/winkel\/soft-lack-76b-bosbes-softmat\/#primaryimage"},"image":{"@id":"https:\/\/noltekeukens.nl\/winkel\/soft-lack-76b-bosbes-softmat\/#primaryimage"},"thumbnailUrl":"https:\/\/noltekeukens.nl\/wp-content\/uploads\/2022\/08\/NK16744_Soft_Lack_76B.jpeg","datePublished":"2022-08-17T13:48:49+00:00","dateModified":"2022-10-04T12:52:01+00:00","breadcrumb":{"@id":"https:\/\/noltekeukens.nl\/winkel\/soft-lack-76b-bosbes-softmat\/#breadcrumb"},"inLanguage":"en-GB","potentialAction":[{"@type":"ReadAction","target":["https:\/\/noltekeukens.nl\/winkel\/soft-lack-76b-bosbes-softmat\/"]}]},{"@type":"ImageObject","inLanguage":"en-GB","@id":"https:\/\/noltekeukens.nl\/winkel\/soft-lack-76b-bosbes-softmat\/#primaryimage","url":"https:\/\/noltekeukens.nl\/wp-content\/uploads\/2022\/08\/NK16744_Soft_Lack_76B.jpeg","contentUrl":"https:\/\/noltekeukens.nl\/wp-content\/uploads\/2022\/08\/NK16744_Soft_Lack_76B.jpeg","width":1520,"height":2027},{"@type":"BreadcrumbList","@id":"https:\/\/noltekeukens.nl\/winkel\/soft-lack-76b-bosbes-softmat\/#breadcrumb","itemListElement":[{"@type":"ListItem","position":1,"name":"Home","item":"https:\/\/noltekeukens.nl\/"},{"@type":"ListItem","position":2,"name":"Producten","item":"https:\/\/noltekeukens.nl\/shop\/"},{"@type":"ListItem","position":3,"name":"Soft Lack 76B Bosbes softmat"}]},{"@type":"WebSite","@id":"https:\/\/noltekeukens.nl\/#website","url":"https:\/\/noltekeukens.nl\/","name":"Nolte keukens Offici\u00eble website","description":"Ontdek de grootste Nolte collectie bij de offici\u00eble Nolte K\u00fcchen brandstores van Nederland.","publisher":{"@id":"https:\/\/noltekeukens.nl\/#organization"},"potentialAction":[{"@type":"SearchAction","target":{"@type":"EntryPoint","urlTemplate":"https:\/\/noltekeukens.nl\/?s={search_term_string}"},"query-input":{"@type":"PropertyValueSpecification","valueRequired":true,"valueName":"search_term_string"}}],"inLanguage":"en-GB"},{"@type":"Organization","@id":"https:\/\/noltekeukens.nl\/#organization","name":"Nolte keukens Offici\u00eble website","url":"https:\/\/noltekeukens.nl\/","logo":{"@type":"ImageObject","inLanguage":"en-GB","@id":"https:\/\/noltekeukens.nl\/#\/schema\/logo\/image\/","url":"https:\/\/noltekeukens.nl\/wp-content\/uploads\/2022\/07\/Logo-nolte-zwart-1.png","contentUrl":"https:\/\/noltekeukens.nl\/wp-content\/uploads\/2022\/07\/Logo-nolte-zwart-1.png","width":1063,"height":252,"caption":"Nolte keukens Offici\u00eble website"},"image":{"@id":"https:\/\/noltekeukens.nl\/#\/schema\/logo\/image\/"},"sameAs":["https:\/\/www.facebook.com\/noltekeukens"]}]}},"_links":{"self":[{"href":"https:\/\/noltekeukens.nl\/en\/wp-json\/wp\/v2\/product\/3774","targetHints":{"allow":["GET"]}}],"collection":[{"href":"https:\/\/noltekeukens.nl\/en\/wp-json\/wp\/v2\/product"}],"about":[{"href":"https:\/\/noltekeukens.nl\/en\/wp-json\/wp\/v2\/types\/product"}],"wp:featuredmedia":[{"embeddable":true,"href":"https:\/\/noltekeukens.nl\/en\/wp-json\/wp\/v2\/media\/6356"}],"wp:attachment":[{"href":"https:\/\/noltekeukens.nl\/en\/wp-json\/wp\/v2\/media?parent=3774"}],"wp:term":[{"taxonomy":"product_brand","embeddable":true,"href":"https:\/\/noltekeukens.nl\/en\/wp-json\/wp\/v2\/product_brand?post=3774"},{"taxonomy":"product_cat","embeddable":true,"href":"https:\/\/noltekeukens.nl\/en\/wp-json\/wp\/v2\/product_cat?post=3774"},{"taxonomy":"product_tag","embeddable":true,"href":"https:\/\/noltekeukens.nl\/en\/wp-json\/wp\/v2\/product_tag?post=3774"}],"curies":[{"name":"wp","href":"https:\/\/api.w.org\/{rel}","templated":true}]}}