{"id":6668,"date":"2022-10-12T14:23:00","date_gmt":"2022-10-12T14:23:00","guid":{"rendered":"https:\/\/nolte.vormfactor.com\/?page_id=6668"},"modified":"2025-11-03T09:20:39","modified_gmt":"2025-11-03T09:20:39","slug":"keukens-arnhem","status":"publish","type":"page","link":"https:\/\/noltekeukens.nl\/en\/keukens-arnhem\/","title":{"rendered":"Kitchens Arnhem"},"content":{"rendered":"<div data-elementor-type=\"wp-page\" data-elementor-id=\"6668\" class=\"elementor elementor-6668\" data-elementor-post-type=\"page\">\n\t\t\t\t\t\t<section class=\"elementor-section elementor-top-section elementor-element elementor-element-cedb328 elementor-section-boxed elementor-section-height-default elementor-section-height-default\" data-id=\"cedb328\" data-element_type=\"section\" data-e-type=\"section\" data-settings=\"{&quot;background_background&quot;:&quot;classic&quot;}\">\n\t\t\t\t\t\t<div class=\"elementor-container elementor-column-gap-default\">\n\t\t\t\t\t<div class=\"elementor-column elementor-col-50 elementor-top-column elementor-element elementor-element-f8bc33f\" data-id=\"f8bc33f\" data-element_type=\"column\" data-e-type=\"column\">\n\t\t\t<div class=\"elementor-widget-wrap\">\n\t\t\t\t\t\t\t<\/div>\n\t\t<\/div>\n\t\t\t\t<div class=\"elementor-column elementor-col-50 elementor-top-column elementor-element elementor-element-16f0c84\" data-id=\"16f0c84\" data-element_type=\"column\" data-e-type=\"column\">\n\t\t\t<div class=\"elementor-widget-wrap\">\n\t\t\t\t\t\t\t<\/div>\n\t\t<\/div>\n\t\t\t\t\t<\/div>\n\t\t<\/section>\n\t\t\t\t<section class=\"elementor-section elementor-top-section elementor-element elementor-element-c2c88ee elementor-section-boxed elementor-section-height-default elementor-section-height-default\" data-id=\"c2c88ee\" data-element_type=\"section\" data-e-type=\"section\">\n\t\t\t\t\t\t<div class=\"elementor-container elementor-column-gap-default\">\n\t\t\t\t\t<div class=\"elementor-column elementor-col-50 elementor-top-column elementor-element elementor-element-69f5e61\" data-id=\"69f5e61\" data-element_type=\"column\" data-e-type=\"column\">\n\t\t\t<div class=\"elementor-widget-wrap elementor-element-populated\">\n\t\t\t\t\t\t<div class=\"elementor-element elementor-element-04835b5 elementor-widget elementor-widget-heading\" data-id=\"04835b5\" data-element_type=\"widget\" data-e-type=\"widget\" data-widget_type=\"heading.default\">\n\t\t\t\t<div class=\"elementor-widget-container\">\n\t\t\t\t\t<h2 class=\"elementor-heading-title elementor-size-default\">Kitchens Arnhem<\/h2>\t\t\t\t<\/div>\n\t\t\t\t<\/div>\n\t\t\t\t\t<\/div>\n\t\t<\/div>\n\t\t\t\t<div class=\"elementor-column elementor-col-50 elementor-top-column elementor-element elementor-element-c4afdd5\" data-id=\"c4afdd5\" data-element_type=\"column\" data-e-type=\"column\">\n\t\t\t<div class=\"elementor-widget-wrap elementor-element-populated\">\n\t\t\t\t\t\t<div class=\"elementor-element elementor-element-37d2a7e elementor-widget elementor-widget-text-editor\" data-id=\"37d2a7e\" data-element_type=\"widget\" data-e-type=\"widget\" data-widget_type=\"text-editor.default\">\n\t\t\t\t<div class=\"elementor-widget-container\">\n\t\t\t\t\t\t\t\t\t<p>If you live in Gelderland, there are plenty of options when looking for a new kitchen. Keukens Arnhem is, of course, one possibility, but you can also visit <a href=\"\/en\/apeldoorn\/\"><span style=\"text-decoration: underline;\">Apeldoorn<\/span><\/a> or <a href=\"\/en\/enschede\/\"><u>Enschede<\/u><\/a>, where Nolte K\u00fcchen Center has its showrooms. Why should you prefer Nolte over Keukens Arnhem?<\/p>\n<h4>German Quality<\/h4>\n<p>Our eastern neighbours have long been renowned as exceptional kitchen manufacturers. The Nolte K\u00fcchen range consists entirely of German-made kitchen units, into which appliances from a variety of top brands can be integrated. The units are delivered directly from the factory, allowing you not only to benefit from top quality but also to save on purchase costs. In Apeldoorn, Amersfoort, Almere, Enschede, or Lelystad, you can therefore spend even less compared to Keukens Arnhem!<\/p>\n<h4>Professional Advice<\/h4>\n<p>The consultants in our showrooms all have many years of experience in the kitchen industry. Some have previously held positions at Keukens Arnhem, while others have spent their entire careers at Nolte. New employees receive comprehensive training specifically tailored to our company and product range, ensuring that they can assist you at all times.<\/p>\t\t\t\t\t\t\t\t<\/div>\n\t\t\t\t<\/div>\n\t\t\t\t\t<\/div>\n\t\t<\/div>\n\t\t\t\t\t<\/div>\n\t\t<\/section>\n\t\t\t\t<\/div>","protected":false},"excerpt":{"rendered":"<p>Keukens Arnhem Wanneer u in Gelderland woont, zijn er voldoende mogelijkheden als u op zoek bent naar een nieuwe keuken. Keukens Arnhem is natuurlijk een optie, maar u kunt ook kijken in Apeldoorn of Enschede, waar Nolte K\u00fcchen Center haar showrooms heeft. Waarom zou u Nolte moeten prefereren boven keukens Arnhem? Duitse kwaliteit Onze Oosterburen [&hellip;]<\/p>\n","protected":false},"author":2,"featured_media":0,"parent":0,"menu_order":0,"comment_status":"closed","ping_status":"closed","template":"elementor_header_footer","meta":{"footnotes":""},"class_list":["post-6668","page","type-page","status-publish","hentry"],"yoast_head":"<!-- This site is optimized with the Yoast SEO plugin v27.4 - https:\/\/yoast.com\/product\/yoast-seo-wordpress\/ -->\n<title>Keukens Arnhem - Nolte keukens Offici\u00eble website<\/title>\n<meta name=\"robots\" content=\"index, follow, max-snippet:-1, max-image-preview:large, max-video-preview:-1\" \/>\n<link rel=\"canonical\" href=\"https:\/\/noltekeukens.nl\/en\/keukens-arnhem\/\" \/>\n<meta property=\"og:locale\" content=\"en_GB\" \/>\n<meta property=\"og:type\" content=\"article\" \/>\n<meta property=\"og:title\" content=\"Keukens Arnhem - Nolte keukens Offici\u00eble website\" \/>\n<meta property=\"og:description\" content=\"Keukens Arnhem Wanneer u in Gelderland woont, zijn er voldoende mogelijkheden als u op zoek bent naar een nieuwe keuken. Keukens Arnhem is natuurlijk een optie, maar u kunt ook kijken in Apeldoorn of Enschede, waar Nolte K\u00fcchen Center haar showrooms heeft. Waarom zou u Nolte moeten prefereren boven keukens Arnhem? Duitse kwaliteit Onze Oosterburen [&hellip;]\" \/>\n<meta property=\"og:url\" content=\"https:\/\/noltekeukens.nl\/en\/keukens-arnhem\/\" \/>\n<meta property=\"og:site_name\" content=\"Nolte keukens Offici\u00eble website\" \/>\n<meta property=\"article:publisher\" content=\"https:\/\/www.facebook.com\/noltekeukens\" \/>\n<meta property=\"article:modified_time\" content=\"2025-11-03T09:20:39+00:00\" \/>\n<meta name=\"twitter:card\" content=\"summary_large_image\" \/>\n<script type=\"application\/ld+json\" class=\"yoast-schema-graph\">{\"@context\":\"https:\\\/\\\/schema.org\",\"@graph\":[{\"@type\":\"WebPage\",\"@id\":\"https:\\\/\\\/noltekeukens.nl\\\/keukens-arnhem\\\/\",\"url\":\"https:\\\/\\\/noltekeukens.nl\\\/keukens-arnhem\\\/\",\"name\":\"Keukens Arnhem - Nolte keukens Offici\u00eble website\",\"isPartOf\":{\"@id\":\"https:\\\/\\\/noltekeukens.nl\\\/#website\"},\"datePublished\":\"2022-10-12T14:23:00+00:00\",\"dateModified\":\"2025-11-03T09:20:39+00:00\",\"breadcrumb\":{\"@id\":\"https:\\\/\\\/noltekeukens.nl\\\/keukens-arnhem\\\/#breadcrumb\"},\"inLanguage\":\"en-GB\",\"potentialAction\":[{\"@type\":\"ReadAction\",\"target\":[\"https:\\\/\\\/noltekeukens.nl\\\/keukens-arnhem\\\/\"]}]},{\"@type\":\"BreadcrumbList\",\"@id\":\"https:\\\/\\\/noltekeukens.nl\\\/keukens-arnhem\\\/#breadcrumb\",\"itemListElement\":[{\"@type\":\"ListItem\",\"position\":1,\"name\":\"Home\",\"item\":\"https:\\\/\\\/noltekeukens.nl\\\/\"},{\"@type\":\"ListItem\",\"position\":2,\"name\":\"Keukens Arnhem\"}]},{\"@type\":\"WebSite\",\"@id\":\"https:\\\/\\\/noltekeukens.nl\\\/#website\",\"url\":\"https:\\\/\\\/noltekeukens.nl\\\/\",\"name\":\"Nolte keukens Offici\u00eble website\",\"description\":\"Ontdek de grootste Nolte collectie bij de offici\u00eble Nolte K\u00fcchen brandstores van Nederland.\",\"publisher\":{\"@id\":\"https:\\\/\\\/noltekeukens.nl\\\/#organization\"},\"potentialAction\":[{\"@type\":\"SearchAction\",\"target\":{\"@type\":\"EntryPoint\",\"urlTemplate\":\"https:\\\/\\\/noltekeukens.nl\\\/?s={search_term_string}\"},\"query-input\":{\"@type\":\"PropertyValueSpecification\",\"valueRequired\":true,\"valueName\":\"search_term_string\"}}],\"inLanguage\":\"en-GB\"},{\"@type\":\"Organization\",\"@id\":\"https:\\\/\\\/noltekeukens.nl\\\/#organization\",\"name\":\"Nolte keukens Offici\u00eble website\",\"url\":\"https:\\\/\\\/noltekeukens.nl\\\/\",\"logo\":{\"@type\":\"ImageObject\",\"inLanguage\":\"en-GB\",\"@id\":\"https:\\\/\\\/noltekeukens.nl\\\/#\\\/schema\\\/logo\\\/image\\\/\",\"url\":\"https:\\\/\\\/noltekeukens.nl\\\/wp-content\\\/uploads\\\/2022\\\/07\\\/Logo-nolte-zwart-1.png\",\"contentUrl\":\"https:\\\/\\\/noltekeukens.nl\\\/wp-content\\\/uploads\\\/2022\\\/07\\\/Logo-nolte-zwart-1.png\",\"width\":1063,\"height\":252,\"caption\":\"Nolte keukens Offici\u00eble website\"},\"image\":{\"@id\":\"https:\\\/\\\/noltekeukens.nl\\\/#\\\/schema\\\/logo\\\/image\\\/\"},\"sameAs\":[\"https:\\\/\\\/www.facebook.com\\\/noltekeukens\"]}]}<\/script>\n<!-- \/ Yoast SEO plugin. -->","yoast_head_json":{"title":"Keukens Arnhem - Nolte keukens Offici\u00eble website","robots":{"index":"index","follow":"follow","max-snippet":"max-snippet:-1","max-image-preview":"max-image-preview:large","max-video-preview":"max-video-preview:-1"},"canonical":"https:\/\/noltekeukens.nl\/en\/keukens-arnhem\/","og_locale":"en_GB","og_type":"article","og_title":"Keukens Arnhem - Nolte keukens Offici\u00eble website","og_description":"Keukens Arnhem Wanneer u in Gelderland woont, zijn er voldoende mogelijkheden als u op zoek bent naar een nieuwe keuken. Keukens Arnhem is natuurlijk een optie, maar u kunt ook kijken in Apeldoorn of Enschede, waar Nolte K\u00fcchen Center haar showrooms heeft. Waarom zou u Nolte moeten prefereren boven keukens Arnhem? Duitse kwaliteit Onze Oosterburen [&hellip;]","og_url":"https:\/\/noltekeukens.nl\/en\/keukens-arnhem\/","og_site_name":"Nolte keukens Offici\u00eble website","article_publisher":"https:\/\/www.facebook.com\/noltekeukens","article_modified_time":"2025-11-03T09:20:39+00:00","twitter_card":"summary_large_image","schema":{"@context":"https:\/\/schema.org","@graph":[{"@type":"WebPage","@id":"https:\/\/noltekeukens.nl\/keukens-arnhem\/","url":"https:\/\/noltekeukens.nl\/keukens-arnhem\/","name":"Keukens Arnhem - Nolte keukens Offici\u00eble website","isPartOf":{"@id":"https:\/\/noltekeukens.nl\/#website"},"datePublished":"2022-10-12T14:23:00+00:00","dateModified":"2025-11-03T09:20:39+00:00","breadcrumb":{"@id":"https:\/\/noltekeukens.nl\/keukens-arnhem\/#breadcrumb"},"inLanguage":"en-GB","potentialAction":[{"@type":"ReadAction","target":["https:\/\/noltekeukens.nl\/keukens-arnhem\/"]}]},{"@type":"BreadcrumbList","@id":"https:\/\/noltekeukens.nl\/keukens-arnhem\/#breadcrumb","itemListElement":[{"@type":"ListItem","position":1,"name":"Home","item":"https:\/\/noltekeukens.nl\/"},{"@type":"ListItem","position":2,"name":"Keukens Arnhem"}]},{"@type":"WebSite","@id":"https:\/\/noltekeukens.nl\/#website","url":"https:\/\/noltekeukens.nl\/","name":"Nolte keukens Offici\u00eble website","description":"Ontdek de grootste Nolte collectie bij de offici\u00eble Nolte K\u00fcchen brandstores van Nederland.","publisher":{"@id":"https:\/\/noltekeukens.nl\/#organization"},"potentialAction":[{"@type":"SearchAction","target":{"@type":"EntryPoint","urlTemplate":"https:\/\/noltekeukens.nl\/?s={search_term_string}"},"query-input":{"@type":"PropertyValueSpecification","valueRequired":true,"valueName":"search_term_string"}}],"inLanguage":"en-GB"},{"@type":"Organization","@id":"https:\/\/noltekeukens.nl\/#organization","name":"Nolte keukens Offici\u00eble website","url":"https:\/\/noltekeukens.nl\/","logo":{"@type":"ImageObject","inLanguage":"en-GB","@id":"https:\/\/noltekeukens.nl\/#\/schema\/logo\/image\/","url":"https:\/\/noltekeukens.nl\/wp-content\/uploads\/2022\/07\/Logo-nolte-zwart-1.png","contentUrl":"https:\/\/noltekeukens.nl\/wp-content\/uploads\/2022\/07\/Logo-nolte-zwart-1.png","width":1063,"height":252,"caption":"Nolte keukens Offici\u00eble website"},"image":{"@id":"https:\/\/noltekeukens.nl\/#\/schema\/logo\/image\/"},"sameAs":["https:\/\/www.facebook.com\/noltekeukens"]}]}},"_links":{"self":[{"href":"https:\/\/noltekeukens.nl\/en\/wp-json\/wp\/v2\/pages\/6668","targetHints":{"allow":["GET"]}}],"collection":[{"href":"https:\/\/noltekeukens.nl\/en\/wp-json\/wp\/v2\/pages"}],"about":[{"href":"https:\/\/noltekeukens.nl\/en\/wp-json\/wp\/v2\/types\/page"}],"author":[{"embeddable":true,"href":"https:\/\/noltekeukens.nl\/en\/wp-json\/wp\/v2\/users\/2"}],"replies":[{"embeddable":true,"href":"https:\/\/noltekeukens.nl\/en\/wp-json\/wp\/v2\/comments?post=6668"}],"version-history":[{"count":10,"href":"https:\/\/noltekeukens.nl\/en\/wp-json\/wp\/v2\/pages\/6668\/revisions"}],"predecessor-version":[{"id":14516,"href":"https:\/\/noltekeukens.nl\/en\/wp-json\/wp\/v2\/pages\/6668\/revisions\/14516"}],"wp:attachment":[{"href":"https:\/\/noltekeukens.nl\/en\/wp-json\/wp\/v2\/media?parent=6668"}],"curies":[{"name":"wp","href":"https:\/\/api.w.org\/{rel}","templated":true}]}}