{"id":59,"date":"2022-07-13T13:56:30","date_gmt":"2022-07-13T13:56:30","guid":{"rendered":"http:\/\/nolte.vormfactor.com\/?page_id=59"},"modified":"2026-01-26T13:59:08","modified_gmt":"2026-01-26T13:59:08","slug":"mijn-nolte-keuken","status":"publish","type":"page","link":"https:\/\/noltekeukens.nl\/en\/mijn-nolte-keuken\/","title":{"rendered":"My Nolte-kitchen"},"content":{"rendered":"<div data-elementor-type=\"wp-page\" data-elementor-id=\"59\" class=\"elementor elementor-59\" data-elementor-post-type=\"page\">\n\t\t\t\t\t\t<section class=\"elementor-section elementor-top-section elementor-element elementor-element-6c2f84e elementor-section-boxed elementor-section-height-default elementor-section-height-default\" data-id=\"6c2f84e\" data-element_type=\"section\" data-e-type=\"section\">\n\t\t\t\t\t\t<div class=\"elementor-container elementor-column-gap-default\">\n\t\t\t\t\t<div class=\"elementor-column elementor-col-50 elementor-top-column elementor-element elementor-element-5c5172c\" data-id=\"5c5172c\" data-element_type=\"column\" data-e-type=\"column\">\n\t\t\t<div class=\"elementor-widget-wrap elementor-element-populated\">\n\t\t\t\t\t\t<div class=\"elementor-element elementor-element-42a2c82 elementor-widget elementor-widget-heading\" data-id=\"42a2c82\" data-element_type=\"widget\" data-e-type=\"widget\" data-widget_type=\"heading.default\">\n\t\t\t\t<div class=\"elementor-widget-container\">\n\t\t\t\t\t<h1 class=\"elementor-heading-title elementor-size-default\">Check the progress of your kitchen here<\/h1>\t\t\t\t<\/div>\n\t\t\t\t<\/div>\n\t\t\t\t\t<\/div>\n\t\t<\/div>\n\t\t\t\t<div class=\"elementor-column elementor-col-50 elementor-top-column elementor-element elementor-element-83b7a5d\" data-id=\"83b7a5d\" data-element_type=\"column\" data-e-type=\"column\">\n\t\t\t<div class=\"elementor-widget-wrap elementor-element-populated\">\n\t\t\t\t\t\t<div class=\"elementor-element elementor-element-0eee311 elementor-widget elementor-widget-html\" data-id=\"0eee311\" data-element_type=\"widget\" data-e-type=\"widget\" data-widget_type=\"html.default\">\n\t\t\t\t<div class=\"elementor-widget-container\">\n\t\t\t\t\t<script type=\"text\/javascript\">\n\tfunction login(){\n\t\tvar data='';\n\t\tvar xhr = new XMLHttpRequest();\n\t\txhr.onreadystatechange = function() {\n\t\t\tif (xhr.readyState == 4) {\n\t\t\t\tif(xhr.responseText == '1'){\n\t\t\t\t   document.getElementById('LoginForm').submit();\t\n\t\t\t\t}else{\n\t\t\t\talert('Gebruikersnaam of wachtwoord onjuist');\n\t\t\t\t}\n\t\t\t}\n\t\t}\n\t\tdata = data + '?Wachtwoord=' + document.getElementById('Wachtwoord').value;\n\t\tdata = data + '&Referentie=' + document.getElementById('Referentie').value;\n\t\tdata = data + '&Submit=1';\n\t\txhr.open('post', 'https:\/\/www.mijnkeuken.info\/mk\/checklogin.csp' + data, true);\n\t\txhr.send(null);\t\t\t\n\t}\t\t\t\n<\/script>\n\n<div class=\"header\" >\n\t\t<div class=\"inner\">\n\t\t\t<div class=\"text-center\">\n\t\t\t<\/div>\n\t\t<\/div>\n\t<div class=\"overlay\"><\/div>\n<\/div>\n\t\n<div>\n\t<div class=\"container\">\n\t\t<div class=\"row\">\n\t\t\t<div class=\"col-sm-4 col-md-3 hidden-xs\">\n\t\t\t<\/div>\n\t\t\t<div class=\"col-sm-8 col-md-9 heightcounter\">\n\t\t\t\t<div class=\"row vervolg content\">\n\t\t\t\t\t<div class=\"col-xs-12\">\n\t\t\t\t\t\t<div class=\"row\">\n\t\t\t\t\t\t\t<div class=\"col-sm-6\">\n\t\t\t\t\t\t\t\t<br \/>\n\t\t\t\t\t\t\t\t<form action=\"https:\/\/www.mijnkeuken.info\/mk\/logon.csp\" method=\"post\" name=\"LoginForm\" id=\"LoginForm\">\n\t\t\t\t\t\t\t\t\t<b>Reference number:<\/b><br><br \/>\n\t\t\t\t\t\t\t\t\t<input class=\"form-control\" type=\"text\" name=\"Referentie\" id=\"Referentie\"><br><br><br>\n\t\t\t\t\t\t\t\t\t<b>Password:<\/b><br><br \/>\n\t\t\t\t\t\t\t\t\t<input class=\"form-control\" type=\"password\" name=\"Wachtwoord\" id=\"Wachtwoord\"><br><br><br>\n\t\t\t\t\t\t\t\t\t<input type=\"hidden\" name=\"open\" value=\"1\">\n\t\t\t\t\t\t\t\t\t<input type=\"hidden\" name=\"Submit\" value=\"1\">\n\t\t\t\t\t\t\t\t\t<input type=\"hidden\" name=\"ReturnPage\" value=\"http:\/\/www.simar.nl\/mijnkeukenlogin\">\n\t\t\t\t\t\t\t\t\t<input class=\"btn btn-vestiging\" type=\"button\" onclick=\"login();\" value=\"Sign in\">\n\t\t\t\t\t\t\t\t<\/form>\n\t\t\t\t\t\t\t<\/div>\n\t\t\t\t\t\t<\/div>\n\t\t\t\t\t<\/div>\n\t\t\t\t<\/div>\n\t\t\t<\/div>\n\t\t<\/div>\n\t<\/div>\n<\/div>\n\t\t\t\t<\/div>\n\t\t\t\t<\/div>\n\t\t\t\t\t<\/div>\n\t\t<\/div>\n\t\t\t\t\t<\/div>\n\t\t<\/section>\n\t\t\t\t<\/div>","protected":false},"excerpt":{"rendered":"<p>Bekijk hier de status van uw keuken Referentienummer: Wachtwoord:<\/p>","protected":false},"author":2,"featured_media":0,"parent":0,"menu_order":0,"comment_status":"closed","ping_status":"closed","template":"elementor_header_footer","meta":{"footnotes":""},"class_list":["post-59","page","type-page","status-publish","hentry"],"yoast_head":"<!-- This site is optimized with the Yoast SEO plugin v27.3 - https:\/\/yoast.com\/product\/yoast-seo-wordpress\/ -->\n<title>Mijn Nolte-keuken - Nolte keukens Offici\u00eble website<\/title>\n<meta name=\"robots\" content=\"index, follow, max-snippet:-1, max-image-preview:large, max-video-preview:-1\" \/>\n<link rel=\"canonical\" href=\"https:\/\/noltekeukens.nl\/en\/mijn-nolte-keuken\/\" \/>\n<meta property=\"og:locale\" content=\"en_GB\" \/>\n<meta property=\"og:type\" content=\"article\" \/>\n<meta property=\"og:title\" content=\"Mijn Nolte-keuken - Nolte keukens Offici\u00eble website\" \/>\n<meta property=\"og:description\" content=\"Bekijk hier de status van uw keuken Referentienummer: Wachtwoord:\" \/>\n<meta property=\"og:url\" content=\"https:\/\/noltekeukens.nl\/en\/mijn-nolte-keuken\/\" \/>\n<meta property=\"og:site_name\" content=\"Nolte keukens Offici\u00eble website\" \/>\n<meta property=\"article:publisher\" content=\"https:\/\/www.facebook.com\/noltekeukens\" \/>\n<meta property=\"article:modified_time\" content=\"2026-01-26T13:59:08+00:00\" \/>\n<meta name=\"twitter:card\" content=\"summary_large_image\" \/>\n<script type=\"application\/ld+json\" class=\"yoast-schema-graph\">{\"@context\":\"https:\\\/\\\/schema.org\",\"@graph\":[{\"@type\":\"WebPage\",\"@id\":\"https:\\\/\\\/noltekeukens.nl\\\/mijn-nolte-keuken\\\/\",\"url\":\"https:\\\/\\\/noltekeukens.nl\\\/mijn-nolte-keuken\\\/\",\"name\":\"Mijn Nolte-keuken - Nolte keukens Offici\u00eble website\",\"isPartOf\":{\"@id\":\"https:\\\/\\\/noltekeukens.nl\\\/#website\"},\"datePublished\":\"2022-07-13T13:56:30+00:00\",\"dateModified\":\"2026-01-26T13:59:08+00:00\",\"breadcrumb\":{\"@id\":\"https:\\\/\\\/noltekeukens.nl\\\/mijn-nolte-keuken\\\/#breadcrumb\"},\"inLanguage\":\"en-GB\",\"potentialAction\":[{\"@type\":\"ReadAction\",\"target\":[\"https:\\\/\\\/noltekeukens.nl\\\/mijn-nolte-keuken\\\/\"]}]},{\"@type\":\"BreadcrumbList\",\"@id\":\"https:\\\/\\\/noltekeukens.nl\\\/mijn-nolte-keuken\\\/#breadcrumb\",\"itemListElement\":[{\"@type\":\"ListItem\",\"position\":1,\"name\":\"Home\",\"item\":\"https:\\\/\\\/noltekeukens.nl\\\/\"},{\"@type\":\"ListItem\",\"position\":2,\"name\":\"Mijn Nolte-keuken\"}]},{\"@type\":\"WebSite\",\"@id\":\"https:\\\/\\\/noltekeukens.nl\\\/#website\",\"url\":\"https:\\\/\\\/noltekeukens.nl\\\/\",\"name\":\"Nolte keukens Offici\u00eble website\",\"description\":\"Ontdek de grootste Nolte collectie bij de offici\u00eble Nolte K\u00fcchen brandstores van Nederland.\",\"publisher\":{\"@id\":\"https:\\\/\\\/noltekeukens.nl\\\/#organization\"},\"potentialAction\":[{\"@type\":\"SearchAction\",\"target\":{\"@type\":\"EntryPoint\",\"urlTemplate\":\"https:\\\/\\\/noltekeukens.nl\\\/?s={search_term_string}\"},\"query-input\":{\"@type\":\"PropertyValueSpecification\",\"valueRequired\":true,\"valueName\":\"search_term_string\"}}],\"inLanguage\":\"en-GB\"},{\"@type\":\"Organization\",\"@id\":\"https:\\\/\\\/noltekeukens.nl\\\/#organization\",\"name\":\"Nolte keukens Offici\u00eble website\",\"url\":\"https:\\\/\\\/noltekeukens.nl\\\/\",\"logo\":{\"@type\":\"ImageObject\",\"inLanguage\":\"en-GB\",\"@id\":\"https:\\\/\\\/noltekeukens.nl\\\/#\\\/schema\\\/logo\\\/image\\\/\",\"url\":\"https:\\\/\\\/noltekeukens.nl\\\/wp-content\\\/uploads\\\/2022\\\/07\\\/Logo-nolte-zwart-1.png\",\"contentUrl\":\"https:\\\/\\\/noltekeukens.nl\\\/wp-content\\\/uploads\\\/2022\\\/07\\\/Logo-nolte-zwart-1.png\",\"width\":1063,\"height\":252,\"caption\":\"Nolte keukens Offici\u00eble website\"},\"image\":{\"@id\":\"https:\\\/\\\/noltekeukens.nl\\\/#\\\/schema\\\/logo\\\/image\\\/\"},\"sameAs\":[\"https:\\\/\\\/www.facebook.com\\\/noltekeukens\"]}]}<\/script>\n<!-- \/ Yoast SEO plugin. -->","yoast_head_json":{"title":"Mijn Nolte-keuken - Nolte keukens Offici\u00eble website","robots":{"index":"index","follow":"follow","max-snippet":"max-snippet:-1","max-image-preview":"max-image-preview:large","max-video-preview":"max-video-preview:-1"},"canonical":"https:\/\/noltekeukens.nl\/en\/mijn-nolte-keuken\/","og_locale":"en_GB","og_type":"article","og_title":"Mijn Nolte-keuken - Nolte keukens Offici\u00eble website","og_description":"Bekijk hier de status van uw keuken Referentienummer: Wachtwoord:","og_url":"https:\/\/noltekeukens.nl\/en\/mijn-nolte-keuken\/","og_site_name":"Nolte keukens Offici\u00eble website","article_publisher":"https:\/\/www.facebook.com\/noltekeukens","article_modified_time":"2026-01-26T13:59:08+00:00","twitter_card":"summary_large_image","schema":{"@context":"https:\/\/schema.org","@graph":[{"@type":"WebPage","@id":"https:\/\/noltekeukens.nl\/mijn-nolte-keuken\/","url":"https:\/\/noltekeukens.nl\/mijn-nolte-keuken\/","name":"Mijn Nolte-keuken - Nolte keukens Offici\u00eble website","isPartOf":{"@id":"https:\/\/noltekeukens.nl\/#website"},"datePublished":"2022-07-13T13:56:30+00:00","dateModified":"2026-01-26T13:59:08+00:00","breadcrumb":{"@id":"https:\/\/noltekeukens.nl\/mijn-nolte-keuken\/#breadcrumb"},"inLanguage":"en-GB","potentialAction":[{"@type":"ReadAction","target":["https:\/\/noltekeukens.nl\/mijn-nolte-keuken\/"]}]},{"@type":"BreadcrumbList","@id":"https:\/\/noltekeukens.nl\/mijn-nolte-keuken\/#breadcrumb","itemListElement":[{"@type":"ListItem","position":1,"name":"Home","item":"https:\/\/noltekeukens.nl\/"},{"@type":"ListItem","position":2,"name":"Mijn Nolte-keuken"}]},{"@type":"WebSite","@id":"https:\/\/noltekeukens.nl\/#website","url":"https:\/\/noltekeukens.nl\/","name":"Nolte keukens Offici\u00eble website","description":"Ontdek de grootste Nolte collectie bij de offici\u00eble Nolte K\u00fcchen brandstores van Nederland.","publisher":{"@id":"https:\/\/noltekeukens.nl\/#organization"},"potentialAction":[{"@type":"SearchAction","target":{"@type":"EntryPoint","urlTemplate":"https:\/\/noltekeukens.nl\/?s={search_term_string}"},"query-input":{"@type":"PropertyValueSpecification","valueRequired":true,"valueName":"search_term_string"}}],"inLanguage":"en-GB"},{"@type":"Organization","@id":"https:\/\/noltekeukens.nl\/#organization","name":"Nolte keukens Offici\u00eble website","url":"https:\/\/noltekeukens.nl\/","logo":{"@type":"ImageObject","inLanguage":"en-GB","@id":"https:\/\/noltekeukens.nl\/#\/schema\/logo\/image\/","url":"https:\/\/noltekeukens.nl\/wp-content\/uploads\/2022\/07\/Logo-nolte-zwart-1.png","contentUrl":"https:\/\/noltekeukens.nl\/wp-content\/uploads\/2022\/07\/Logo-nolte-zwart-1.png","width":1063,"height":252,"caption":"Nolte keukens Offici\u00eble website"},"image":{"@id":"https:\/\/noltekeukens.nl\/#\/schema\/logo\/image\/"},"sameAs":["https:\/\/www.facebook.com\/noltekeukens"]}]}},"_links":{"self":[{"href":"https:\/\/noltekeukens.nl\/en\/wp-json\/wp\/v2\/pages\/59","targetHints":{"allow":["GET"]}}],"collection":[{"href":"https:\/\/noltekeukens.nl\/en\/wp-json\/wp\/v2\/pages"}],"about":[{"href":"https:\/\/noltekeukens.nl\/en\/wp-json\/wp\/v2\/types\/page"}],"author":[{"embeddable":true,"href":"https:\/\/noltekeukens.nl\/en\/wp-json\/wp\/v2\/users\/2"}],"replies":[{"embeddable":true,"href":"https:\/\/noltekeukens.nl\/en\/wp-json\/wp\/v2\/comments?post=59"}],"version-history":[{"count":13,"href":"https:\/\/noltekeukens.nl\/en\/wp-json\/wp\/v2\/pages\/59\/revisions"}],"predecessor-version":[{"id":15332,"href":"https:\/\/noltekeukens.nl\/en\/wp-json\/wp\/v2\/pages\/59\/revisions\/15332"}],"wp:attachment":[{"href":"https:\/\/noltekeukens.nl\/en\/wp-json\/wp\/v2\/media?parent=59"}],"curies":[{"name":"wp","href":"https:\/\/api.w.org\/{rel}","templated":true}]}}