{"id":4865,"date":"2022-09-02T09:46:27","date_gmt":"2022-09-02T09:46:27","guid":{"rendered":"https:\/\/nolte.vormfactor.com\/?page_id=4865"},"modified":"2022-09-02T10:28:29","modified_gmt":"2022-09-02T10:28:29","slug":"disclaimer","status":"publish","type":"page","link":"https:\/\/noltekeukens.nl\/en\/disclaimer\/","title":{"rendered":"Disclaimer"},"content":{"rendered":"<div data-elementor-type=\"wp-page\" data-elementor-id=\"4865\" class=\"elementor elementor-4865\" data-elementor-post-type=\"page\">\n\t\t\t\t\t\t<section class=\"elementor-section elementor-top-section elementor-element elementor-element-eafe7c2 elementor-section-boxed elementor-section-height-default elementor-section-height-default\" data-id=\"eafe7c2\" data-element_type=\"section\" data-e-type=\"section\">\n\t\t\t\t\t\t<div class=\"elementor-container elementor-column-gap-default\">\n\t\t\t\t\t<div class=\"elementor-column elementor-col-50 elementor-top-column elementor-element elementor-element-18f21e1\" data-id=\"18f21e1\" data-element_type=\"column\" data-e-type=\"column\" data-settings=\"{&quot;background_background&quot;:&quot;classic&quot;}\">\n\t\t\t<div class=\"elementor-widget-wrap elementor-element-populated\">\n\t\t\t\t\t\t<div class=\"elementor-element elementor-element-5a83b13 elementor-icon-list--layout-traditional elementor-list-item-link-full_width elementor-widget elementor-widget-icon-list\" data-id=\"5a83b13\" data-element_type=\"widget\" data-e-type=\"widget\" data-widget_type=\"icon-list.default\">\n\t\t\t\t<div class=\"elementor-widget-container\">\n\t\t\t\t\t\t\t<ul class=\"elementor-icon-list-items\">\n\t\t\t\t\t\t\t<li class=\"elementor-icon-list-item\">\n\t\t\t\t\t\t\t\t\t\t\t<a href=\"https:\/\/noltekeukens.nl\/en\/disclaimer\/\">\n\n\t\t\t\t\t\t\t\t\t\t\t<span class=\"elementor-icon-list-text\">Disclaimer<\/span>\n\t\t\t\t\t\t\t\t\t\t\t<\/a>\n\t\t\t\t\t\t\t\t\t<\/li>\n\t\t\t\t\t\t\t\t<li class=\"elementor-icon-list-item\">\n\t\t\t\t\t\t\t\t\t\t\t<a href=\"https:\/\/noltekeukens.nl\/en\/privacy\/\">\n\n\t\t\t\t\t\t\t\t\t\t\t<span class=\"elementor-icon-list-text\">Privacy<\/span>\n\t\t\t\t\t\t\t\t\t\t\t<\/a>\n\t\t\t\t\t\t\t\t\t<\/li>\n\t\t\t\t\t\t\t\t<li class=\"elementor-icon-list-item\">\n\t\t\t\t\t\t\t\t\t\t\t<a href=\"https:\/\/noltekeukens.nl\/en\/cookies\/\">\n\n\t\t\t\t\t\t\t\t\t\t\t<span class=\"elementor-icon-list-text\">Cookies<\/span>\n\t\t\t\t\t\t\t\t\t\t\t<\/a>\n\t\t\t\t\t\t\t\t\t<\/li>\n\t\t\t\t\t\t<\/ul>\n\t\t\t\t\t\t<\/div>\n\t\t\t\t<\/div>\n\t\t\t\t\t<\/div>\n\t\t<\/div>\n\t\t\t\t<div class=\"elementor-column elementor-col-50 elementor-top-column elementor-element elementor-element-a758319\" data-id=\"a758319\" data-element_type=\"column\" data-e-type=\"column\">\n\t\t\t<div class=\"elementor-widget-wrap elementor-element-populated\">\n\t\t\t\t\t\t<div class=\"elementor-element elementor-element-6a451e0 elementor-widget elementor-widget-heading\" data-id=\"6a451e0\" data-element_type=\"widget\" data-e-type=\"widget\" data-widget_type=\"heading.default\">\n\t\t\t\t<div class=\"elementor-widget-container\">\n\t\t\t\t\t<h2 class=\"elementor-heading-title elementor-size-default\">Disclaimer<\/h2>\t\t\t\t<\/div>\n\t\t\t\t<\/div>\n\t\t\t\t<div class=\"elementor-element elementor-element-6f70ef4 elementor-widget elementor-widget-text-editor\" data-id=\"6f70ef4\" data-element_type=\"widget\" data-e-type=\"widget\" data-widget_type=\"text-editor.default\">\n\t\t\t\t<div class=\"elementor-widget-container\">\n\t\t\t\t\t\t\t\t\t<p>Nolte keukens is onderdeel van (bedrijfsnaam) in &#8230;&#8230;&#8230; Geregistreerd onder Kamer van Koophandel nummer: &#8230;&#8230;. Voor vragen over deze webshop kunt u contact opnemen met onze klantenservice via info@noltekeukens.nl. Wij staan u graag te woord.<\/p><p><strong>Liability<\/strong><br \/>The content of this webshop has been compiled with the utmost care; however, it is possible that some information may be incorrect or incomplete. Nolte keukens is not liable for obvious typographical errors on this or any other websites managed by Nolte keukens. Any typographical, printing, or layout errors will be corrected as soon as possible. Nolte keukens also reserves the right to modify the content and\/or remove sections at any time without prior notice.<\/p><p><strong>Copyright<\/strong><br \/>Nothing from the texts or graphical elements may be made public, reproduced, distributed, or provided to third parties, except with the express written consent of Nolte keukens. Any such consent can be obtained via the contact details above.<\/p><p>This disclaimer may be amended at any time without prior notice.\u00a0<\/p>\t\t\t\t\t\t\t\t<\/div>\n\t\t\t\t<\/div>\n\t\t\t\t\t<\/div>\n\t\t<\/div>\n\t\t\t\t\t<\/div>\n\t\t<\/section>\n\t\t\t\t<\/div>","protected":false},"excerpt":{"rendered":"<p>Disclaimer Privacy Cookies Disclaimer Nolte keukens is onderdeel van (bedrijfsnaam) in &#8230;&#8230;&#8230; Geregistreerd onder Kamer van Koophandel nummer: &#8230;&#8230;. Voor vragen over deze webshop kunt u contact opnemen met onze klantenservice via info@noltekeukens.nl. Wij staan u graag te woord. AansprakelijkheidDe inhoud van deze webshop is met de grootste zorgvuldigheid samengesteld, toch kan het voorkomen dat [&hellip;]<\/p>\n","protected":false},"author":2,"featured_media":0,"parent":0,"menu_order":0,"comment_status":"closed","ping_status":"closed","template":"elementor_header_footer","meta":{"footnotes":""},"class_list":["post-4865","page","type-page","status-publish","hentry"],"yoast_head":"<!-- This site is optimized with the Yoast SEO plugin v27.3 - https:\/\/yoast.com\/product\/yoast-seo-wordpress\/ -->\n<title>Disclaimer - Nolte keukens Offici\u00eble website<\/title>\n<meta name=\"robots\" content=\"index, follow, max-snippet:-1, max-image-preview:large, max-video-preview:-1\" \/>\n<link rel=\"canonical\" href=\"https:\/\/noltekeukens.nl\/en\/disclaimer\/\" \/>\n<meta property=\"og:locale\" content=\"en_GB\" \/>\n<meta property=\"og:type\" content=\"article\" \/>\n<meta property=\"og:title\" content=\"Disclaimer - Nolte keukens Offici\u00eble website\" \/>\n<meta property=\"og:description\" content=\"Disclaimer Privacy Cookies Disclaimer Nolte keukens is onderdeel van (bedrijfsnaam) in &#8230;&#8230;&#8230; Geregistreerd onder Kamer van Koophandel nummer: &#8230;&#8230;. Voor vragen over deze webshop kunt u contact opnemen met onze klantenservice via info@noltekeukens.nl. Wij staan u graag te woord. AansprakelijkheidDe inhoud van deze webshop is met de grootste zorgvuldigheid samengesteld, toch kan het voorkomen dat [&hellip;]\" \/>\n<meta property=\"og:url\" content=\"https:\/\/noltekeukens.nl\/en\/disclaimer\/\" \/>\n<meta property=\"og:site_name\" content=\"Nolte keukens Offici\u00eble website\" \/>\n<meta property=\"article:publisher\" content=\"https:\/\/www.facebook.com\/noltekeukens\" \/>\n<meta property=\"article:modified_time\" content=\"2022-09-02T10:28:29+00:00\" \/>\n<meta name=\"twitter:card\" content=\"summary_large_image\" \/>\n<script type=\"application\/ld+json\" class=\"yoast-schema-graph\">{\"@context\":\"https:\\\/\\\/schema.org\",\"@graph\":[{\"@type\":\"WebPage\",\"@id\":\"https:\\\/\\\/noltekeukens.nl\\\/disclaimer\\\/\",\"url\":\"https:\\\/\\\/noltekeukens.nl\\\/disclaimer\\\/\",\"name\":\"Disclaimer - Nolte keukens Offici\u00eble website\",\"isPartOf\":{\"@id\":\"https:\\\/\\\/noltekeukens.nl\\\/#website\"},\"datePublished\":\"2022-09-02T09:46:27+00:00\",\"dateModified\":\"2022-09-02T10:28:29+00:00\",\"breadcrumb\":{\"@id\":\"https:\\\/\\\/noltekeukens.nl\\\/disclaimer\\\/#breadcrumb\"},\"inLanguage\":\"en-GB\",\"potentialAction\":[{\"@type\":\"ReadAction\",\"target\":[\"https:\\\/\\\/noltekeukens.nl\\\/disclaimer\\\/\"]}]},{\"@type\":\"BreadcrumbList\",\"@id\":\"https:\\\/\\\/noltekeukens.nl\\\/disclaimer\\\/#breadcrumb\",\"itemListElement\":[{\"@type\":\"ListItem\",\"position\":1,\"name\":\"Home\",\"item\":\"https:\\\/\\\/noltekeukens.nl\\\/\"},{\"@type\":\"ListItem\",\"position\":2,\"name\":\"Disclaimer\"}]},{\"@type\":\"WebSite\",\"@id\":\"https:\\\/\\\/noltekeukens.nl\\\/#website\",\"url\":\"https:\\\/\\\/noltekeukens.nl\\\/\",\"name\":\"Nolte keukens Offici\u00eble website\",\"description\":\"Ontdek de grootste Nolte collectie bij de offici\u00eble Nolte K\u00fcchen brandstores van Nederland.\",\"publisher\":{\"@id\":\"https:\\\/\\\/noltekeukens.nl\\\/#organization\"},\"potentialAction\":[{\"@type\":\"SearchAction\",\"target\":{\"@type\":\"EntryPoint\",\"urlTemplate\":\"https:\\\/\\\/noltekeukens.nl\\\/?s={search_term_string}\"},\"query-input\":{\"@type\":\"PropertyValueSpecification\",\"valueRequired\":true,\"valueName\":\"search_term_string\"}}],\"inLanguage\":\"en-GB\"},{\"@type\":\"Organization\",\"@id\":\"https:\\\/\\\/noltekeukens.nl\\\/#organization\",\"name\":\"Nolte keukens Offici\u00eble website\",\"url\":\"https:\\\/\\\/noltekeukens.nl\\\/\",\"logo\":{\"@type\":\"ImageObject\",\"inLanguage\":\"en-GB\",\"@id\":\"https:\\\/\\\/noltekeukens.nl\\\/#\\\/schema\\\/logo\\\/image\\\/\",\"url\":\"https:\\\/\\\/noltekeukens.nl\\\/wp-content\\\/uploads\\\/2022\\\/07\\\/Logo-nolte-zwart-1.png\",\"contentUrl\":\"https:\\\/\\\/noltekeukens.nl\\\/wp-content\\\/uploads\\\/2022\\\/07\\\/Logo-nolte-zwart-1.png\",\"width\":1063,\"height\":252,\"caption\":\"Nolte keukens Offici\u00eble website\"},\"image\":{\"@id\":\"https:\\\/\\\/noltekeukens.nl\\\/#\\\/schema\\\/logo\\\/image\\\/\"},\"sameAs\":[\"https:\\\/\\\/www.facebook.com\\\/noltekeukens\"]}]}<\/script>\n<!-- \/ Yoast SEO plugin. -->","yoast_head_json":{"title":"Disclaimer - Nolte keukens Offici\u00eble website","robots":{"index":"index","follow":"follow","max-snippet":"max-snippet:-1","max-image-preview":"max-image-preview:large","max-video-preview":"max-video-preview:-1"},"canonical":"https:\/\/noltekeukens.nl\/en\/disclaimer\/","og_locale":"en_GB","og_type":"article","og_title":"Disclaimer - Nolte keukens Offici\u00eble website","og_description":"Disclaimer Privacy Cookies Disclaimer Nolte keukens is onderdeel van (bedrijfsnaam) in &#8230;&#8230;&#8230; Geregistreerd onder Kamer van Koophandel nummer: &#8230;&#8230;. Voor vragen over deze webshop kunt u contact opnemen met onze klantenservice via info@noltekeukens.nl. Wij staan u graag te woord. AansprakelijkheidDe inhoud van deze webshop is met de grootste zorgvuldigheid samengesteld, toch kan het voorkomen dat [&hellip;]","og_url":"https:\/\/noltekeukens.nl\/en\/disclaimer\/","og_site_name":"Nolte keukens Offici\u00eble website","article_publisher":"https:\/\/www.facebook.com\/noltekeukens","article_modified_time":"2022-09-02T10:28:29+00:00","twitter_card":"summary_large_image","schema":{"@context":"https:\/\/schema.org","@graph":[{"@type":"WebPage","@id":"https:\/\/noltekeukens.nl\/disclaimer\/","url":"https:\/\/noltekeukens.nl\/disclaimer\/","name":"Disclaimer - Nolte keukens Offici\u00eble website","isPartOf":{"@id":"https:\/\/noltekeukens.nl\/#website"},"datePublished":"2022-09-02T09:46:27+00:00","dateModified":"2022-09-02T10:28:29+00:00","breadcrumb":{"@id":"https:\/\/noltekeukens.nl\/disclaimer\/#breadcrumb"},"inLanguage":"en-GB","potentialAction":[{"@type":"ReadAction","target":["https:\/\/noltekeukens.nl\/disclaimer\/"]}]},{"@type":"BreadcrumbList","@id":"https:\/\/noltekeukens.nl\/disclaimer\/#breadcrumb","itemListElement":[{"@type":"ListItem","position":1,"name":"Home","item":"https:\/\/noltekeukens.nl\/"},{"@type":"ListItem","position":2,"name":"Disclaimer"}]},{"@type":"WebSite","@id":"https:\/\/noltekeukens.nl\/#website","url":"https:\/\/noltekeukens.nl\/","name":"Nolte keukens Offici\u00eble website","description":"Ontdek de grootste Nolte collectie bij de offici\u00eble Nolte K\u00fcchen brandstores van Nederland.","publisher":{"@id":"https:\/\/noltekeukens.nl\/#organization"},"potentialAction":[{"@type":"SearchAction","target":{"@type":"EntryPoint","urlTemplate":"https:\/\/noltekeukens.nl\/?s={search_term_string}"},"query-input":{"@type":"PropertyValueSpecification","valueRequired":true,"valueName":"search_term_string"}}],"inLanguage":"en-GB"},{"@type":"Organization","@id":"https:\/\/noltekeukens.nl\/#organization","name":"Nolte keukens Offici\u00eble website","url":"https:\/\/noltekeukens.nl\/","logo":{"@type":"ImageObject","inLanguage":"en-GB","@id":"https:\/\/noltekeukens.nl\/#\/schema\/logo\/image\/","url":"https:\/\/noltekeukens.nl\/wp-content\/uploads\/2022\/07\/Logo-nolte-zwart-1.png","contentUrl":"https:\/\/noltekeukens.nl\/wp-content\/uploads\/2022\/07\/Logo-nolte-zwart-1.png","width":1063,"height":252,"caption":"Nolte keukens Offici\u00eble website"},"image":{"@id":"https:\/\/noltekeukens.nl\/#\/schema\/logo\/image\/"},"sameAs":["https:\/\/www.facebook.com\/noltekeukens"]}]}},"_links":{"self":[{"href":"https:\/\/noltekeukens.nl\/en\/wp-json\/wp\/v2\/pages\/4865","targetHints":{"allow":["GET"]}}],"collection":[{"href":"https:\/\/noltekeukens.nl\/en\/wp-json\/wp\/v2\/pages"}],"about":[{"href":"https:\/\/noltekeukens.nl\/en\/wp-json\/wp\/v2\/types\/page"}],"author":[{"embeddable":true,"href":"https:\/\/noltekeukens.nl\/en\/wp-json\/wp\/v2\/users\/2"}],"replies":[{"embeddable":true,"href":"https:\/\/noltekeukens.nl\/en\/wp-json\/wp\/v2\/comments?post=4865"}],"version-history":[{"count":13,"href":"https:\/\/noltekeukens.nl\/en\/wp-json\/wp\/v2\/pages\/4865\/revisions"}],"predecessor-version":[{"id":4909,"href":"https:\/\/noltekeukens.nl\/en\/wp-json\/wp\/v2\/pages\/4865\/revisions\/4909"}],"wp:attachment":[{"href":"https:\/\/noltekeukens.nl\/en\/wp-json\/wp\/v2\/media?parent=4865"}],"curies":[{"name":"wp","href":"https:\/\/api.w.org\/{rel}","templated":true}]}}