{"id":483,"date":"2022-07-14T14:53:47","date_gmt":"2022-07-14T14:53:47","guid":{"rendered":"http:\/\/nolte.vormfactor.com\/?page_id=483"},"modified":"2022-09-30T14:37:55","modified_gmt":"2022-09-30T14:37:55","slug":"kleurstalenbestellen","status":"publish","type":"page","link":"https:\/\/noltekeukens.nl\/en\/kleurstalenbestellen\/","title":{"rendered":"Order colour samples"},"content":{"rendered":"<style>\/*! elementor - v3.7.1 - 14-08-2022 *\/<br \/>\n.elementor-heading-title{padding:0;margin:0;line-height:1}.elementor-widget-heading .elementor-heading-title[class*=elementor-size-]>a{color:inherit;font-size:inherit;line-height:inherit}.elementor-widget-heading .elementor-heading-title.elementor-size-small{font-size:15px}.elementor-widget-heading .elementor-heading-title.elementor-size-medium{font-size:19px}.elementor-widget-heading .elementor-heading-title.elementor-size-large{font-size:29px}.elementor-widget-heading .elementor-heading-title.elementor-size-xl{font-size:39px}.elementor-widget-heading .elementor-heading-title.elementor-size-xxl{font-size:59px}<\/style>\n<h2>Kleurstalen<\/h2>\n<h4><strong>Bestel uw kleurstalen<\/strong><\/h4>\n<p>U kunt kiezen uit maximaal twee fronten en \u00e9\u00e9n werkbladstaal. De kleurstalen zijn gratis, het enige wat u betaald zijn de verzendkosten t.w.v. \u20ac 3,95.<\/p>\n<div class=\"woocommerce columns-2\"><ul class=\"products columns-2\">\n<li class=\"product-category product first\">\n\t<a aria-label=\"Visit product category Werkbladen\" href=\"https:\/\/noltekeukens.nl\/en\/product-category\/werkbladen\/\"><img fetchpriority=\"high\" decoding=\"async\" src=\"https:\/\/noltekeukens.nl\/wp-content\/uploads\/2022\/08\/NK31733_M51___Marmor_Imperiale-300x300.jpg\" alt=\"Werkbladen\" width=\"300\" height=\"300\" srcset=\"https:\/\/noltekeukens.nl\/wp-content\/uploads\/2022\/08\/NK31733_M51___Marmor_Imperiale-300x300.jpg 300w, https:\/\/noltekeukens.nl\/wp-content\/uploads\/2022\/08\/NK31733_M51___Marmor_Imperiale-150x150.jpg 150w, https:\/\/noltekeukens.nl\/wp-content\/uploads\/2022\/08\/NK31733_M51___Marmor_Imperiale-100x100.jpg 100w\" sizes=\"(max-width: 300px) 100vw, 300px\" \/>\t\t<h2 class=\"woocommerce-loop-category__title\">\n\t\t\tWerkbladen <mark class=\"count\">(40)<\/mark>\t\t<\/h2>\n\t\t<\/a><\/li>\n<li class=\"product-category product last\">\n\t<a aria-label=\"Visit product category fronten\" href=\"https:\/\/noltekeukens.nl\/en\/product-category\/fronten\/\"><img decoding=\"async\" src=\"https:\/\/noltekeukens.nl\/wp-content\/uploads\/2023\/12\/Front-NK30339-neoLODGE-Eiche-Diamant-300x300.jpg\" alt=\"fronten\" width=\"300\" height=\"300\" srcset=\"https:\/\/noltekeukens.nl\/wp-content\/uploads\/2023\/12\/Front-NK30339-neoLODGE-Eiche-Diamant-300x300.jpg 300w, https:\/\/noltekeukens.nl\/wp-content\/uploads\/2023\/12\/Front-NK30339-neoLODGE-Eiche-Diamant-150x150.jpg 150w, https:\/\/noltekeukens.nl\/wp-content\/uploads\/2023\/12\/Front-NK30339-neoLODGE-Eiche-Diamant-100x100.jpg 100w\" sizes=\"(max-width: 300px) 100vw, 300px\" \/>\t\t<h2 class=\"woocommerce-loop-category__title\">\n\t\t\tfronten <mark class=\"count\">(207)<\/mark>\t\t<\/h2>\n\t\t<\/a><\/li>\n<\/ul>\n<\/div>\n","protected":false},"excerpt":{"rendered":"<p>Kleurstalen Bestel uw kleurstalen U kunt kiezen uit maximaal twee fronten en \u00e9\u00e9n werkbladstaal. De kleurstalen zijn gratis, het enige wat u betaald zijn de verzendkosten t.w.v. \u20ac 3,95.<\/p>","protected":false},"author":2,"featured_media":0,"parent":0,"menu_order":0,"comment_status":"closed","ping_status":"closed","template":"elementor_header_footer","meta":{"footnotes":""},"class_list":["post-483","page","type-page","status-publish","hentry"],"yoast_head":"<!-- This site is optimized with the Yoast SEO plugin v27.4 - https:\/\/yoast.com\/product\/yoast-seo-wordpress\/ -->\n<title>Kleurstalen bestellen - Nolte keukens Offici\u00eble website<\/title>\n<meta name=\"robots\" content=\"index, follow, max-snippet:-1, max-image-preview:large, max-video-preview:-1\" \/>\n<link rel=\"canonical\" href=\"https:\/\/noltekeukens.nl\/en\/kleurstalenbestellen\/\" \/>\n<meta property=\"og:locale\" content=\"en_GB\" \/>\n<meta property=\"og:type\" content=\"article\" \/>\n<meta property=\"og:title\" content=\"Kleurstalen bestellen - Nolte keukens Offici\u00eble website\" \/>\n<meta property=\"og:description\" content=\"Kleurstalen Bestel uw kleurstalen U kunt kiezen uit maximaal twee fronten en \u00e9\u00e9n werkbladstaal. De kleurstalen zijn gratis, het enige wat u betaald zijn de verzendkosten t.w.v. \u20ac 3,95.\" \/>\n<meta property=\"og:url\" content=\"https:\/\/noltekeukens.nl\/en\/kleurstalenbestellen\/\" \/>\n<meta property=\"og:site_name\" content=\"Nolte keukens Offici\u00eble website\" \/>\n<meta property=\"article:publisher\" content=\"https:\/\/www.facebook.com\/noltekeukens\" \/>\n<meta property=\"article:modified_time\" content=\"2022-09-30T14:37:55+00:00\" \/>\n<meta name=\"twitter:card\" content=\"summary_large_image\" \/>\n<script type=\"application\/ld+json\" class=\"yoast-schema-graph\">{\"@context\":\"https:\\\/\\\/schema.org\",\"@graph\":[{\"@type\":\"WebPage\",\"@id\":\"https:\\\/\\\/noltekeukens.nl\\\/kleurstalenbestellen\\\/\",\"url\":\"https:\\\/\\\/noltekeukens.nl\\\/kleurstalenbestellen\\\/\",\"name\":\"Kleurstalen bestellen - Nolte keukens Offici\u00eble website\",\"isPartOf\":{\"@id\":\"https:\\\/\\\/noltekeukens.nl\\\/#website\"},\"datePublished\":\"2022-07-14T14:53:47+00:00\",\"dateModified\":\"2022-09-30T14:37:55+00:00\",\"breadcrumb\":{\"@id\":\"https:\\\/\\\/noltekeukens.nl\\\/kleurstalenbestellen\\\/#breadcrumb\"},\"inLanguage\":\"en-GB\",\"potentialAction\":[{\"@type\":\"ReadAction\",\"target\":[\"https:\\\/\\\/noltekeukens.nl\\\/kleurstalenbestellen\\\/\"]}]},{\"@type\":\"BreadcrumbList\",\"@id\":\"https:\\\/\\\/noltekeukens.nl\\\/kleurstalenbestellen\\\/#breadcrumb\",\"itemListElement\":[{\"@type\":\"ListItem\",\"position\":1,\"name\":\"Home\",\"item\":\"https:\\\/\\\/noltekeukens.nl\\\/\"},{\"@type\":\"ListItem\",\"position\":2,\"name\":\"Kleurstalen bestellen\"}]},{\"@type\":\"WebSite\",\"@id\":\"https:\\\/\\\/noltekeukens.nl\\\/#website\",\"url\":\"https:\\\/\\\/noltekeukens.nl\\\/\",\"name\":\"Nolte keukens Offici\u00eble website\",\"description\":\"Ontdek de grootste Nolte collectie bij de offici\u00eble Nolte K\u00fcchen brandstores van Nederland.\",\"publisher\":{\"@id\":\"https:\\\/\\\/noltekeukens.nl\\\/#organization\"},\"potentialAction\":[{\"@type\":\"SearchAction\",\"target\":{\"@type\":\"EntryPoint\",\"urlTemplate\":\"https:\\\/\\\/noltekeukens.nl\\\/?s={search_term_string}\"},\"query-input\":{\"@type\":\"PropertyValueSpecification\",\"valueRequired\":true,\"valueName\":\"search_term_string\"}}],\"inLanguage\":\"en-GB\"},{\"@type\":\"Organization\",\"@id\":\"https:\\\/\\\/noltekeukens.nl\\\/#organization\",\"name\":\"Nolte keukens Offici\u00eble website\",\"url\":\"https:\\\/\\\/noltekeukens.nl\\\/\",\"logo\":{\"@type\":\"ImageObject\",\"inLanguage\":\"en-GB\",\"@id\":\"https:\\\/\\\/noltekeukens.nl\\\/#\\\/schema\\\/logo\\\/image\\\/\",\"url\":\"https:\\\/\\\/noltekeukens.nl\\\/wp-content\\\/uploads\\\/2022\\\/07\\\/Logo-nolte-zwart-1.png\",\"contentUrl\":\"https:\\\/\\\/noltekeukens.nl\\\/wp-content\\\/uploads\\\/2022\\\/07\\\/Logo-nolte-zwart-1.png\",\"width\":1063,\"height\":252,\"caption\":\"Nolte keukens Offici\u00eble website\"},\"image\":{\"@id\":\"https:\\\/\\\/noltekeukens.nl\\\/#\\\/schema\\\/logo\\\/image\\\/\"},\"sameAs\":[\"https:\\\/\\\/www.facebook.com\\\/noltekeukens\"]}]}<\/script>\n<!-- \/ Yoast SEO plugin. -->","yoast_head_json":{"title":"Kleurstalen bestellen - Nolte keukens Offici\u00eble website","robots":{"index":"index","follow":"follow","max-snippet":"max-snippet:-1","max-image-preview":"max-image-preview:large","max-video-preview":"max-video-preview:-1"},"canonical":"https:\/\/noltekeukens.nl\/en\/kleurstalenbestellen\/","og_locale":"en_GB","og_type":"article","og_title":"Kleurstalen bestellen - Nolte keukens Offici\u00eble website","og_description":"Kleurstalen Bestel uw kleurstalen U kunt kiezen uit maximaal twee fronten en \u00e9\u00e9n werkbladstaal. De kleurstalen zijn gratis, het enige wat u betaald zijn de verzendkosten t.w.v. \u20ac 3,95.","og_url":"https:\/\/noltekeukens.nl\/en\/kleurstalenbestellen\/","og_site_name":"Nolte keukens Offici\u00eble website","article_publisher":"https:\/\/www.facebook.com\/noltekeukens","article_modified_time":"2022-09-30T14:37:55+00:00","twitter_card":"summary_large_image","schema":{"@context":"https:\/\/schema.org","@graph":[{"@type":"WebPage","@id":"https:\/\/noltekeukens.nl\/kleurstalenbestellen\/","url":"https:\/\/noltekeukens.nl\/kleurstalenbestellen\/","name":"Kleurstalen bestellen - Nolte keukens Offici\u00eble website","isPartOf":{"@id":"https:\/\/noltekeukens.nl\/#website"},"datePublished":"2022-07-14T14:53:47+00:00","dateModified":"2022-09-30T14:37:55+00:00","breadcrumb":{"@id":"https:\/\/noltekeukens.nl\/kleurstalenbestellen\/#breadcrumb"},"inLanguage":"en-GB","potentialAction":[{"@type":"ReadAction","target":["https:\/\/noltekeukens.nl\/kleurstalenbestellen\/"]}]},{"@type":"BreadcrumbList","@id":"https:\/\/noltekeukens.nl\/kleurstalenbestellen\/#breadcrumb","itemListElement":[{"@type":"ListItem","position":1,"name":"Home","item":"https:\/\/noltekeukens.nl\/"},{"@type":"ListItem","position":2,"name":"Kleurstalen bestellen"}]},{"@type":"WebSite","@id":"https:\/\/noltekeukens.nl\/#website","url":"https:\/\/noltekeukens.nl\/","name":"Nolte keukens Offici\u00eble website","description":"Ontdek de grootste Nolte collectie bij de offici\u00eble Nolte K\u00fcchen brandstores van Nederland.","publisher":{"@id":"https:\/\/noltekeukens.nl\/#organization"},"potentialAction":[{"@type":"SearchAction","target":{"@type":"EntryPoint","urlTemplate":"https:\/\/noltekeukens.nl\/?s={search_term_string}"},"query-input":{"@type":"PropertyValueSpecification","valueRequired":true,"valueName":"search_term_string"}}],"inLanguage":"en-GB"},{"@type":"Organization","@id":"https:\/\/noltekeukens.nl\/#organization","name":"Nolte keukens Offici\u00eble website","url":"https:\/\/noltekeukens.nl\/","logo":{"@type":"ImageObject","inLanguage":"en-GB","@id":"https:\/\/noltekeukens.nl\/#\/schema\/logo\/image\/","url":"https:\/\/noltekeukens.nl\/wp-content\/uploads\/2022\/07\/Logo-nolte-zwart-1.png","contentUrl":"https:\/\/noltekeukens.nl\/wp-content\/uploads\/2022\/07\/Logo-nolte-zwart-1.png","width":1063,"height":252,"caption":"Nolte keukens Offici\u00eble website"},"image":{"@id":"https:\/\/noltekeukens.nl\/#\/schema\/logo\/image\/"},"sameAs":["https:\/\/www.facebook.com\/noltekeukens"]}]}},"_links":{"self":[{"href":"https:\/\/noltekeukens.nl\/en\/wp-json\/wp\/v2\/pages\/483","targetHints":{"allow":["GET"]}}],"collection":[{"href":"https:\/\/noltekeukens.nl\/en\/wp-json\/wp\/v2\/pages"}],"about":[{"href":"https:\/\/noltekeukens.nl\/en\/wp-json\/wp\/v2\/types\/page"}],"author":[{"embeddable":true,"href":"https:\/\/noltekeukens.nl\/en\/wp-json\/wp\/v2\/users\/2"}],"replies":[{"embeddable":true,"href":"https:\/\/noltekeukens.nl\/en\/wp-json\/wp\/v2\/comments?post=483"}],"version-history":[{"count":38,"href":"https:\/\/noltekeukens.nl\/en\/wp-json\/wp\/v2\/pages\/483\/revisions"}],"predecessor-version":[{"id":6282,"href":"https:\/\/noltekeukens.nl\/en\/wp-json\/wp\/v2\/pages\/483\/revisions\/6282"}],"wp:attachment":[{"href":"https:\/\/noltekeukens.nl\/en\/wp-json\/wp\/v2\/media?parent=483"}],"curies":[{"name":"wp","href":"https:\/\/api.w.org\/{rel}","templated":true}]}}