{"id":4472,"date":"2022-08-25T13:47:13","date_gmt":"2022-08-25T13:47:13","guid":{"rendered":"https:\/\/nolte.vormfactor.com\/?page_id=4472"},"modified":"2022-08-25T14:16:45","modified_gmt":"2022-08-25T14:16:45","slug":"smeg","status":"publish","type":"page","link":"https:\/\/noltekeukens.nl\/en\/smeg\/","title":{"rendered":"Smeg"},"content":{"rendered":"<div data-elementor-type=\"wp-page\" data-elementor-id=\"4472\" class=\"elementor elementor-4472\" data-elementor-post-type=\"page\">\n\t\t\t\t\t\t<section class=\"elementor-section elementor-top-section elementor-element elementor-element-91b02fa elementor-section-boxed elementor-section-height-default elementor-section-height-default\" data-id=\"91b02fa\" data-element_type=\"section\" data-e-type=\"section\" data-settings=\"{&quot;background_background&quot;:&quot;classic&quot;}\">\n\t\t\t\t\t\t\t<div class=\"elementor-background-overlay\"><\/div>\n\t\t\t\t\t\t\t<div class=\"elementor-container elementor-column-gap-default\">\n\t\t\t\t\t<div class=\"elementor-column elementor-col-100 elementor-top-column elementor-element elementor-element-e514171\" data-id=\"e514171\" data-element_type=\"column\" data-e-type=\"column\">\n\t\t\t<div class=\"elementor-widget-wrap\">\n\t\t\t\t\t\t\t<\/div>\n\t\t<\/div>\n\t\t\t\t\t<\/div>\n\t\t<\/section>\n\t\t\t\t<section class=\"elementor-section elementor-top-section elementor-element elementor-element-de9d3e1 elementor-section-boxed elementor-section-height-default elementor-section-height-default\" data-id=\"de9d3e1\" data-element_type=\"section\" data-e-type=\"section\">\n\t\t\t\t\t\t<div class=\"elementor-container elementor-column-gap-default\">\n\t\t\t\t\t<div class=\"elementor-column elementor-col-33 elementor-top-column elementor-element elementor-element-feba1aa\" data-id=\"feba1aa\" data-element_type=\"column\" data-e-type=\"column\">\n\t\t\t<div class=\"elementor-widget-wrap\">\n\t\t\t\t\t\t\t<\/div>\n\t\t<\/div>\n\t\t\t\t<div class=\"elementor-column elementor-col-33 elementor-top-column elementor-element elementor-element-7518cca\" data-id=\"7518cca\" data-element_type=\"column\" data-e-type=\"column\">\n\t\t\t<div class=\"elementor-widget-wrap elementor-element-populated\">\n\t\t\t\t\t\t<div class=\"elementor-element elementor-element-719301f elementor-widget elementor-widget-image\" data-id=\"719301f\" data-element_type=\"widget\" data-e-type=\"widget\" data-widget_type=\"image.default\">\n\t\t\t\t<div class=\"elementor-widget-container\">\n\t\t\t\t\t\t\t\t\t\t\t\t\t\t\t<img decoding=\"async\" width=\"208\" height=\"138\" src=\"https:\/\/noltekeukens.nl\/wp-content\/uploads\/2022\/07\/smeg.svg\" class=\"attachment-full size-full wp-image-800\" alt=\"\" \/>\t\t\t\t\t\t\t\t\t\t\t\t\t\t\t<\/div>\n\t\t\t\t<\/div>\n\t\t\t\t\t<\/div>\n\t\t<\/div>\n\t\t\t\t<div class=\"elementor-column elementor-col-33 elementor-top-column elementor-element elementor-element-6c9704d\" data-id=\"6c9704d\" data-element_type=\"column\" data-e-type=\"column\">\n\t\t\t<div class=\"elementor-widget-wrap\">\n\t\t\t\t\t\t\t<\/div>\n\t\t<\/div>\n\t\t\t\t\t<\/div>\n\t\t<\/section>\n\t\t\t\t<section class=\"elementor-section elementor-top-section elementor-element elementor-element-a1f6883 elementor-section-boxed elementor-section-height-default elementor-section-height-default\" data-id=\"a1f6883\" data-element_type=\"section\" data-e-type=\"section\">\n\t\t\t\t\t\t<div class=\"elementor-container elementor-column-gap-default\">\n\t\t\t\t\t<div class=\"elementor-column elementor-col-50 elementor-top-column elementor-element elementor-element-bfa75d9\" data-id=\"bfa75d9\" data-element_type=\"column\" data-e-type=\"column\">\n\t\t\t<div class=\"elementor-widget-wrap elementor-element-populated\">\n\t\t\t\t\t\t<div class=\"elementor-element elementor-element-4a9e26a elementor-widget elementor-widget-image\" data-id=\"4a9e26a\" data-element_type=\"widget\" data-e-type=\"widget\" data-widget_type=\"image.default\">\n\t\t\t\t<div class=\"elementor-widget-container\">\n\t\t\t\t\t\t\t\t\t\t\t\t\t\t\t<img fetchpriority=\"high\" decoding=\"async\" width=\"800\" height=\"575\" src=\"https:\/\/noltekeukens.nl\/wp-content\/uploads\/2022\/08\/smeg-nolte.jpeg\" class=\"attachment-large size-large wp-image-4523\" alt=\"\" srcset=\"https:\/\/noltekeukens.nl\/wp-content\/uploads\/2022\/08\/smeg-nolte.jpeg 960w, https:\/\/noltekeukens.nl\/wp-content\/uploads\/2022\/08\/smeg-nolte-600x431.jpeg 600w, https:\/\/noltekeukens.nl\/wp-content\/uploads\/2022\/08\/smeg-nolte-300x216.jpeg 300w, https:\/\/noltekeukens.nl\/wp-content\/uploads\/2022\/08\/smeg-nolte-768x552.jpeg 768w\" sizes=\"(max-width: 800px) 100vw, 800px\" \/>\t\t\t\t\t\t\t\t\t\t\t\t\t\t\t<\/div>\n\t\t\t\t<\/div>\n\t\t\t\t\t<\/div>\n\t\t<\/div>\n\t\t\t\t<div class=\"elementor-column elementor-col-50 elementor-top-column elementor-element elementor-element-5298e74\" data-id=\"5298e74\" data-element_type=\"column\" data-e-type=\"column\">\n\t\t\t<div class=\"elementor-widget-wrap elementor-element-populated\">\n\t\t\t\t\t\t<div class=\"elementor-element elementor-element-c89237a elementor-widget elementor-widget-heading\" data-id=\"c89237a\" data-element_type=\"widget\" data-e-type=\"widget\" data-widget_type=\"heading.default\">\n\t\t\t\t<div class=\"elementor-widget-container\">\n\t\t\t\t\t<h2 class=\"elementor-heading-title elementor-size-default\">A GLOBAL BRAND<\/h2>\t\t\t\t<\/div>\n\t\t\t\t<\/div>\n\t\t\t\t<div class=\"elementor-element elementor-element-7f8431c elementor-widget elementor-widget-text-editor\" data-id=\"7f8431c\" data-element_type=\"widget\" data-e-type=\"widget\" data-widget_type=\"text-editor.default\">\n\t\t\t\t<div class=\"elementor-widget-container\">\n\t\t\t\t\t\t\t\t\t<p>SMEG is an Italian manufacturer of household appliances based in Guastalla, near Reggio Emilia in northern Italy. Smeg has subsidiaries around the world, overseas offices and an extensive sales network.<br \/><br \/><\/p><p>SMEG is an\u00a0<strong>Italian family-owned company\u00a0<\/strong>that manufactures designer kitchen appliances. Its headquarters are located in the province of Reggio Emilia, in the town of Guastalla. SMEG has a global presence with more than\u00a0<strong>16 branches<\/strong>\u00a0(in countries including the UK, France, Belgium, the Netherlands, Germany, Sweden, Denmark, Spain, Portugal, Russia, Ukraine, Kazakhstan, South Africa, the USA, Australia and Mozambique), 2\u00a0<strong>sales offices\u00a0<\/strong>in Hong Kong and Saudi Arabia, and an extensive network of distributors.<\/p><p>For more than 70 years, SMEG products have been renowned for their elegant and tasteful design, which has resulted from\u00a0<strong>collaboration with world-famous architects.<\/strong>.<\/p>\t\t\t\t\t\t\t\t<\/div>\n\t\t\t\t<\/div>\n\t\t\t\t\t<\/div>\n\t\t<\/div>\n\t\t\t\t\t<\/div>\n\t\t<\/section>\n\t\t\t\t<section class=\"elementor-section elementor-top-section elementor-element elementor-element-f8af465 elementor-section-boxed elementor-section-height-default elementor-section-height-default\" data-id=\"f8af465\" data-element_type=\"section\" data-e-type=\"section\" data-settings=\"{&quot;background_background&quot;:&quot;classic&quot;}\">\n\t\t\t\t\t\t<div class=\"elementor-container elementor-column-gap-default\">\n\t\t\t\t\t<div class=\"elementor-column elementor-col-50 elementor-top-column elementor-element elementor-element-9388238\" data-id=\"9388238\" data-element_type=\"column\" data-e-type=\"column\">\n\t\t\t<div class=\"elementor-widget-wrap elementor-element-populated\">\n\t\t\t\t\t\t<div class=\"elementor-element elementor-element-6a6d9e0 elementor-widget elementor-widget-heading\" data-id=\"6a6d9e0\" data-element_type=\"widget\" data-e-type=\"widget\" data-widget_type=\"heading.default\">\n\t\t\t\t<div class=\"elementor-widget-container\">\n\t\t\t\t\t<h2 class=\"elementor-heading-title elementor-size-default\">THE TECHNOLOGY<\/h2>\t\t\t\t<\/div>\n\t\t\t\t<\/div>\n\t\t\t\t<div class=\"elementor-element elementor-element-cab1986 elementor-widget elementor-widget-text-editor\" data-id=\"cab1986\" data-element_type=\"widget\" data-e-type=\"widget\" data-widget_type=\"text-editor.default\">\n\t\t\t\t<div class=\"elementor-widget-container\">\n\t\t\t\t\t\t\t\t\t<p>In the kitchen, all elements of a design come together:\u00a0<strong>high performance<\/strong>, interpretations of\u00a0<strong>needs and functions<\/strong>,\u00a0<strong>aesthetics\u00a0<\/strong>and the relationship with the\u00a0<strong>environment<\/strong>.<\/p><p>Smeg's\u00a0<strong>certified<\/strong>\u00a0<strong>laboratories,\u00a0<\/strong>with expertise in materials and the most advanced technology, aim to design products that meet the demands of everyday life. In doing so, the essential characteristics of a product are always taken into account:\u00a0<strong>quality<\/strong>,<strong>\u00a0durability<\/strong>,<strong>\u00a0design, flexibility of use\u00a0<\/strong>and<strong>\u00a0comfort<\/strong>. Constant and\u00a0<strong>rigorous testing<\/strong>\u00a0throughout the production process ensures the absolute reliability of the products.<br \/><br \/>Furthermore, thanks to increasingly advanced interfaces and programming options, all Smeg appliances meet the needs and desires of the user by offering\u00a0<strong>optimal ease of use\u00a0<\/strong>and\u00a0<strong>and intelligent solutions.\u00a0<\/strong>te bieden.<\/p>\t\t\t\t\t\t\t\t<\/div>\n\t\t\t\t<\/div>\n\t\t\t\t<div class=\"elementor-element elementor-element-9656d88 elementor-widget elementor-widget-heading\" data-id=\"9656d88\" data-element_type=\"widget\" data-e-type=\"widget\" data-widget_type=\"heading.default\">\n\t\t\t\t<div class=\"elementor-widget-container\">\n\t\t\t\t\t<h2 class=\"elementor-heading-title elementor-size-default\">THE DESIGN<\/h2>\t\t\t\t<\/div>\n\t\t\t\t<\/div>\n\t\t\t\t<div class=\"elementor-element elementor-element-299a344 elementor-widget elementor-widget-text-editor\" data-id=\"299a344\" data-element_type=\"widget\" data-e-type=\"widget\" data-widget_type=\"text-editor.default\">\n\t\t\t\t<div class=\"elementor-widget-container\">\n\t\t\t\t\t\t\t\t\t<p>For Smeg, design serves primarily to give a product an identity; kitchen appliances that offer an experience.<\/p><p>Attention to detail and design solutions that enrich the interior and provide an unique experience for the user. Smeg\u00a0<strong>products<\/strong>\u00a0become the\u00a0<strong>centrepiece<\/strong>\u00a0of the heart of the home. The\u00a0<strong>kitchen<\/strong>\u00a0becomes a space with its own identity and character, equipped with everything you could wish for and need.<br \/><br \/>Smeg has achieved all this through collaboration with internationally renowned architects such as\u00a0<strong>Guido Canali<\/strong>,\u00a0<strong>Mario Bellini<\/strong>, the\u00a0<strong>Piano Design studio<\/strong>,\u00a0<strong>Marc Newson<\/strong>\u00a0and\u00a0<strong>Giancarlo Candeago<\/strong>. Smeg understands like no other how technology and design can be combined, creating products that stand out both in technology and design.<\/p>\t\t\t\t\t\t\t\t<\/div>\n\t\t\t\t<\/div>\n\t\t\t\t\t<\/div>\n\t\t<\/div>\n\t\t\t\t<div class=\"elementor-column elementor-col-50 elementor-top-column elementor-element elementor-element-9ce33c7\" data-id=\"9ce33c7\" data-element_type=\"column\" data-e-type=\"column\">\n\t\t\t<div class=\"elementor-widget-wrap elementor-element-populated\">\n\t\t\t\t\t\t<div class=\"elementor-element elementor-element-1915922 elementor-widget elementor-widget-image\" data-id=\"1915922\" data-element_type=\"widget\" data-e-type=\"widget\" data-widget_type=\"image.default\">\n\t\t\t\t<div class=\"elementor-widget-container\">\n\t\t\t\t\t\t\t\t\t\t\t\t\t\t\t<img decoding=\"async\" width=\"800\" height=\"575\" src=\"https:\/\/noltekeukens.nl\/wp-content\/uploads\/2022\/08\/smeg-Noltekeukens-1024x736.jpg\" class=\"attachment-large size-large wp-image-4524\" alt=\"\" srcset=\"https:\/\/noltekeukens.nl\/wp-content\/uploads\/2022\/08\/smeg-Noltekeukens-1024x736.jpg 1024w, https:\/\/noltekeukens.nl\/wp-content\/uploads\/2022\/08\/smeg-Noltekeukens-600x431.jpg 600w, https:\/\/noltekeukens.nl\/wp-content\/uploads\/2022\/08\/smeg-Noltekeukens-300x216.jpg 300w, https:\/\/noltekeukens.nl\/wp-content\/uploads\/2022\/08\/smeg-Noltekeukens-768x552.jpg 768w, https:\/\/noltekeukens.nl\/wp-content\/uploads\/2022\/08\/smeg-Noltekeukens-1536x1104.jpg 1536w, https:\/\/noltekeukens.nl\/wp-content\/uploads\/2022\/08\/smeg-Noltekeukens.jpg 2000w\" sizes=\"(max-width: 800px) 100vw, 800px\" \/>\t\t\t\t\t\t\t\t\t\t\t\t\t\t\t<\/div>\n\t\t\t\t<\/div>\n\t\t\t\t<div class=\"elementor-element elementor-element-5a020d0 elementor-widget elementor-widget-image\" data-id=\"5a020d0\" data-element_type=\"widget\" data-e-type=\"widget\" data-widget_type=\"image.default\">\n\t\t\t\t<div class=\"elementor-widget-container\">\n\t\t\t\t\t\t\t\t\t\t\t\t\t\t\t<img decoding=\"async\" src=\"https:\/\/noltekeukens.nl\/wp-content\/uploads\/elementor\/thumbs\/Smeg-Nolteoven-pw5ctytbhcr3uqh1geqztw85ptefhwg8xtvl0fx5um.webp\" title=\"Smeg-Nolteoven\" alt=\"Smeg-Nolteoven\" loading=\"lazy\" \/>\t\t\t\t\t\t\t\t\t\t\t\t\t\t\t<\/div>\n\t\t\t\t<\/div>\n\t\t\t\t\t<\/div>\n\t\t<\/div>\n\t\t\t\t\t<\/div>\n\t\t<\/section>\n\t\t\t\t<\/div>","protected":false},"excerpt":{"rendered":"<p>EEN WERELDWIJD MERK SMEG is een Italiaanse fabrikant van huishoudelijke apparaten, gevestigd in Guastalla, nabij Reggio Emilia in het noorden van het land. Smeg heeft dochterondernemingen over de hele wereld, overzeese kantoren en een uitgebreid verkoopnetwerk. SMEG is een\u00a0Italiaans familiebedrijf\u00a0dat design keukenapparatuur produceert. Het hoofdkantoor is gevestigd in de provincie Reggio Emilia, in de plaats [&hellip;]<\/p>\n","protected":false},"author":2,"featured_media":0,"parent":0,"menu_order":0,"comment_status":"closed","ping_status":"closed","template":"elementor_header_footer","meta":{"footnotes":""},"class_list":["post-4472","page","type-page","status-publish","hentry"],"yoast_head":"<!-- This site is optimized with the Yoast SEO plugin v27.3 - https:\/\/yoast.com\/product\/yoast-seo-wordpress\/ -->\n<title>Smeg - Nolte keukens Offici\u00eble website<\/title>\n<meta name=\"robots\" content=\"index, follow, max-snippet:-1, max-image-preview:large, max-video-preview:-1\" \/>\n<link rel=\"canonical\" href=\"https:\/\/noltekeukens.nl\/en\/smeg\/\" \/>\n<meta property=\"og:locale\" content=\"en_GB\" \/>\n<meta property=\"og:type\" content=\"article\" \/>\n<meta property=\"og:title\" content=\"Smeg - Nolte keukens Offici\u00eble website\" \/>\n<meta property=\"og:description\" content=\"EEN WERELDWIJD MERK SMEG is een Italiaanse fabrikant van huishoudelijke apparaten, gevestigd in Guastalla, nabij Reggio Emilia in het noorden van het land. Smeg heeft dochterondernemingen over de hele wereld, overzeese kantoren en een uitgebreid verkoopnetwerk. SMEG is een\u00a0Italiaans familiebedrijf\u00a0dat design keukenapparatuur produceert. Het hoofdkantoor is gevestigd in de provincie Reggio Emilia, in de plaats [&hellip;]\" \/>\n<meta property=\"og:url\" content=\"https:\/\/noltekeukens.nl\/en\/smeg\/\" \/>\n<meta property=\"og:site_name\" content=\"Nolte keukens Offici\u00eble website\" \/>\n<meta property=\"article:publisher\" content=\"https:\/\/www.facebook.com\/noltekeukens\" \/>\n<meta property=\"article:modified_time\" content=\"2022-08-25T14:16:45+00:00\" \/>\n<meta property=\"og:image\" content=\"http:\/\/noltekeukens.nl\/wp-content\/uploads\/2022\/07\/smeg.svg\" \/>\n<meta name=\"twitter:card\" content=\"summary_large_image\" \/>\n<script type=\"application\/ld+json\" class=\"yoast-schema-graph\">{\"@context\":\"https:\\\/\\\/schema.org\",\"@graph\":[{\"@type\":\"WebPage\",\"@id\":\"https:\\\/\\\/noltekeukens.nl\\\/smeg\\\/\",\"url\":\"https:\\\/\\\/noltekeukens.nl\\\/smeg\\\/\",\"name\":\"Smeg - Nolte keukens Offici\u00eble website\",\"isPartOf\":{\"@id\":\"https:\\\/\\\/noltekeukens.nl\\\/#website\"},\"primaryImageOfPage\":{\"@id\":\"https:\\\/\\\/noltekeukens.nl\\\/smeg\\\/#primaryimage\"},\"image\":{\"@id\":\"https:\\\/\\\/noltekeukens.nl\\\/smeg\\\/#primaryimage\"},\"thumbnailUrl\":\"http:\\\/\\\/noltekeukens.nl\\\/wp-content\\\/uploads\\\/2022\\\/07\\\/smeg.svg\",\"datePublished\":\"2022-08-25T13:47:13+00:00\",\"dateModified\":\"2022-08-25T14:16:45+00:00\",\"breadcrumb\":{\"@id\":\"https:\\\/\\\/noltekeukens.nl\\\/smeg\\\/#breadcrumb\"},\"inLanguage\":\"en-GB\",\"potentialAction\":[{\"@type\":\"ReadAction\",\"target\":[\"https:\\\/\\\/noltekeukens.nl\\\/smeg\\\/\"]}]},{\"@type\":\"ImageObject\",\"inLanguage\":\"en-GB\",\"@id\":\"https:\\\/\\\/noltekeukens.nl\\\/smeg\\\/#primaryimage\",\"url\":\"http:\\\/\\\/noltekeukens.nl\\\/wp-content\\\/uploads\\\/2022\\\/07\\\/smeg.svg\",\"contentUrl\":\"http:\\\/\\\/noltekeukens.nl\\\/wp-content\\\/uploads\\\/2022\\\/07\\\/smeg.svg\"},{\"@type\":\"BreadcrumbList\",\"@id\":\"https:\\\/\\\/noltekeukens.nl\\\/smeg\\\/#breadcrumb\",\"itemListElement\":[{\"@type\":\"ListItem\",\"position\":1,\"name\":\"Home\",\"item\":\"https:\\\/\\\/noltekeukens.nl\\\/\"},{\"@type\":\"ListItem\",\"position\":2,\"name\":\"Smeg\"}]},{\"@type\":\"WebSite\",\"@id\":\"https:\\\/\\\/noltekeukens.nl\\\/#website\",\"url\":\"https:\\\/\\\/noltekeukens.nl\\\/\",\"name\":\"Nolte keukens Offici\u00eble website\",\"description\":\"Ontdek de grootste Nolte collectie bij de offici\u00eble Nolte K\u00fcchen brandstores van Nederland.\",\"publisher\":{\"@id\":\"https:\\\/\\\/noltekeukens.nl\\\/#organization\"},\"potentialAction\":[{\"@type\":\"SearchAction\",\"target\":{\"@type\":\"EntryPoint\",\"urlTemplate\":\"https:\\\/\\\/noltekeukens.nl\\\/?s={search_term_string}\"},\"query-input\":{\"@type\":\"PropertyValueSpecification\",\"valueRequired\":true,\"valueName\":\"search_term_string\"}}],\"inLanguage\":\"en-GB\"},{\"@type\":\"Organization\",\"@id\":\"https:\\\/\\\/noltekeukens.nl\\\/#organization\",\"name\":\"Nolte keukens Offici\u00eble website\",\"url\":\"https:\\\/\\\/noltekeukens.nl\\\/\",\"logo\":{\"@type\":\"ImageObject\",\"inLanguage\":\"en-GB\",\"@id\":\"https:\\\/\\\/noltekeukens.nl\\\/#\\\/schema\\\/logo\\\/image\\\/\",\"url\":\"https:\\\/\\\/noltekeukens.nl\\\/wp-content\\\/uploads\\\/2022\\\/07\\\/Logo-nolte-zwart-1.png\",\"contentUrl\":\"https:\\\/\\\/noltekeukens.nl\\\/wp-content\\\/uploads\\\/2022\\\/07\\\/Logo-nolte-zwart-1.png\",\"width\":1063,\"height\":252,\"caption\":\"Nolte keukens Offici\u00eble website\"},\"image\":{\"@id\":\"https:\\\/\\\/noltekeukens.nl\\\/#\\\/schema\\\/logo\\\/image\\\/\"},\"sameAs\":[\"https:\\\/\\\/www.facebook.com\\\/noltekeukens\"]}]}<\/script>\n<!-- \/ Yoast SEO plugin. -->","yoast_head_json":{"title":"Smeg - Nolte keukens Offici\u00eble website","robots":{"index":"index","follow":"follow","max-snippet":"max-snippet:-1","max-image-preview":"max-image-preview:large","max-video-preview":"max-video-preview:-1"},"canonical":"https:\/\/noltekeukens.nl\/en\/smeg\/","og_locale":"en_GB","og_type":"article","og_title":"Smeg - Nolte keukens Offici\u00eble website","og_description":"EEN WERELDWIJD MERK SMEG is een Italiaanse fabrikant van huishoudelijke apparaten, gevestigd in Guastalla, nabij Reggio Emilia in het noorden van het land. Smeg heeft dochterondernemingen over de hele wereld, overzeese kantoren en een uitgebreid verkoopnetwerk. SMEG is een\u00a0Italiaans familiebedrijf\u00a0dat design keukenapparatuur produceert. Het hoofdkantoor is gevestigd in de provincie Reggio Emilia, in de plaats [&hellip;]","og_url":"https:\/\/noltekeukens.nl\/en\/smeg\/","og_site_name":"Nolte keukens Offici\u00eble website","article_publisher":"https:\/\/www.facebook.com\/noltekeukens","article_modified_time":"2022-08-25T14:16:45+00:00","og_image":[{"url":"http:\/\/noltekeukens.nl\/wp-content\/uploads\/2022\/07\/smeg.svg","type":"","width":"","height":""}],"twitter_card":"summary_large_image","schema":{"@context":"https:\/\/schema.org","@graph":[{"@type":"WebPage","@id":"https:\/\/noltekeukens.nl\/smeg\/","url":"https:\/\/noltekeukens.nl\/smeg\/","name":"Smeg - Nolte keukens Offici\u00eble website","isPartOf":{"@id":"https:\/\/noltekeukens.nl\/#website"},"primaryImageOfPage":{"@id":"https:\/\/noltekeukens.nl\/smeg\/#primaryimage"},"image":{"@id":"https:\/\/noltekeukens.nl\/smeg\/#primaryimage"},"thumbnailUrl":"http:\/\/noltekeukens.nl\/wp-content\/uploads\/2022\/07\/smeg.svg","datePublished":"2022-08-25T13:47:13+00:00","dateModified":"2022-08-25T14:16:45+00:00","breadcrumb":{"@id":"https:\/\/noltekeukens.nl\/smeg\/#breadcrumb"},"inLanguage":"en-GB","potentialAction":[{"@type":"ReadAction","target":["https:\/\/noltekeukens.nl\/smeg\/"]}]},{"@type":"ImageObject","inLanguage":"en-GB","@id":"https:\/\/noltekeukens.nl\/smeg\/#primaryimage","url":"http:\/\/noltekeukens.nl\/wp-content\/uploads\/2022\/07\/smeg.svg","contentUrl":"http:\/\/noltekeukens.nl\/wp-content\/uploads\/2022\/07\/smeg.svg"},{"@type":"BreadcrumbList","@id":"https:\/\/noltekeukens.nl\/smeg\/#breadcrumb","itemListElement":[{"@type":"ListItem","position":1,"name":"Home","item":"https:\/\/noltekeukens.nl\/"},{"@type":"ListItem","position":2,"name":"Smeg"}]},{"@type":"WebSite","@id":"https:\/\/noltekeukens.nl\/#website","url":"https:\/\/noltekeukens.nl\/","name":"Nolte keukens Offici\u00eble website","description":"Ontdek de grootste Nolte collectie bij de offici\u00eble Nolte K\u00fcchen brandstores van Nederland.","publisher":{"@id":"https:\/\/noltekeukens.nl\/#organization"},"potentialAction":[{"@type":"SearchAction","target":{"@type":"EntryPoint","urlTemplate":"https:\/\/noltekeukens.nl\/?s={search_term_string}"},"query-input":{"@type":"PropertyValueSpecification","valueRequired":true,"valueName":"search_term_string"}}],"inLanguage":"en-GB"},{"@type":"Organization","@id":"https:\/\/noltekeukens.nl\/#organization","name":"Nolte keukens Offici\u00eble website","url":"https:\/\/noltekeukens.nl\/","logo":{"@type":"ImageObject","inLanguage":"en-GB","@id":"https:\/\/noltekeukens.nl\/#\/schema\/logo\/image\/","url":"https:\/\/noltekeukens.nl\/wp-content\/uploads\/2022\/07\/Logo-nolte-zwart-1.png","contentUrl":"https:\/\/noltekeukens.nl\/wp-content\/uploads\/2022\/07\/Logo-nolte-zwart-1.png","width":1063,"height":252,"caption":"Nolte keukens Offici\u00eble website"},"image":{"@id":"https:\/\/noltekeukens.nl\/#\/schema\/logo\/image\/"},"sameAs":["https:\/\/www.facebook.com\/noltekeukens"]}]}},"_links":{"self":[{"href":"https:\/\/noltekeukens.nl\/en\/wp-json\/wp\/v2\/pages\/4472","targetHints":{"allow":["GET"]}}],"collection":[{"href":"https:\/\/noltekeukens.nl\/en\/wp-json\/wp\/v2\/pages"}],"about":[{"href":"https:\/\/noltekeukens.nl\/en\/wp-json\/wp\/v2\/types\/page"}],"author":[{"embeddable":true,"href":"https:\/\/noltekeukens.nl\/en\/wp-json\/wp\/v2\/users\/2"}],"replies":[{"embeddable":true,"href":"https:\/\/noltekeukens.nl\/en\/wp-json\/wp\/v2\/comments?post=4472"}],"version-history":[{"count":16,"href":"https:\/\/noltekeukens.nl\/en\/wp-json\/wp\/v2\/pages\/4472\/revisions"}],"predecessor-version":[{"id":4540,"href":"https:\/\/noltekeukens.nl\/en\/wp-json\/wp\/v2\/pages\/4472\/revisions\/4540"}],"wp:attachment":[{"href":"https:\/\/noltekeukens.nl\/en\/wp-json\/wp\/v2\/media?parent=4472"}],"curies":[{"name":"wp","href":"https:\/\/api.w.org\/{rel}","templated":true}]}}