{"id":4450,"date":"2022-08-23T15:23:04","date_gmt":"2022-08-23T15:23:04","guid":{"rendered":"https:\/\/nolte.vormfactor.com\/?page_id=4450"},"modified":"2022-08-23T15:29:52","modified_gmt":"2022-08-23T15:29:52","slug":"siemens","status":"publish","type":"page","link":"https:\/\/noltekeukens.nl\/en\/siemens\/","title":{"rendered":"Siemens"},"content":{"rendered":"<div data-elementor-type=\"wp-page\" data-elementor-id=\"4450\" class=\"elementor elementor-4450\" data-elementor-post-type=\"page\">\n\t\t\t\t\t\t<section class=\"elementor-section elementor-top-section elementor-element elementor-element-bdb372f elementor-section-boxed elementor-section-height-default elementor-section-height-default\" data-id=\"bdb372f\" data-element_type=\"section\" data-e-type=\"section\" data-settings=\"{&quot;background_background&quot;:&quot;classic&quot;}\">\n\t\t\t\t\t\t\t<div class=\"elementor-background-overlay\"><\/div>\n\t\t\t\t\t\t\t<div class=\"elementor-container elementor-column-gap-default\">\n\t\t\t\t\t<div class=\"elementor-column elementor-col-100 elementor-top-column elementor-element elementor-element-6705544\" data-id=\"6705544\" data-element_type=\"column\" data-e-type=\"column\">\n\t\t\t<div class=\"elementor-widget-wrap\">\n\t\t\t\t\t\t\t<\/div>\n\t\t<\/div>\n\t\t\t\t\t<\/div>\n\t\t<\/section>\n\t\t\t\t<section class=\"elementor-section elementor-top-section elementor-element elementor-element-5c1a407 elementor-section-boxed elementor-section-height-default elementor-section-height-default\" data-id=\"5c1a407\" data-element_type=\"section\" data-e-type=\"section\">\n\t\t\t\t\t\t<div class=\"elementor-container elementor-column-gap-default\">\n\t\t\t\t\t<div class=\"elementor-column elementor-col-33 elementor-top-column elementor-element elementor-element-ae21b3e\" data-id=\"ae21b3e\" data-element_type=\"column\" data-e-type=\"column\">\n\t\t\t<div class=\"elementor-widget-wrap\">\n\t\t\t\t\t\t\t<\/div>\n\t\t<\/div>\n\t\t\t\t<div class=\"elementor-column elementor-col-33 elementor-top-column elementor-element elementor-element-015c2fe\" data-id=\"015c2fe\" data-element_type=\"column\" data-e-type=\"column\">\n\t\t\t<div class=\"elementor-widget-wrap elementor-element-populated\">\n\t\t\t\t\t\t<div class=\"elementor-element elementor-element-b1bfea3 elementor-widget elementor-widget-image\" data-id=\"b1bfea3\" data-element_type=\"widget\" data-e-type=\"widget\" data-widget_type=\"image.default\">\n\t\t\t\t<div class=\"elementor-widget-container\">\n\t\t\t\t\t\t\t\t\t\t\t\t\t\t\t<img decoding=\"async\" width=\"208\" height=\"138\" src=\"https:\/\/noltekeukens.nl\/wp-content\/uploads\/2022\/07\/Siemens.svg\" class=\"attachment-full size-full wp-image-809\" alt=\"\" \/>\t\t\t\t\t\t\t\t\t\t\t\t\t\t\t<\/div>\n\t\t\t\t<\/div>\n\t\t\t\t\t<\/div>\n\t\t<\/div>\n\t\t\t\t<div class=\"elementor-column elementor-col-33 elementor-top-column elementor-element elementor-element-6b4b45b\" data-id=\"6b4b45b\" data-element_type=\"column\" data-e-type=\"column\">\n\t\t\t<div class=\"elementor-widget-wrap\">\n\t\t\t\t\t\t\t<\/div>\n\t\t<\/div>\n\t\t\t\t\t<\/div>\n\t\t<\/section>\n\t\t\t\t<section class=\"elementor-section elementor-top-section elementor-element elementor-element-16b0403 elementor-section-boxed elementor-section-height-default elementor-section-height-default\" data-id=\"16b0403\" data-element_type=\"section\" data-e-type=\"section\">\n\t\t\t\t\t\t<div class=\"elementor-container elementor-column-gap-default\">\n\t\t\t\t\t<div class=\"elementor-column elementor-col-50 elementor-top-column elementor-element elementor-element-5a17ac5\" data-id=\"5a17ac5\" data-element_type=\"column\" data-e-type=\"column\">\n\t\t\t<div class=\"elementor-widget-wrap elementor-element-populated\">\n\t\t\t\t\t\t<div class=\"elementor-element elementor-element-e161215 elementor-widget elementor-widget-image\" data-id=\"e161215\" data-element_type=\"widget\" data-e-type=\"widget\" data-widget_type=\"image.default\">\n\t\t\t\t<div class=\"elementor-widget-container\">\n\t\t\t\t\t\t\t\t\t\t\t\t\t\t\t<img fetchpriority=\"high\" decoding=\"async\" width=\"800\" height=\"600\" src=\"https:\/\/noltekeukens.nl\/wp-content\/uploads\/2022\/08\/Nolte-Keukens_Siemens_Home_Appliance_Empowering_hob_hood_M80-1_3_I-0089_4_3-1024x768.webp\" class=\"attachment-large size-large wp-image-4457\" alt=\"\" srcset=\"https:\/\/noltekeukens.nl\/wp-content\/uploads\/2022\/08\/Nolte-Keukens_Siemens_Home_Appliance_Empowering_hob_hood_M80-1_3_I-0089_4_3-1024x768.webp 1024w, https:\/\/noltekeukens.nl\/wp-content\/uploads\/2022\/08\/Nolte-Keukens_Siemens_Home_Appliance_Empowering_hob_hood_M80-1_3_I-0089_4_3-600x450.webp 600w, https:\/\/noltekeukens.nl\/wp-content\/uploads\/2022\/08\/Nolte-Keukens_Siemens_Home_Appliance_Empowering_hob_hood_M80-1_3_I-0089_4_3-300x225.webp 300w, https:\/\/noltekeukens.nl\/wp-content\/uploads\/2022\/08\/Nolte-Keukens_Siemens_Home_Appliance_Empowering_hob_hood_M80-1_3_I-0089_4_3-768x576.webp 768w, https:\/\/noltekeukens.nl\/wp-content\/uploads\/2022\/08\/Nolte-Keukens_Siemens_Home_Appliance_Empowering_hob_hood_M80-1_3_I-0089_4_3.webp 1120w\" sizes=\"(max-width: 800px) 100vw, 800px\" \/>\t\t\t\t\t\t\t\t\t\t\t\t\t\t\t<\/div>\n\t\t\t\t<\/div>\n\t\t\t\t\t<\/div>\n\t\t<\/div>\n\t\t\t\t<div class=\"elementor-column elementor-col-50 elementor-top-column elementor-element elementor-element-4b3341e\" data-id=\"4b3341e\" data-element_type=\"column\" data-e-type=\"column\">\n\t\t\t<div class=\"elementor-widget-wrap elementor-element-populated\">\n\t\t\t\t\t\t<div class=\"elementor-element elementor-element-673b079 elementor-widget elementor-widget-heading\" data-id=\"673b079\" data-element_type=\"widget\" data-e-type=\"widget\" data-widget_type=\"heading.default\">\n\t\t\t\t<div class=\"elementor-widget-container\">\n\t\t\t\t\t<h2 class=\"elementor-heading-title elementor-size-default\">Innovation driven by curiosity<\/h2>\t\t\t\t<\/div>\n\t\t\t\t<\/div>\n\t\t\t\t<div class=\"elementor-element elementor-element-2bb24a0 elementor-widget elementor-widget-text-editor\" data-id=\"2bb24a0\" data-element_type=\"widget\" data-e-type=\"widget\" data-widget_type=\"text-editor.default\">\n\t\t\t\t<div class=\"elementor-widget-container\">\n\t\t\t\t\t\t\t\t\t<p>Siemens Household Appliances combines innovative technology with thoughtful design. The result is a range of intelligent and intuitive products that are guaranteed to enrich your individual lifestyle.<\/p>\t\t\t\t\t\t\t\t<\/div>\n\t\t\t\t<\/div>\n\t\t\t\t\t<\/div>\n\t\t<\/div>\n\t\t\t\t\t<\/div>\n\t\t<\/section>\n\t\t\t\t<section class=\"elementor-section elementor-top-section elementor-element elementor-element-f8a7c1e elementor-section-boxed elementor-section-height-default elementor-section-height-default\" data-id=\"f8a7c1e\" data-element_type=\"section\" data-e-type=\"section\" data-settings=\"{&quot;background_background&quot;:&quot;classic&quot;}\">\n\t\t\t\t\t\t<div class=\"elementor-container elementor-column-gap-default\">\n\t\t\t\t\t<div class=\"elementor-column elementor-col-50 elementor-top-column elementor-element elementor-element-415542e\" data-id=\"415542e\" data-element_type=\"column\" data-e-type=\"column\">\n\t\t\t<div class=\"elementor-widget-wrap elementor-element-populated\">\n\t\t\t\t\t\t<div class=\"elementor-element elementor-element-ac4fb02 elementor-widget elementor-widget-heading\" data-id=\"ac4fb02\" data-element_type=\"widget\" data-e-type=\"widget\" data-widget_type=\"heading.default\">\n\t\t\t\t<div class=\"elementor-widget-container\">\n\t\t\t\t\t<h2 class=\"elementor-heading-title elementor-size-default\">Innovation that goes beyond what we see<\/h2>\t\t\t\t<\/div>\n\t\t\t\t<\/div>\n\t\t\t\t<div class=\"elementor-element elementor-element-c42051a elementor-widget elementor-widget-text-editor\" data-id=\"c42051a\" data-element_type=\"widget\" data-e-type=\"widget\" data-widget_type=\"text-editor.default\">\n\t\t\t\t<div class=\"elementor-widget-container\">\n\t\t\t\t\t\t\t\t\t<p>Household appliances that inspire us and extend the home experience beyond mere functionality. Highly intuitive, time-saving features, hand-selected materials and striking design: these qualities set Siemens\u2019 award-winning household appliances apart.<\/p>\t\t\t\t\t\t\t\t<\/div>\n\t\t\t\t<\/div>\n\t\t\t\t\t<\/div>\n\t\t<\/div>\n\t\t\t\t<div class=\"elementor-column elementor-col-50 elementor-top-column elementor-element elementor-element-8616fed\" data-id=\"8616fed\" data-element_type=\"column\" data-e-type=\"column\">\n\t\t\t<div class=\"elementor-widget-wrap elementor-element-populated\">\n\t\t\t\t\t\t<div class=\"elementor-element elementor-element-1253608 elementor-skin-carousel elementor-arrows-yes elementor-pagination-type-bullets elementor-pagination-position-outside elementor-widget elementor-widget-media-carousel\" data-id=\"1253608\" data-element_type=\"widget\" data-e-type=\"widget\" data-settings=\"{&quot;skin&quot;:&quot;carousel&quot;,&quot;effect&quot;:&quot;slide&quot;,&quot;show_arrows&quot;:&quot;yes&quot;,&quot;pagination&quot;:&quot;bullets&quot;,&quot;speed&quot;:500,&quot;autoplay&quot;:&quot;yes&quot;,&quot;autoplay_speed&quot;:5000,&quot;loop&quot;:&quot;yes&quot;,&quot;pause_on_hover&quot;:&quot;yes&quot;,&quot;pause_on_interaction&quot;:&quot;yes&quot;,&quot;space_between&quot;:{&quot;unit&quot;:&quot;px&quot;,&quot;size&quot;:10,&quot;sizes&quot;:[]},&quot;space_between_tablet&quot;:{&quot;unit&quot;:&quot;px&quot;,&quot;size&quot;:10,&quot;sizes&quot;:[]},&quot;space_between_mobile&quot;:{&quot;unit&quot;:&quot;px&quot;,&quot;size&quot;:10,&quot;sizes&quot;:[]}}\" data-widget_type=\"media-carousel.default\">\n\t\t\t\t<div class=\"elementor-widget-container\">\n\t\t\t\t\t\t\t\t\t<div class=\"elementor-swiper\">\n\t\t\t\t\t<div class=\"elementor-main-swiper swiper\" role=\"region\" aria-roledescription=\"carousel\" aria-label=\"Slides\">\n\t\t\t\t<div class=\"swiper-wrapper\">\n\t\t\t\t\t\t\t\t\t\t\t<div class=\"swiper-slide\" role=\"group\" aria-roledescription=\"slide\">\n\t\t\t\t\t\t\t\t\t<div class=\"elementor-carousel-image\" role=\"img\" aria-label=\"19828712_Siemens_Home_Appliances_PBV_Empowering_fridge_Carousel_teaser_3_4\" style=\"background-image: url(&#039;https:\/\/noltekeukens.nl\/wp-content\/uploads\/2022\/08\/19828712_Siemens_Home_Appliances_PBV_Empowering_fridge_Carousel_teaser_3_4.webp&#039;)\">\n\n\t\t\t\n\t\t\t\t\t<\/div>\n\t\t\t\t\t\t\t\t<\/div>\n\t\t\t\t\t\t\t\t\t\t\t<div class=\"swiper-slide\" role=\"group\" aria-roledescription=\"slide\">\n\t\t\t\t\t\t\t\t\t<div class=\"elementor-carousel-image\" role=\"img\" aria-label=\"19828635_Siemens_Home_Appliances_EBV_Empowering_oven_Carrousel_teaser_3_4\" style=\"background-image: url(&#039;https:\/\/noltekeukens.nl\/wp-content\/uploads\/2022\/08\/19828635_Siemens_Home_Appliances_EBV_Empowering_oven_Carrousel_teaser_3_4.webp&#039;)\">\n\n\t\t\t\n\t\t\t\t\t<\/div>\n\t\t\t\t\t\t\t\t<\/div>\n\t\t\t\t\t\t\t\t\t\t\t<div class=\"swiper-slide\" role=\"group\" aria-roledescription=\"slide\">\n\t\t\t\t\t\t\t\t\t<div class=\"elementor-carousel-image\" role=\"img\" aria-label=\"19438332_Siemens_Home_Appliances_Brand_Reshape_Category_Cooking_Baking_Content_Teaser_3_4\" style=\"background-image: url(&#039;https:\/\/noltekeukens.nl\/wp-content\/uploads\/2022\/08\/19438332_Siemens_Home_Appliances_Brand_Reshape_Category_Cooking_Baking_Content_Teaser_3_4.webp&#039;)\">\n\n\t\t\t\n\t\t\t\t\t<\/div>\n\t\t\t\t\t\t\t\t<\/div>\n\t\t\t\t\t\t\t\t\t\t\t<div class=\"swiper-slide\" role=\"group\" aria-roledescription=\"slide\">\n\t\t\t\t\t\t\t\t\t<div class=\"elementor-carousel-image\" role=\"img\" aria-label=\"19412741_Siemens_Innovation_Connectivity_Home_Connenct_Cooling_3_4\" style=\"background-image: url(&#039;https:\/\/noltekeukens.nl\/wp-content\/uploads\/2022\/08\/19412741_Siemens_Innovation_Connectivity_Home_Connenct_Cooling_3_4.webp&#039;)\">\n\n\t\t\t\n\t\t\t\t\t<\/div>\n\t\t\t\t\t\t\t\t<\/div>\n\t\t\t\t\t\t\t\t\t<\/div>\n\t\t\t\t\t\t\t\t\t\t\t\t\t\t\t<div class=\"elementor-swiper-button elementor-swiper-button-prev\" role=\"button\" tabindex=\"0\" aria-label=\"Vorige\">\n\t\t\t\t\t\t\t<svg aria-hidden=\"true\" class=\"e-font-icon-svg e-eicon-chevron-left\" viewbox=\"0 0 1000 1000\" xmlns=\"http:\/\/www.w3.org\/2000\/svg\"><path d=\"M646 125C629 125 613 133 604 142L308 442C296 454 292 471 292 487 292 504 296 521 308 533L604 854C617 867 629 875 646 875 663 875 679 871 692 858 704 846 713 829 713 812 713 796 708 779 692 767L438 487 692 225C700 217 708 204 708 187 708 171 704 154 692 142 675 129 663 125 646 125Z\"><\/path><\/svg>\t\t\t\t\t\t<\/div>\n\t\t\t\t\t\t<div class=\"elementor-swiper-button elementor-swiper-button-next\" role=\"button\" tabindex=\"0\" aria-label=\"Volgende\">\n\t\t\t\t\t\t\t<svg aria-hidden=\"true\" class=\"e-font-icon-svg e-eicon-chevron-right\" viewbox=\"0 0 1000 1000\" xmlns=\"http:\/\/www.w3.org\/2000\/svg\"><path d=\"M696 533C708 521 713 504 713 487 713 471 708 454 696 446L400 146C388 133 375 125 354 125 338 125 325 129 313 142 300 154 292 171 292 187 292 204 296 221 308 233L563 492 304 771C292 783 288 800 288 817 288 833 296 850 308 863 321 871 338 875 354 875 371 875 388 867 400 854L696 533Z\"><\/path><\/svg>\t\t\t\t\t\t<\/div>\n\t\t\t\t\t\t\t\t\t\t\t\t\t\t\t\t<div class=\"swiper-pagination\"><\/div>\n\t\t\t\t\t\t\t\t\t\t\t\t<\/div>\n\t\t\t\t<\/div>\n\t\t\t\t\t\t\t\t<\/div>\n\t\t\t\t<\/div>\n\t\t\t\t\t<\/div>\n\t\t<\/div>\n\t\t\t\t\t<\/div>\n\t\t<\/section>\n\t\t\t\t<\/div>","protected":false},"excerpt":{"rendered":"<p>Innovatie gedreven door nieuwsgierigheid Siemens Huishoudapparaten combineert innovatieve technologie met doordacht design. Het resultaat is een reeks intelligente en intu\u00eftieve producten die je individuele levensstijl gegarandeerd verrijken. Innovatie die verder gaat dan wat we zien Huishoudapparaten die ons inspireren en de thuiservaring uitbreiden tot meer dan alleen functionaliteit. Bijzonder intu\u00eftieve, tijdbesparende functies, met de hand [&hellip;]<\/p>\n","protected":false},"author":2,"featured_media":0,"parent":0,"menu_order":0,"comment_status":"closed","ping_status":"closed","template":"elementor_header_footer","meta":{"footnotes":""},"class_list":["post-4450","page","type-page","status-publish","hentry"],"yoast_head":"<!-- This site is optimized with the Yoast SEO plugin v27.3 - https:\/\/yoast.com\/product\/yoast-seo-wordpress\/ -->\n<title>Siemens - Nolte keukens Offici\u00eble website<\/title>\n<meta name=\"robots\" content=\"index, follow, max-snippet:-1, max-image-preview:large, max-video-preview:-1\" \/>\n<link rel=\"canonical\" href=\"https:\/\/noltekeukens.nl\/en\/siemens\/\" \/>\n<meta property=\"og:locale\" content=\"en_GB\" \/>\n<meta property=\"og:type\" content=\"article\" \/>\n<meta property=\"og:title\" content=\"Siemens - Nolte keukens Offici\u00eble website\" \/>\n<meta property=\"og:description\" content=\"Innovatie gedreven door nieuwsgierigheid Siemens Huishoudapparaten combineert innovatieve technologie met doordacht design. Het resultaat is een reeks intelligente en intu\u00eftieve producten die je individuele levensstijl gegarandeerd verrijken. Innovatie die verder gaat dan wat we zien Huishoudapparaten die ons inspireren en de thuiservaring uitbreiden tot meer dan alleen functionaliteit. Bijzonder intu\u00eftieve, tijdbesparende functies, met de hand [&hellip;]\" \/>\n<meta property=\"og:url\" content=\"https:\/\/noltekeukens.nl\/en\/siemens\/\" \/>\n<meta property=\"og:site_name\" content=\"Nolte keukens Offici\u00eble website\" \/>\n<meta property=\"article:publisher\" content=\"https:\/\/www.facebook.com\/noltekeukens\" \/>\n<meta property=\"article:modified_time\" content=\"2022-08-23T15:29:52+00:00\" \/>\n<meta property=\"og:image\" content=\"http:\/\/noltekeukens.nl\/wp-content\/uploads\/2022\/07\/Siemens.svg\" \/>\n<meta name=\"twitter:card\" content=\"summary_large_image\" \/>\n<script type=\"application\/ld+json\" class=\"yoast-schema-graph\">{\"@context\":\"https:\\\/\\\/schema.org\",\"@graph\":[{\"@type\":\"WebPage\",\"@id\":\"https:\\\/\\\/noltekeukens.nl\\\/siemens\\\/\",\"url\":\"https:\\\/\\\/noltekeukens.nl\\\/siemens\\\/\",\"name\":\"Siemens - Nolte keukens Offici\u00eble website\",\"isPartOf\":{\"@id\":\"https:\\\/\\\/noltekeukens.nl\\\/#website\"},\"primaryImageOfPage\":{\"@id\":\"https:\\\/\\\/noltekeukens.nl\\\/siemens\\\/#primaryimage\"},\"image\":{\"@id\":\"https:\\\/\\\/noltekeukens.nl\\\/siemens\\\/#primaryimage\"},\"thumbnailUrl\":\"http:\\\/\\\/noltekeukens.nl\\\/wp-content\\\/uploads\\\/2022\\\/07\\\/Siemens.svg\",\"datePublished\":\"2022-08-23T15:23:04+00:00\",\"dateModified\":\"2022-08-23T15:29:52+00:00\",\"breadcrumb\":{\"@id\":\"https:\\\/\\\/noltekeukens.nl\\\/siemens\\\/#breadcrumb\"},\"inLanguage\":\"en-GB\",\"potentialAction\":[{\"@type\":\"ReadAction\",\"target\":[\"https:\\\/\\\/noltekeukens.nl\\\/siemens\\\/\"]}]},{\"@type\":\"ImageObject\",\"inLanguage\":\"en-GB\",\"@id\":\"https:\\\/\\\/noltekeukens.nl\\\/siemens\\\/#primaryimage\",\"url\":\"http:\\\/\\\/noltekeukens.nl\\\/wp-content\\\/uploads\\\/2022\\\/07\\\/Siemens.svg\",\"contentUrl\":\"http:\\\/\\\/noltekeukens.nl\\\/wp-content\\\/uploads\\\/2022\\\/07\\\/Siemens.svg\"},{\"@type\":\"BreadcrumbList\",\"@id\":\"https:\\\/\\\/noltekeukens.nl\\\/siemens\\\/#breadcrumb\",\"itemListElement\":[{\"@type\":\"ListItem\",\"position\":1,\"name\":\"Home\",\"item\":\"https:\\\/\\\/noltekeukens.nl\\\/\"},{\"@type\":\"ListItem\",\"position\":2,\"name\":\"Siemens\"}]},{\"@type\":\"WebSite\",\"@id\":\"https:\\\/\\\/noltekeukens.nl\\\/#website\",\"url\":\"https:\\\/\\\/noltekeukens.nl\\\/\",\"name\":\"Nolte keukens Offici\u00eble website\",\"description\":\"Ontdek de grootste Nolte collectie bij de offici\u00eble Nolte K\u00fcchen brandstores van Nederland.\",\"publisher\":{\"@id\":\"https:\\\/\\\/noltekeukens.nl\\\/#organization\"},\"potentialAction\":[{\"@type\":\"SearchAction\",\"target\":{\"@type\":\"EntryPoint\",\"urlTemplate\":\"https:\\\/\\\/noltekeukens.nl\\\/?s={search_term_string}\"},\"query-input\":{\"@type\":\"PropertyValueSpecification\",\"valueRequired\":true,\"valueName\":\"search_term_string\"}}],\"inLanguage\":\"en-GB\"},{\"@type\":\"Organization\",\"@id\":\"https:\\\/\\\/noltekeukens.nl\\\/#organization\",\"name\":\"Nolte keukens Offici\u00eble website\",\"url\":\"https:\\\/\\\/noltekeukens.nl\\\/\",\"logo\":{\"@type\":\"ImageObject\",\"inLanguage\":\"en-GB\",\"@id\":\"https:\\\/\\\/noltekeukens.nl\\\/#\\\/schema\\\/logo\\\/image\\\/\",\"url\":\"https:\\\/\\\/noltekeukens.nl\\\/wp-content\\\/uploads\\\/2022\\\/07\\\/Logo-nolte-zwart-1.png\",\"contentUrl\":\"https:\\\/\\\/noltekeukens.nl\\\/wp-content\\\/uploads\\\/2022\\\/07\\\/Logo-nolte-zwart-1.png\",\"width\":1063,\"height\":252,\"caption\":\"Nolte keukens Offici\u00eble website\"},\"image\":{\"@id\":\"https:\\\/\\\/noltekeukens.nl\\\/#\\\/schema\\\/logo\\\/image\\\/\"},\"sameAs\":[\"https:\\\/\\\/www.facebook.com\\\/noltekeukens\"]}]}<\/script>\n<!-- \/ Yoast SEO plugin. -->","yoast_head_json":{"title":"Siemens - Nolte keukens Offici\u00eble website","robots":{"index":"index","follow":"follow","max-snippet":"max-snippet:-1","max-image-preview":"max-image-preview:large","max-video-preview":"max-video-preview:-1"},"canonical":"https:\/\/noltekeukens.nl\/en\/siemens\/","og_locale":"en_GB","og_type":"article","og_title":"Siemens - Nolte keukens Offici\u00eble website","og_description":"Innovatie gedreven door nieuwsgierigheid Siemens Huishoudapparaten combineert innovatieve technologie met doordacht design. Het resultaat is een reeks intelligente en intu\u00eftieve producten die je individuele levensstijl gegarandeerd verrijken. Innovatie die verder gaat dan wat we zien Huishoudapparaten die ons inspireren en de thuiservaring uitbreiden tot meer dan alleen functionaliteit. Bijzonder intu\u00eftieve, tijdbesparende functies, met de hand [&hellip;]","og_url":"https:\/\/noltekeukens.nl\/en\/siemens\/","og_site_name":"Nolte keukens Offici\u00eble website","article_publisher":"https:\/\/www.facebook.com\/noltekeukens","article_modified_time":"2022-08-23T15:29:52+00:00","og_image":[{"url":"http:\/\/noltekeukens.nl\/wp-content\/uploads\/2022\/07\/Siemens.svg","type":"","width":"","height":""}],"twitter_card":"summary_large_image","schema":{"@context":"https:\/\/schema.org","@graph":[{"@type":"WebPage","@id":"https:\/\/noltekeukens.nl\/siemens\/","url":"https:\/\/noltekeukens.nl\/siemens\/","name":"Siemens - Nolte keukens Offici\u00eble website","isPartOf":{"@id":"https:\/\/noltekeukens.nl\/#website"},"primaryImageOfPage":{"@id":"https:\/\/noltekeukens.nl\/siemens\/#primaryimage"},"image":{"@id":"https:\/\/noltekeukens.nl\/siemens\/#primaryimage"},"thumbnailUrl":"http:\/\/noltekeukens.nl\/wp-content\/uploads\/2022\/07\/Siemens.svg","datePublished":"2022-08-23T15:23:04+00:00","dateModified":"2022-08-23T15:29:52+00:00","breadcrumb":{"@id":"https:\/\/noltekeukens.nl\/siemens\/#breadcrumb"},"inLanguage":"en-GB","potentialAction":[{"@type":"ReadAction","target":["https:\/\/noltekeukens.nl\/siemens\/"]}]},{"@type":"ImageObject","inLanguage":"en-GB","@id":"https:\/\/noltekeukens.nl\/siemens\/#primaryimage","url":"http:\/\/noltekeukens.nl\/wp-content\/uploads\/2022\/07\/Siemens.svg","contentUrl":"http:\/\/noltekeukens.nl\/wp-content\/uploads\/2022\/07\/Siemens.svg"},{"@type":"BreadcrumbList","@id":"https:\/\/noltekeukens.nl\/siemens\/#breadcrumb","itemListElement":[{"@type":"ListItem","position":1,"name":"Home","item":"https:\/\/noltekeukens.nl\/"},{"@type":"ListItem","position":2,"name":"Siemens"}]},{"@type":"WebSite","@id":"https:\/\/noltekeukens.nl\/#website","url":"https:\/\/noltekeukens.nl\/","name":"Nolte keukens Offici\u00eble website","description":"Ontdek de grootste Nolte collectie bij de offici\u00eble Nolte K\u00fcchen brandstores van Nederland.","publisher":{"@id":"https:\/\/noltekeukens.nl\/#organization"},"potentialAction":[{"@type":"SearchAction","target":{"@type":"EntryPoint","urlTemplate":"https:\/\/noltekeukens.nl\/?s={search_term_string}"},"query-input":{"@type":"PropertyValueSpecification","valueRequired":true,"valueName":"search_term_string"}}],"inLanguage":"en-GB"},{"@type":"Organization","@id":"https:\/\/noltekeukens.nl\/#organization","name":"Nolte keukens Offici\u00eble website","url":"https:\/\/noltekeukens.nl\/","logo":{"@type":"ImageObject","inLanguage":"en-GB","@id":"https:\/\/noltekeukens.nl\/#\/schema\/logo\/image\/","url":"https:\/\/noltekeukens.nl\/wp-content\/uploads\/2022\/07\/Logo-nolte-zwart-1.png","contentUrl":"https:\/\/noltekeukens.nl\/wp-content\/uploads\/2022\/07\/Logo-nolte-zwart-1.png","width":1063,"height":252,"caption":"Nolte keukens Offici\u00eble website"},"image":{"@id":"https:\/\/noltekeukens.nl\/#\/schema\/logo\/image\/"},"sameAs":["https:\/\/www.facebook.com\/noltekeukens"]}]}},"_links":{"self":[{"href":"https:\/\/noltekeukens.nl\/en\/wp-json\/wp\/v2\/pages\/4450","targetHints":{"allow":["GET"]}}],"collection":[{"href":"https:\/\/noltekeukens.nl\/en\/wp-json\/wp\/v2\/pages"}],"about":[{"href":"https:\/\/noltekeukens.nl\/en\/wp-json\/wp\/v2\/types\/page"}],"author":[{"embeddable":true,"href":"https:\/\/noltekeukens.nl\/en\/wp-json\/wp\/v2\/users\/2"}],"replies":[{"embeddable":true,"href":"https:\/\/noltekeukens.nl\/en\/wp-json\/wp\/v2\/comments?post=4450"}],"version-history":[{"count":7,"href":"https:\/\/noltekeukens.nl\/en\/wp-json\/wp\/v2\/pages\/4450\/revisions"}],"predecessor-version":[{"id":4464,"href":"https:\/\/noltekeukens.nl\/en\/wp-json\/wp\/v2\/pages\/4450\/revisions\/4464"}],"wp:attachment":[{"href":"https:\/\/noltekeukens.nl\/en\/wp-json\/wp\/v2\/media?parent=4450"}],"curies":[{"name":"wp","href":"https:\/\/api.w.org\/{rel}","templated":true}]}}