{"id":4395,"date":"2022-08-23T12:34:29","date_gmt":"2022-08-23T12:34:29","guid":{"rendered":"https:\/\/nolte.vormfactor.com\/?page_id=4395"},"modified":"2022-08-23T12:56:54","modified_gmt":"2022-08-23T12:56:54","slug":"quooker","status":"publish","type":"page","link":"https:\/\/noltekeukens.nl\/en\/quooker\/","title":{"rendered":"Quooker"},"content":{"rendered":"<div data-elementor-type=\"wp-page\" data-elementor-id=\"4395\" class=\"elementor elementor-4395\" data-elementor-post-type=\"page\">\n\t\t\t\t\t\t<section class=\"elementor-section elementor-top-section elementor-element elementor-element-b256a30 elementor-section-boxed elementor-section-height-default elementor-section-height-default\" data-id=\"b256a30\" data-element_type=\"section\" data-e-type=\"section\" data-settings=\"{&quot;background_background&quot;:&quot;classic&quot;}\">\n\t\t\t\t\t\t\t<div class=\"elementor-background-overlay\"><\/div>\n\t\t\t\t\t\t\t<div class=\"elementor-container elementor-column-gap-default\">\n\t\t\t\t\t<div class=\"elementor-column elementor-col-100 elementor-top-column elementor-element elementor-element-0765aff\" data-id=\"0765aff\" data-element_type=\"column\" data-e-type=\"column\">\n\t\t\t<div class=\"elementor-widget-wrap\">\n\t\t\t\t\t\t\t<\/div>\n\t\t<\/div>\n\t\t\t\t\t<\/div>\n\t\t<\/section>\n\t\t\t\t<section class=\"elementor-section elementor-top-section elementor-element elementor-element-31f63ee elementor-section-boxed elementor-section-height-default elementor-section-height-default\" data-id=\"31f63ee\" data-element_type=\"section\" data-e-type=\"section\">\n\t\t\t\t\t\t<div class=\"elementor-container elementor-column-gap-default\">\n\t\t\t\t\t<div class=\"elementor-column elementor-col-33 elementor-top-column elementor-element elementor-element-6339c22\" data-id=\"6339c22\" data-element_type=\"column\" data-e-type=\"column\">\n\t\t\t<div class=\"elementor-widget-wrap\">\n\t\t\t\t\t\t\t<\/div>\n\t\t<\/div>\n\t\t\t\t<div class=\"elementor-column elementor-col-33 elementor-top-column elementor-element elementor-element-19deb69\" data-id=\"19deb69\" data-element_type=\"column\" data-e-type=\"column\">\n\t\t\t<div class=\"elementor-widget-wrap elementor-element-populated\">\n\t\t\t\t\t\t<div class=\"elementor-element elementor-element-477dd47 elementor-widget elementor-widget-image\" data-id=\"477dd47\" data-element_type=\"widget\" data-e-type=\"widget\" data-widget_type=\"image.default\">\n\t\t\t\t<div class=\"elementor-widget-container\">\n\t\t\t\t\t\t\t\t\t\t\t\t\t\t\t<img decoding=\"async\" width=\"208\" height=\"138\" src=\"https:\/\/noltekeukens.nl\/wp-content\/uploads\/2022\/07\/Quooker.svg\" class=\"attachment-full size-full wp-image-807\" alt=\"\" \/>\t\t\t\t\t\t\t\t\t\t\t\t\t\t\t<\/div>\n\t\t\t\t<\/div>\n\t\t\t\t\t<\/div>\n\t\t<\/div>\n\t\t\t\t<div class=\"elementor-column elementor-col-33 elementor-top-column elementor-element elementor-element-2828a2e\" data-id=\"2828a2e\" data-element_type=\"column\" data-e-type=\"column\">\n\t\t\t<div class=\"elementor-widget-wrap\">\n\t\t\t\t\t\t\t<\/div>\n\t\t<\/div>\n\t\t\t\t\t<\/div>\n\t\t<\/section>\n\t\t\t\t<section class=\"elementor-section elementor-top-section elementor-element elementor-element-48b435b elementor-section-boxed elementor-section-height-default elementor-section-height-default\" data-id=\"48b435b\" data-element_type=\"section\" data-e-type=\"section\">\n\t\t\t\t\t\t<div class=\"elementor-container elementor-column-gap-default\">\n\t\t\t\t\t<div class=\"elementor-column elementor-col-50 elementor-top-column elementor-element elementor-element-cddc55f\" data-id=\"cddc55f\" data-element_type=\"column\" data-e-type=\"column\">\n\t\t\t<div class=\"elementor-widget-wrap elementor-element-populated\">\n\t\t\t\t\t\t<div class=\"elementor-element elementor-element-1d82ab3 elementor-widget elementor-widget-image\" data-id=\"1d82ab3\" data-element_type=\"widget\" data-e-type=\"widget\" data-widget_type=\"image.default\">\n\t\t\t\t<div class=\"elementor-widget-container\">\n\t\t\t\t\t\t\t\t\t\t\t\t\t\t\t<img fetchpriority=\"high\" decoding=\"async\" width=\"700\" height=\"700\" src=\"https:\/\/noltekeukens.nl\/wp-content\/uploads\/2022\/08\/Fusion-Square-zwart.jpeg\" class=\"attachment-large size-large wp-image-4398\" alt=\"\" srcset=\"https:\/\/noltekeukens.nl\/wp-content\/uploads\/2022\/08\/Fusion-Square-zwart.jpeg 700w, https:\/\/noltekeukens.nl\/wp-content\/uploads\/2022\/08\/Fusion-Square-zwart-300x300.jpeg 300w, https:\/\/noltekeukens.nl\/wp-content\/uploads\/2022\/08\/Fusion-Square-zwart-100x100.jpeg 100w, https:\/\/noltekeukens.nl\/wp-content\/uploads\/2022\/08\/Fusion-Square-zwart-600x600.jpeg 600w, https:\/\/noltekeukens.nl\/wp-content\/uploads\/2022\/08\/Fusion-Square-zwart-150x150.jpeg 150w\" sizes=\"(max-width: 700px) 100vw, 700px\" \/>\t\t\t\t\t\t\t\t\t\t\t\t\t\t\t<\/div>\n\t\t\t\t<\/div>\n\t\t\t\t\t<\/div>\n\t\t<\/div>\n\t\t\t\t<div class=\"elementor-column elementor-col-50 elementor-top-column elementor-element elementor-element-086a3bb\" data-id=\"086a3bb\" data-element_type=\"column\" data-e-type=\"column\">\n\t\t\t<div class=\"elementor-widget-wrap elementor-element-populated\">\n\t\t\t\t\t\t<div class=\"elementor-element elementor-element-3b41645 elementor-widget elementor-widget-heading\" data-id=\"3b41645\" data-element_type=\"widget\" data-e-type=\"widget\" data-widget_type=\"heading.default\">\n\t\t\t\t<div class=\"elementor-widget-container\">\n\t\t\t\t\t<h2 class=\"elementor-heading-title elementor-size-default\">Discover the tap that can do everything<\/h2>\t\t\t\t<\/div>\n\t\t\t\t<\/div>\n\t\t\t\t<div class=\"elementor-element elementor-element-3915e41 elementor-widget elementor-widget-text-editor\" data-id=\"3915e41\" data-element_type=\"widget\" data-e-type=\"widget\" data-widget_type=\"text-editor.default\">\n\t\t\t\t<div class=\"elementor-widget-container\">\n\t\t\t\t\t\t\t\t\t<p style=\"--tw-translate-x: 0; --tw-translate-y: 0; --tw-rotate: 0; --tw-skew-x: 0; --tw-skew-y: 0; --tw-scale-x: 1; --tw-scale-y: 1; ; --tw-scroll-snap-strictness: proximity; ; --tw-ring-offset-width: 0px; --tw-ring-offset-color: #fff; --tw-ring-color: #3b82f680; --tw-ring-offset-shadow: 0 0 #0000; --tw-ring-shadow: 0 0 #0000; --tw-shadow: 0 0 #0000; --tw-shadow-colored: 0 0 #0000; ; margin-bottom: 1rem; color: #373535; font-family: 'Basis Grotesque Pro', 'Helvetica Neue', Helvetica, Arial, sans-serif; font-size: 18px;\">Quooker is well on its way to conquering the world. Since its invention in 1970 by Henri Peteri, the boiling water tap has developed into an indispensable tool in kitchens all over the world.<\/p>\t\t\t\t\t\t\t\t<\/div>\n\t\t\t\t<\/div>\n\t\t\t\t\t<\/div>\n\t\t<\/div>\n\t\t\t\t\t<\/div>\n\t\t<\/section>\n\t\t\t\t<section class=\"elementor-section elementor-top-section elementor-element elementor-element-214860d elementor-section-boxed elementor-section-height-default elementor-section-height-default\" data-id=\"214860d\" data-element_type=\"section\" data-e-type=\"section\" data-settings=\"{&quot;background_background&quot;:&quot;classic&quot;}\">\n\t\t\t\t\t\t<div class=\"elementor-container elementor-column-gap-default\">\n\t\t\t\t\t<div class=\"elementor-column elementor-col-50 elementor-top-column elementor-element elementor-element-64f06c6\" data-id=\"64f06c6\" data-element_type=\"column\" data-e-type=\"column\">\n\t\t\t<div class=\"elementor-widget-wrap elementor-element-populated\">\n\t\t\t\t\t\t<div class=\"elementor-element elementor-element-4619780 elementor-widget elementor-widget-heading\" data-id=\"4619780\" data-element_type=\"widget\" data-e-type=\"widget\" data-widget_type=\"heading.default\">\n\t\t\t\t<div class=\"elementor-widget-container\">\n\t\t\t\t\t<h2 class=\"elementor-heading-title elementor-size-default\">A revolutionary idea<\/h2>\t\t\t\t<\/div>\n\t\t\t\t<\/div>\n\t\t\t\t<div class=\"elementor-element elementor-element-459a20c elementor-widget elementor-widget-text-editor\" data-id=\"459a20c\" data-element_type=\"widget\" data-e-type=\"widget\" data-widget_type=\"text-editor.default\">\n\t\t\t\t<div class=\"elementor-widget-container\">\n\t\t\t\t\t\t\t\t\t<p>Boiling water from your kitchen tap? In 1970, it was an almost absurd idea; today, Quooker is conquering the world.\u00a0<br \/><br \/>Quooker currently produces more than 300,000 Quooker systems per year, has thousands of dealers worldwide, doubles its turnover every three years and has branches in Belgium, Denmark, Germany, Hong Kong, the Netherlands, Ireland, Israel, Italy, Austria, Norway, Spain, the United Kingdom, the United Arab Emirates, and Switzerland. This is the result of years of continuous development, testing, and technical innovation.<br \/>The Peteri brothers have always strived to create products that are as responsible, energy-efficient and high-quality as possible. They now run an internationally successful company. However, in keeping with the spirit of their late father, they continue to innovate.<\/p>\t\t\t\t\t\t\t\t<\/div>\n\t\t\t\t<\/div>\n\t\t\t\t\t<\/div>\n\t\t<\/div>\n\t\t\t\t<div class=\"elementor-column elementor-col-50 elementor-top-column elementor-element elementor-element-759128e\" data-id=\"759128e\" data-element_type=\"column\" data-e-type=\"column\">\n\t\t\t<div class=\"elementor-widget-wrap elementor-element-populated\">\n\t\t\t\t\t\t<div class=\"elementor-element elementor-element-fbe2af9 elementor-widget elementor-widget-image\" data-id=\"fbe2af9\" data-element_type=\"widget\" data-e-type=\"widget\" data-widget_type=\"image.default\">\n\t\t\t\t<div class=\"elementor-widget-container\">\n\t\t\t\t\t\t\t\t\t\t\t\t\t\t\t<img decoding=\"async\" src=\"https:\/\/noltekeukens.nl\/wp-content\/uploads\/2022\/08\/Classic-Fusion-Round-messing-patina.jpeg\" title=\"Classic Fusion Round messing patina\" alt=\"Classic Fusion Round messing patina\" loading=\"lazy\" \/>\t\t\t\t\t\t\t\t\t\t\t\t\t\t\t<\/div>\n\t\t\t\t<\/div>\n\t\t\t\t\t<\/div>\n\t\t<\/div>\n\t\t\t\t\t<\/div>\n\t\t<\/section>\n\t\t\t\t<\/div>","protected":false},"excerpt":{"rendered":"<p>Ontdek de kraan die alles kan Quooker is hard op weg de wereld te veroveren. De kokendwaterkraan heeft zich, sinds de uitvinding in 1970 door Henri Peteri, ontwikkeld als een onmisbare tool in keukens over heel de wereld. Een revolutionair idee Kokend water uit je keukenkraan? Anno 1970 was het een bijna absurde gedachte, inmiddels [&hellip;]<\/p>\n","protected":false},"author":2,"featured_media":0,"parent":0,"menu_order":0,"comment_status":"closed","ping_status":"closed","template":"elementor_header_footer","meta":{"footnotes":""},"class_list":["post-4395","page","type-page","status-publish","hentry"],"yoast_head":"<!-- This site is optimized with the Yoast SEO plugin v27.3 - https:\/\/yoast.com\/product\/yoast-seo-wordpress\/ -->\n<title>Quooker - Nolte keukens Offici\u00eble website<\/title>\n<meta name=\"robots\" content=\"index, follow, max-snippet:-1, max-image-preview:large, max-video-preview:-1\" \/>\n<link rel=\"canonical\" href=\"https:\/\/noltekeukens.nl\/en\/quooker\/\" \/>\n<meta property=\"og:locale\" content=\"en_GB\" \/>\n<meta property=\"og:type\" content=\"article\" \/>\n<meta property=\"og:title\" content=\"Quooker - Nolte keukens Offici\u00eble website\" \/>\n<meta property=\"og:description\" content=\"Ontdek de kraan die alles kan Quooker is hard op weg de wereld te veroveren. De kokendwaterkraan heeft zich, sinds de uitvinding in 1970 door Henri Peteri, ontwikkeld als een onmisbare tool in keukens over heel de wereld. Een revolutionair idee Kokend water uit je keukenkraan? Anno 1970 was het een bijna absurde gedachte, inmiddels [&hellip;]\" \/>\n<meta property=\"og:url\" content=\"https:\/\/noltekeukens.nl\/en\/quooker\/\" \/>\n<meta property=\"og:site_name\" content=\"Nolte keukens Offici\u00eble website\" \/>\n<meta property=\"article:publisher\" content=\"https:\/\/www.facebook.com\/noltekeukens\" \/>\n<meta property=\"article:modified_time\" content=\"2022-08-23T12:56:54+00:00\" \/>\n<meta property=\"og:image\" content=\"http:\/\/noltekeukens.nl\/wp-content\/uploads\/2022\/07\/Quooker.svg\" \/>\n<meta name=\"twitter:card\" content=\"summary_large_image\" \/>\n<script type=\"application\/ld+json\" class=\"yoast-schema-graph\">{\"@context\":\"https:\\\/\\\/schema.org\",\"@graph\":[{\"@type\":\"WebPage\",\"@id\":\"https:\\\/\\\/noltekeukens.nl\\\/quooker\\\/\",\"url\":\"https:\\\/\\\/noltekeukens.nl\\\/quooker\\\/\",\"name\":\"Quooker - Nolte keukens Offici\u00eble website\",\"isPartOf\":{\"@id\":\"https:\\\/\\\/noltekeukens.nl\\\/#website\"},\"primaryImageOfPage\":{\"@id\":\"https:\\\/\\\/noltekeukens.nl\\\/quooker\\\/#primaryimage\"},\"image\":{\"@id\":\"https:\\\/\\\/noltekeukens.nl\\\/quooker\\\/#primaryimage\"},\"thumbnailUrl\":\"http:\\\/\\\/noltekeukens.nl\\\/wp-content\\\/uploads\\\/2022\\\/07\\\/Quooker.svg\",\"datePublished\":\"2022-08-23T12:34:29+00:00\",\"dateModified\":\"2022-08-23T12:56:54+00:00\",\"breadcrumb\":{\"@id\":\"https:\\\/\\\/noltekeukens.nl\\\/quooker\\\/#breadcrumb\"},\"inLanguage\":\"en-GB\",\"potentialAction\":[{\"@type\":\"ReadAction\",\"target\":[\"https:\\\/\\\/noltekeukens.nl\\\/quooker\\\/\"]}]},{\"@type\":\"ImageObject\",\"inLanguage\":\"en-GB\",\"@id\":\"https:\\\/\\\/noltekeukens.nl\\\/quooker\\\/#primaryimage\",\"url\":\"http:\\\/\\\/noltekeukens.nl\\\/wp-content\\\/uploads\\\/2022\\\/07\\\/Quooker.svg\",\"contentUrl\":\"http:\\\/\\\/noltekeukens.nl\\\/wp-content\\\/uploads\\\/2022\\\/07\\\/Quooker.svg\"},{\"@type\":\"BreadcrumbList\",\"@id\":\"https:\\\/\\\/noltekeukens.nl\\\/quooker\\\/#breadcrumb\",\"itemListElement\":[{\"@type\":\"ListItem\",\"position\":1,\"name\":\"Home\",\"item\":\"https:\\\/\\\/noltekeukens.nl\\\/\"},{\"@type\":\"ListItem\",\"position\":2,\"name\":\"Quooker\"}]},{\"@type\":\"WebSite\",\"@id\":\"https:\\\/\\\/noltekeukens.nl\\\/#website\",\"url\":\"https:\\\/\\\/noltekeukens.nl\\\/\",\"name\":\"Nolte keukens Offici\u00eble website\",\"description\":\"Ontdek de grootste Nolte collectie bij de offici\u00eble Nolte K\u00fcchen brandstores van Nederland.\",\"publisher\":{\"@id\":\"https:\\\/\\\/noltekeukens.nl\\\/#organization\"},\"potentialAction\":[{\"@type\":\"SearchAction\",\"target\":{\"@type\":\"EntryPoint\",\"urlTemplate\":\"https:\\\/\\\/noltekeukens.nl\\\/?s={search_term_string}\"},\"query-input\":{\"@type\":\"PropertyValueSpecification\",\"valueRequired\":true,\"valueName\":\"search_term_string\"}}],\"inLanguage\":\"en-GB\"},{\"@type\":\"Organization\",\"@id\":\"https:\\\/\\\/noltekeukens.nl\\\/#organization\",\"name\":\"Nolte keukens Offici\u00eble website\",\"url\":\"https:\\\/\\\/noltekeukens.nl\\\/\",\"logo\":{\"@type\":\"ImageObject\",\"inLanguage\":\"en-GB\",\"@id\":\"https:\\\/\\\/noltekeukens.nl\\\/#\\\/schema\\\/logo\\\/image\\\/\",\"url\":\"https:\\\/\\\/noltekeukens.nl\\\/wp-content\\\/uploads\\\/2022\\\/07\\\/Logo-nolte-zwart-1.png\",\"contentUrl\":\"https:\\\/\\\/noltekeukens.nl\\\/wp-content\\\/uploads\\\/2022\\\/07\\\/Logo-nolte-zwart-1.png\",\"width\":1063,\"height\":252,\"caption\":\"Nolte keukens Offici\u00eble website\"},\"image\":{\"@id\":\"https:\\\/\\\/noltekeukens.nl\\\/#\\\/schema\\\/logo\\\/image\\\/\"},\"sameAs\":[\"https:\\\/\\\/www.facebook.com\\\/noltekeukens\"]}]}<\/script>\n<!-- \/ Yoast SEO plugin. -->","yoast_head_json":{"title":"Quooker - Nolte keukens Offici\u00eble website","robots":{"index":"index","follow":"follow","max-snippet":"max-snippet:-1","max-image-preview":"max-image-preview:large","max-video-preview":"max-video-preview:-1"},"canonical":"https:\/\/noltekeukens.nl\/en\/quooker\/","og_locale":"en_GB","og_type":"article","og_title":"Quooker - Nolte keukens Offici\u00eble website","og_description":"Ontdek de kraan die alles kan Quooker is hard op weg de wereld te veroveren. De kokendwaterkraan heeft zich, sinds de uitvinding in 1970 door Henri Peteri, ontwikkeld als een onmisbare tool in keukens over heel de wereld. Een revolutionair idee Kokend water uit je keukenkraan? Anno 1970 was het een bijna absurde gedachte, inmiddels [&hellip;]","og_url":"https:\/\/noltekeukens.nl\/en\/quooker\/","og_site_name":"Nolte keukens Offici\u00eble website","article_publisher":"https:\/\/www.facebook.com\/noltekeukens","article_modified_time":"2022-08-23T12:56:54+00:00","og_image":[{"url":"http:\/\/noltekeukens.nl\/wp-content\/uploads\/2022\/07\/Quooker.svg","type":"","width":"","height":""}],"twitter_card":"summary_large_image","schema":{"@context":"https:\/\/schema.org","@graph":[{"@type":"WebPage","@id":"https:\/\/noltekeukens.nl\/quooker\/","url":"https:\/\/noltekeukens.nl\/quooker\/","name":"Quooker - Nolte keukens Offici\u00eble website","isPartOf":{"@id":"https:\/\/noltekeukens.nl\/#website"},"primaryImageOfPage":{"@id":"https:\/\/noltekeukens.nl\/quooker\/#primaryimage"},"image":{"@id":"https:\/\/noltekeukens.nl\/quooker\/#primaryimage"},"thumbnailUrl":"http:\/\/noltekeukens.nl\/wp-content\/uploads\/2022\/07\/Quooker.svg","datePublished":"2022-08-23T12:34:29+00:00","dateModified":"2022-08-23T12:56:54+00:00","breadcrumb":{"@id":"https:\/\/noltekeukens.nl\/quooker\/#breadcrumb"},"inLanguage":"en-GB","potentialAction":[{"@type":"ReadAction","target":["https:\/\/noltekeukens.nl\/quooker\/"]}]},{"@type":"ImageObject","inLanguage":"en-GB","@id":"https:\/\/noltekeukens.nl\/quooker\/#primaryimage","url":"http:\/\/noltekeukens.nl\/wp-content\/uploads\/2022\/07\/Quooker.svg","contentUrl":"http:\/\/noltekeukens.nl\/wp-content\/uploads\/2022\/07\/Quooker.svg"},{"@type":"BreadcrumbList","@id":"https:\/\/noltekeukens.nl\/quooker\/#breadcrumb","itemListElement":[{"@type":"ListItem","position":1,"name":"Home","item":"https:\/\/noltekeukens.nl\/"},{"@type":"ListItem","position":2,"name":"Quooker"}]},{"@type":"WebSite","@id":"https:\/\/noltekeukens.nl\/#website","url":"https:\/\/noltekeukens.nl\/","name":"Nolte keukens Offici\u00eble website","description":"Ontdek de grootste Nolte collectie bij de offici\u00eble Nolte K\u00fcchen brandstores van Nederland.","publisher":{"@id":"https:\/\/noltekeukens.nl\/#organization"},"potentialAction":[{"@type":"SearchAction","target":{"@type":"EntryPoint","urlTemplate":"https:\/\/noltekeukens.nl\/?s={search_term_string}"},"query-input":{"@type":"PropertyValueSpecification","valueRequired":true,"valueName":"search_term_string"}}],"inLanguage":"en-GB"},{"@type":"Organization","@id":"https:\/\/noltekeukens.nl\/#organization","name":"Nolte keukens Offici\u00eble website","url":"https:\/\/noltekeukens.nl\/","logo":{"@type":"ImageObject","inLanguage":"en-GB","@id":"https:\/\/noltekeukens.nl\/#\/schema\/logo\/image\/","url":"https:\/\/noltekeukens.nl\/wp-content\/uploads\/2022\/07\/Logo-nolte-zwart-1.png","contentUrl":"https:\/\/noltekeukens.nl\/wp-content\/uploads\/2022\/07\/Logo-nolte-zwart-1.png","width":1063,"height":252,"caption":"Nolte keukens Offici\u00eble website"},"image":{"@id":"https:\/\/noltekeukens.nl\/#\/schema\/logo\/image\/"},"sameAs":["https:\/\/www.facebook.com\/noltekeukens"]}]}},"_links":{"self":[{"href":"https:\/\/noltekeukens.nl\/en\/wp-json\/wp\/v2\/pages\/4395","targetHints":{"allow":["GET"]}}],"collection":[{"href":"https:\/\/noltekeukens.nl\/en\/wp-json\/wp\/v2\/pages"}],"about":[{"href":"https:\/\/noltekeukens.nl\/en\/wp-json\/wp\/v2\/types\/page"}],"author":[{"embeddable":true,"href":"https:\/\/noltekeukens.nl\/en\/wp-json\/wp\/v2\/users\/2"}],"replies":[{"embeddable":true,"href":"https:\/\/noltekeukens.nl\/en\/wp-json\/wp\/v2\/comments?post=4395"}],"version-history":[{"count":4,"href":"https:\/\/noltekeukens.nl\/en\/wp-json\/wp\/v2\/pages\/4395\/revisions"}],"predecessor-version":[{"id":4405,"href":"https:\/\/noltekeukens.nl\/en\/wp-json\/wp\/v2\/pages\/4395\/revisions\/4405"}],"wp:attachment":[{"href":"https:\/\/noltekeukens.nl\/en\/wp-json\/wp\/v2\/media?parent=4395"}],"curies":[{"name":"wp","href":"https:\/\/api.w.org\/{rel}","templated":true}]}}