{"id":4315,"date":"2022-08-23T11:57:08","date_gmt":"2022-08-23T11:57:08","guid":{"rendered":"https:\/\/nolte.vormfactor.com\/?page_id=4315"},"modified":"2022-08-23T12:11:09","modified_gmt":"2022-08-23T12:11:09","slug":"falmec","status":"publish","type":"page","link":"https:\/\/noltekeukens.nl\/en\/falmec\/","title":{"rendered":"Falmec"},"content":{"rendered":"<div data-elementor-type=\"wp-page\" data-elementor-id=\"4315\" class=\"elementor elementor-4315\" data-elementor-post-type=\"page\">\n\t\t\t\t\t\t<section class=\"elementor-section elementor-top-section elementor-element elementor-element-9cbb8c3 elementor-section-boxed elementor-section-height-default elementor-section-height-default\" data-id=\"9cbb8c3\" data-element_type=\"section\" data-e-type=\"section\" data-settings=\"{&quot;background_background&quot;:&quot;classic&quot;}\">\n\t\t\t\t\t\t\t<div class=\"elementor-background-overlay\"><\/div>\n\t\t\t\t\t\t\t<div class=\"elementor-container elementor-column-gap-default\">\n\t\t\t\t\t<div class=\"elementor-column elementor-col-100 elementor-top-column elementor-element elementor-element-c9df30d\" data-id=\"c9df30d\" data-element_type=\"column\" data-e-type=\"column\">\n\t\t\t<div class=\"elementor-widget-wrap\">\n\t\t\t\t\t\t\t<\/div>\n\t\t<\/div>\n\t\t\t\t\t<\/div>\n\t\t<\/section>\n\t\t\t\t<section class=\"elementor-section elementor-top-section elementor-element elementor-element-32abcfd elementor-section-boxed elementor-section-height-default elementor-section-height-default\" data-id=\"32abcfd\" data-element_type=\"section\" data-e-type=\"section\">\n\t\t\t\t\t\t<div class=\"elementor-container elementor-column-gap-default\">\n\t\t\t\t\t<div class=\"elementor-column elementor-col-33 elementor-top-column elementor-element elementor-element-8e227d5\" data-id=\"8e227d5\" data-element_type=\"column\" data-e-type=\"column\">\n\t\t\t<div class=\"elementor-widget-wrap\">\n\t\t\t\t\t\t\t<\/div>\n\t\t<\/div>\n\t\t\t\t<div class=\"elementor-column elementor-col-33 elementor-top-column elementor-element elementor-element-1343295\" data-id=\"1343295\" data-element_type=\"column\" data-e-type=\"column\">\n\t\t\t<div class=\"elementor-widget-wrap elementor-element-populated\">\n\t\t\t\t\t\t<div class=\"elementor-element elementor-element-7f2d09c elementor-widget elementor-widget-image\" data-id=\"7f2d09c\" data-element_type=\"widget\" data-e-type=\"widget\" data-widget_type=\"image.default\">\n\t\t\t\t<div class=\"elementor-widget-container\">\n\t\t\t\t\t\t\t\t\t\t\t\t\t\t\t<img decoding=\"async\" width=\"208\" height=\"138\" src=\"https:\/\/noltekeukens.nl\/wp-content\/uploads\/2022\/07\/falmec.svg\" class=\"attachment-full size-full wp-image-804\" alt=\"\" \/>\t\t\t\t\t\t\t\t\t\t\t\t\t\t\t<\/div>\n\t\t\t\t<\/div>\n\t\t\t\t\t<\/div>\n\t\t<\/div>\n\t\t\t\t<div class=\"elementor-column elementor-col-33 elementor-top-column elementor-element elementor-element-b7cd4db\" data-id=\"b7cd4db\" data-element_type=\"column\" data-e-type=\"column\">\n\t\t\t<div class=\"elementor-widget-wrap\">\n\t\t\t\t\t\t\t<\/div>\n\t\t<\/div>\n\t\t\t\t\t<\/div>\n\t\t<\/section>\n\t\t\t\t<section class=\"elementor-section elementor-top-section elementor-element elementor-element-defe432 elementor-section-boxed elementor-section-height-default elementor-section-height-default\" data-id=\"defe432\" data-element_type=\"section\" data-e-type=\"section\">\n\t\t\t\t\t\t<div class=\"elementor-container elementor-column-gap-default\">\n\t\t\t\t\t<div class=\"elementor-column elementor-col-50 elementor-top-column elementor-element elementor-element-ba2eb13\" data-id=\"ba2eb13\" data-element_type=\"column\" data-e-type=\"column\">\n\t\t\t<div class=\"elementor-widget-wrap elementor-element-populated\">\n\t\t\t\t\t\t<div class=\"elementor-element elementor-element-f67b892 elementor-widget elementor-widget-image\" data-id=\"f67b892\" data-element_type=\"widget\" data-e-type=\"widget\" data-widget_type=\"image.default\">\n\t\t\t\t<div class=\"elementor-widget-container\">\n\t\t\t\t\t\t\t\t\t\t\t\t\t\t\t<img fetchpriority=\"high\" decoding=\"async\" width=\"768\" height=\"1024\" src=\"https:\/\/noltekeukens.nl\/wp-content\/uploads\/2022\/08\/Falmec-1-768x1024.jpeg\" class=\"attachment-large size-large wp-image-4324\" alt=\"\" srcset=\"https:\/\/noltekeukens.nl\/wp-content\/uploads\/2022\/08\/Falmec-1-768x1024.jpeg 768w, https:\/\/noltekeukens.nl\/wp-content\/uploads\/2022\/08\/Falmec-1-600x800.jpeg 600w, https:\/\/noltekeukens.nl\/wp-content\/uploads\/2022\/08\/Falmec-1-225x300.jpeg 225w, https:\/\/noltekeukens.nl\/wp-content\/uploads\/2022\/08\/Falmec-1-1152x1536.jpeg 1152w, https:\/\/noltekeukens.nl\/wp-content\/uploads\/2022\/08\/Falmec-1.jpeg 1200w\" sizes=\"(max-width: 768px) 100vw, 768px\" \/>\t\t\t\t\t\t\t\t\t\t\t\t\t\t\t<\/div>\n\t\t\t\t<\/div>\n\t\t\t\t\t<\/div>\n\t\t<\/div>\n\t\t\t\t<div class=\"elementor-column elementor-col-50 elementor-top-column elementor-element elementor-element-82500f9\" data-id=\"82500f9\" data-element_type=\"column\" data-e-type=\"column\">\n\t\t\t<div class=\"elementor-widget-wrap elementor-element-populated\">\n\t\t\t\t\t\t<div class=\"elementor-element elementor-element-3bb2069 elementor-widget elementor-widget-heading\" data-id=\"3bb2069\" data-element_type=\"widget\" data-e-type=\"widget\" data-widget_type=\"heading.default\">\n\t\t\t\t<div class=\"elementor-widget-container\">\n\t\t\t\t\t<h2 class=\"elementor-heading-title elementor-size-default\">Innovation is in the air.<\/h2>\t\t\t\t<\/div>\n\t\t\t\t<\/div>\n\t\t\t\t<div class=\"elementor-element elementor-element-76a8819 elementor-widget elementor-widget-text-editor\" data-id=\"76a8819\" data-element_type=\"widget\" data-e-type=\"widget\" data-widget_type=\"text-editor.default\">\n\t\t\t\t<div class=\"elementor-widget-container\">\n\t\t\t\t\t\t\t\t\t<p>A company that has become increasingly important and well-known in the world of kitchen ventilation systems over time.<br \/>A technological and design revolution spanning decades, evolving with new needs and lifestyles, translated into tangible solutions that enhance the time you spend at home.<\/p>\t\t\t\t\t\t\t\t<\/div>\n\t\t\t\t<\/div>\n\t\t\t\t<div class=\"elementor-element elementor-element-20fbdcd elementor-widget elementor-widget-heading\" data-id=\"20fbdcd\" data-element_type=\"widget\" data-e-type=\"widget\" data-widget_type=\"heading.default\">\n\t\t\t\t<div class=\"elementor-widget-container\">\n\t\t\t\t\t<h4 class=\"elementor-heading-title elementor-size-default\">Life inspired<\/h4>\t\t\t\t<\/div>\n\t\t\t\t<\/div>\n\t\t\t\t<div class=\"elementor-element elementor-element-900d30d elementor-widget elementor-widget-text-editor\" data-id=\"900d30d\" data-element_type=\"widget\" data-e-type=\"widget\" data-widget_type=\"text-editor.default\">\n\t\t\t\t<div class=\"elementor-widget-container\">\n\t\t\t\t\t\t\t\t\t<p>Extractor hoods, integrated cooking and ventilation systems, air purification solutions: Falmec offers a wide range of products to suit every need.<\/p>\t\t\t\t\t\t\t\t<\/div>\n\t\t\t\t<\/div>\n\t\t\t\t<section class=\"elementor-section elementor-inner-section elementor-element elementor-element-a4baf5d elementor-section-boxed elementor-section-height-default elementor-section-height-default\" data-id=\"a4baf5d\" data-element_type=\"section\" data-e-type=\"section\">\n\t\t\t\t\t\t<div class=\"elementor-container elementor-column-gap-default\">\n\t\t\t\t\t<div class=\"elementor-column elementor-col-33 elementor-inner-column elementor-element elementor-element-cb8096d\" data-id=\"cb8096d\" data-element_type=\"column\" data-e-type=\"column\">\n\t\t\t<div class=\"elementor-widget-wrap elementor-element-populated\">\n\t\t\t\t\t\t<div class=\"elementor-element elementor-element-e9ad605 elementor-widget elementor-widget-image\" data-id=\"e9ad605\" data-element_type=\"widget\" data-e-type=\"widget\" data-widget_type=\"image.default\">\n\t\t\t\t<div class=\"elementor-widget-container\">\n\t\t\t\t\t\t\t\t\t\t\t\t\t\t\t<img decoding=\"async\" width=\"700\" height=\"700\" src=\"https:\/\/noltekeukens.nl\/wp-content\/uploads\/2022\/08\/hoods-cover-square-700x700.7c02151.jpg\" class=\"elementor-animation-grow-rotate attachment-large size-large wp-image-4335\" alt=\"\" srcset=\"https:\/\/noltekeukens.nl\/wp-content\/uploads\/2022\/08\/hoods-cover-square-700x700.7c02151.jpg 700w, https:\/\/noltekeukens.nl\/wp-content\/uploads\/2022\/08\/hoods-cover-square-700x700.7c02151-300x300.jpg 300w, https:\/\/noltekeukens.nl\/wp-content\/uploads\/2022\/08\/hoods-cover-square-700x700.7c02151-100x100.jpg 100w, https:\/\/noltekeukens.nl\/wp-content\/uploads\/2022\/08\/hoods-cover-square-700x700.7c02151-600x600.jpg 600w, https:\/\/noltekeukens.nl\/wp-content\/uploads\/2022\/08\/hoods-cover-square-700x700.7c02151-150x150.jpg 150w\" sizes=\"(max-width: 700px) 100vw, 700px\" \/>\t\t\t\t\t\t\t\t\t\t\t\t\t\t\t<\/div>\n\t\t\t\t<\/div>\n\t\t\t\t<div class=\"elementor-element elementor-element-7b20aef elementor-widget elementor-widget-heading\" data-id=\"7b20aef\" data-element_type=\"widget\" data-e-type=\"widget\" data-widget_type=\"heading.default\">\n\t\t\t\t<div class=\"elementor-widget-container\">\n\t\t\t\t\t<h5 class=\"elementor-heading-title elementor-size-default\">Extractor hoods<\/h5>\t\t\t\t<\/div>\n\t\t\t\t<\/div>\n\t\t\t\t\t<\/div>\n\t\t<\/div>\n\t\t\t\t<div class=\"elementor-column elementor-col-33 elementor-inner-column elementor-element elementor-element-9a063be\" data-id=\"9a063be\" data-element_type=\"column\" data-e-type=\"column\">\n\t\t\t<div class=\"elementor-widget-wrap elementor-element-populated\">\n\t\t\t\t\t\t<div class=\"elementor-element elementor-element-cb3860f elementor-widget elementor-widget-image\" data-id=\"cb3860f\" data-element_type=\"widget\" data-e-type=\"widget\" data-widget_type=\"image.default\">\n\t\t\t\t<div class=\"elementor-widget-container\">\n\t\t\t\t\t\t\t\t\t\t\t\t\t\t\t<img loading=\"lazy\" decoding=\"async\" width=\"700\" height=\"700\" src=\"https:\/\/noltekeukens.nl\/wp-content\/uploads\/2022\/08\/cookingsystems-cover-square-700x700.244a20c.jpg\" class=\"elementor-animation-grow-rotate attachment-large size-large wp-image-4334\" alt=\"\" srcset=\"https:\/\/noltekeukens.nl\/wp-content\/uploads\/2022\/08\/cookingsystems-cover-square-700x700.244a20c.jpg 700w, https:\/\/noltekeukens.nl\/wp-content\/uploads\/2022\/08\/cookingsystems-cover-square-700x700.244a20c-300x300.jpg 300w, https:\/\/noltekeukens.nl\/wp-content\/uploads\/2022\/08\/cookingsystems-cover-square-700x700.244a20c-100x100.jpg 100w, https:\/\/noltekeukens.nl\/wp-content\/uploads\/2022\/08\/cookingsystems-cover-square-700x700.244a20c-600x600.jpg 600w, https:\/\/noltekeukens.nl\/wp-content\/uploads\/2022\/08\/cookingsystems-cover-square-700x700.244a20c-150x150.jpg 150w\" sizes=\"(max-width: 700px) 100vw, 700px\" \/>\t\t\t\t\t\t\t\t\t\t\t\t\t\t\t<\/div>\n\t\t\t\t<\/div>\n\t\t\t\t<div class=\"elementor-element elementor-element-5abc1bd elementor-widget elementor-widget-heading\" data-id=\"5abc1bd\" data-element_type=\"widget\" data-e-type=\"widget\" data-widget_type=\"heading.default\">\n\t\t\t\t<div class=\"elementor-widget-container\">\n\t\t\t\t\t<h5 class=\"elementor-heading-title elementor-size-default\">Cooktop with built-in ventilation<\/h5>\t\t\t\t<\/div>\n\t\t\t\t<\/div>\n\t\t\t\t\t<\/div>\n\t\t<\/div>\n\t\t\t\t<div class=\"elementor-column elementor-col-33 elementor-inner-column elementor-element elementor-element-97a1691\" data-id=\"97a1691\" data-element_type=\"column\" data-e-type=\"column\">\n\t\t\t<div class=\"elementor-widget-wrap elementor-element-populated\">\n\t\t\t\t\t\t<div class=\"elementor-element elementor-element-0c4db9f elementor-widget elementor-widget-image\" data-id=\"0c4db9f\" data-element_type=\"widget\" data-e-type=\"widget\" data-widget_type=\"image.default\">\n\t\t\t\t<div class=\"elementor-widget-container\">\n\t\t\t\t\t\t\t\t\t\t\t\t\t\t\t<img loading=\"lazy\" decoding=\"async\" width=\"700\" height=\"700\" src=\"https:\/\/noltekeukens.nl\/wp-content\/uploads\/2022\/08\/airsystems-cover-square-700x700.f1950e9.jpg\" class=\"elementor-animation-grow-rotate attachment-large size-large wp-image-4333\" alt=\"\" srcset=\"https:\/\/noltekeukens.nl\/wp-content\/uploads\/2022\/08\/airsystems-cover-square-700x700.f1950e9.jpg 700w, https:\/\/noltekeukens.nl\/wp-content\/uploads\/2022\/08\/airsystems-cover-square-700x700.f1950e9-300x300.jpg 300w, https:\/\/noltekeukens.nl\/wp-content\/uploads\/2022\/08\/airsystems-cover-square-700x700.f1950e9-100x100.jpg 100w, https:\/\/noltekeukens.nl\/wp-content\/uploads\/2022\/08\/airsystems-cover-square-700x700.f1950e9-600x600.jpg 600w, https:\/\/noltekeukens.nl\/wp-content\/uploads\/2022\/08\/airsystems-cover-square-700x700.f1950e9-150x150.jpg 150w\" sizes=\"(max-width: 700px) 100vw, 700px\" \/>\t\t\t\t\t\t\t\t\t\t\t\t\t\t\t<\/div>\n\t\t\t\t<\/div>\n\t\t\t\t<div class=\"elementor-element elementor-element-7a17653 elementor-widget elementor-widget-heading\" data-id=\"7a17653\" data-element_type=\"widget\" data-e-type=\"widget\" data-widget_type=\"heading.default\">\n\t\t\t\t<div class=\"elementor-widget-container\">\n\t\t\t\t\t<h5 class=\"elementor-heading-title elementor-size-default\">Bellaria<\/h5>\t\t\t\t<\/div>\n\t\t\t\t<\/div>\n\t\t\t\t\t<\/div>\n\t\t<\/div>\n\t\t\t\t\t<\/div>\n\t\t<\/section>\n\t\t\t\t\t<\/div>\n\t\t<\/div>\n\t\t\t\t\t<\/div>\n\t\t<\/section>\n\t\t\t\t<section class=\"elementor-section elementor-top-section elementor-element elementor-element-630e233 elementor-section-boxed elementor-section-height-default elementor-section-height-default\" data-id=\"630e233\" data-element_type=\"section\" data-e-type=\"section\" data-settings=\"{&quot;background_background&quot;:&quot;classic&quot;}\">\n\t\t\t\t\t\t<div class=\"elementor-container elementor-column-gap-default\">\n\t\t\t\t\t<div class=\"elementor-column elementor-col-50 elementor-top-column elementor-element elementor-element-7308f13\" data-id=\"7308f13\" data-element_type=\"column\" data-e-type=\"column\">\n\t\t\t<div class=\"elementor-widget-wrap elementor-element-populated\">\n\t\t\t\t\t\t<div class=\"elementor-element elementor-element-b072fb4 elementor-widget elementor-widget-heading\" data-id=\"b072fb4\" data-element_type=\"widget\" data-e-type=\"widget\" data-widget_type=\"heading.default\">\n\t\t\t\t<div class=\"elementor-widget-container\">\n\t\t\t\t\t<h2 class=\"elementor-heading-title elementor-size-default\">Design.<\/h2>\t\t\t\t<\/div>\n\t\t\t\t<\/div>\n\t\t\t\t<div class=\"elementor-element elementor-element-1b5731b elementor-widget elementor-widget-text-editor\" data-id=\"1b5731b\" data-element_type=\"widget\" data-e-type=\"widget\" data-widget_type=\"text-editor.default\">\n\t\t\t\t<div class=\"elementor-widget-container\">\n\t\t\t\t\t\t\t\t\t<div class=\"o-block o-block5 block-single block-9\" data-id=\"5\"><div class=\"grid-container\"><div class=\"grid-x align-center\"><div class=\"cell large-6 xxxlarge-5\"><h5 class=\"o-block5__subtitle\">Design in the truest sense of the word.<\/h5><\/div><\/div><\/div><\/div><div class=\"o-block o-block6 block-single block-10\" data-id=\"6\"><div class=\"grid-x\"><div class=\"cell large-6 grid-x align-middle align-center\"><div class=\"grid-container\"><div class=\"grid-x align-center\"><div class=\"o-block6__content-wr cell large-6 xxxlarge-6\"><div class=\"o-block6__body\">Always focused on functional design, which is not an end in itself, but intended to respond to the needs of people and the environment in which the product is used. Falmec has succeeded in finding the perfect balance between elegance and attention to detail without compromising on the functionality of the product.<br \/><br \/>An original design enriched by collaboration with leading Italian designers and architects, which today has been recognised by the most prestigious international design awards, such as the Compasso d'Oro ADI edition 2020.<\/div><\/div><\/div><\/div><\/div><\/div><\/div>\t\t\t\t\t\t\t\t<\/div>\n\t\t\t\t<\/div>\n\t\t\t\t\t<\/div>\n\t\t<\/div>\n\t\t\t\t<div class=\"elementor-column elementor-col-50 elementor-top-column elementor-element elementor-element-12d11b7\" data-id=\"12d11b7\" data-element_type=\"column\" data-e-type=\"column\">\n\t\t\t<div class=\"elementor-widget-wrap elementor-element-populated\">\n\t\t\t\t\t\t<div class=\"elementor-element elementor-element-1ab8922 elementor-widget elementor-widget-image\" data-id=\"1ab8922\" data-element_type=\"widget\" data-e-type=\"widget\" data-widget_type=\"image.default\">\n\t\t\t\t<div class=\"elementor-widget-container\">\n\t\t\t\t\t\t\t\t\t\t\t\t\t\t\t<img decoding=\"async\" src=\"https:\/\/noltekeukens.nl\/wp-content\/uploads\/2022\/08\/Falmec-2.jpeg\" title=\"Falmec-2\" alt=\"Falmec-2\" loading=\"lazy\" \/>\t\t\t\t\t\t\t\t\t\t\t\t\t\t\t<\/div>\n\t\t\t\t<\/div>\n\t\t\t\t\t<\/div>\n\t\t<\/div>\n\t\t\t\t\t<\/div>\n\t\t<\/section>\n\t\t\t\t<\/div>","protected":false},"excerpt":{"rendered":"<p>Er hangt innovatie in de lucht. Een bedrijf dat gedurende de tijd, steeds belangrijker en bekend is geworden in de wereld van keuken afzuigsystemen.Een technologische en ontwerp revolutie over decennia met transformaties in nieuwe behoeften en levensstijlen, vertaald in concrete oplossingen, die de tijd die je thuis doorbrengt verbeteren. Life inspired Afzuigkappen, ge\u00efntegreerde kook- en [&hellip;]<\/p>\n","protected":false},"author":2,"featured_media":0,"parent":0,"menu_order":0,"comment_status":"closed","ping_status":"closed","template":"elementor_header_footer","meta":{"footnotes":""},"class_list":["post-4315","page","type-page","status-publish","hentry"],"yoast_head":"<!-- This site is optimized with the Yoast SEO plugin v27.3 - https:\/\/yoast.com\/product\/yoast-seo-wordpress\/ -->\n<title>Falmec - Nolte keukens Offici\u00eble website<\/title>\n<meta name=\"robots\" content=\"index, follow, max-snippet:-1, max-image-preview:large, max-video-preview:-1\" \/>\n<link rel=\"canonical\" href=\"https:\/\/noltekeukens.nl\/en\/falmec\/\" \/>\n<meta property=\"og:locale\" content=\"en_GB\" \/>\n<meta property=\"og:type\" content=\"article\" \/>\n<meta property=\"og:title\" content=\"Falmec - Nolte keukens Offici\u00eble website\" \/>\n<meta property=\"og:description\" content=\"Er hangt innovatie in de lucht. Een bedrijf dat gedurende de tijd, steeds belangrijker en bekend is geworden in de wereld van keuken afzuigsystemen.Een technologische en ontwerp revolutie over decennia met transformaties in nieuwe behoeften en levensstijlen, vertaald in concrete oplossingen, die de tijd die je thuis doorbrengt verbeteren. Life inspired Afzuigkappen, ge\u00efntegreerde kook- en [&hellip;]\" \/>\n<meta property=\"og:url\" content=\"https:\/\/noltekeukens.nl\/en\/falmec\/\" \/>\n<meta property=\"og:site_name\" content=\"Nolte keukens Offici\u00eble website\" \/>\n<meta property=\"article:publisher\" content=\"https:\/\/www.facebook.com\/noltekeukens\" \/>\n<meta property=\"article:modified_time\" content=\"2022-08-23T12:11:09+00:00\" \/>\n<meta property=\"og:image\" content=\"http:\/\/noltekeukens.nl\/wp-content\/uploads\/2022\/07\/falmec.svg\" \/>\n<meta name=\"twitter:card\" content=\"summary_large_image\" \/>\n<script type=\"application\/ld+json\" class=\"yoast-schema-graph\">{\"@context\":\"https:\\\/\\\/schema.org\",\"@graph\":[{\"@type\":\"WebPage\",\"@id\":\"https:\\\/\\\/noltekeukens.nl\\\/falmec\\\/\",\"url\":\"https:\\\/\\\/noltekeukens.nl\\\/falmec\\\/\",\"name\":\"Falmec - Nolte keukens Offici\u00eble website\",\"isPartOf\":{\"@id\":\"https:\\\/\\\/noltekeukens.nl\\\/#website\"},\"primaryImageOfPage\":{\"@id\":\"https:\\\/\\\/noltekeukens.nl\\\/falmec\\\/#primaryimage\"},\"image\":{\"@id\":\"https:\\\/\\\/noltekeukens.nl\\\/falmec\\\/#primaryimage\"},\"thumbnailUrl\":\"http:\\\/\\\/noltekeukens.nl\\\/wp-content\\\/uploads\\\/2022\\\/07\\\/falmec.svg\",\"datePublished\":\"2022-08-23T11:57:08+00:00\",\"dateModified\":\"2022-08-23T12:11:09+00:00\",\"breadcrumb\":{\"@id\":\"https:\\\/\\\/noltekeukens.nl\\\/falmec\\\/#breadcrumb\"},\"inLanguage\":\"en-GB\",\"potentialAction\":[{\"@type\":\"ReadAction\",\"target\":[\"https:\\\/\\\/noltekeukens.nl\\\/falmec\\\/\"]}]},{\"@type\":\"ImageObject\",\"inLanguage\":\"en-GB\",\"@id\":\"https:\\\/\\\/noltekeukens.nl\\\/falmec\\\/#primaryimage\",\"url\":\"http:\\\/\\\/noltekeukens.nl\\\/wp-content\\\/uploads\\\/2022\\\/07\\\/falmec.svg\",\"contentUrl\":\"http:\\\/\\\/noltekeukens.nl\\\/wp-content\\\/uploads\\\/2022\\\/07\\\/falmec.svg\"},{\"@type\":\"BreadcrumbList\",\"@id\":\"https:\\\/\\\/noltekeukens.nl\\\/falmec\\\/#breadcrumb\",\"itemListElement\":[{\"@type\":\"ListItem\",\"position\":1,\"name\":\"Home\",\"item\":\"https:\\\/\\\/noltekeukens.nl\\\/\"},{\"@type\":\"ListItem\",\"position\":2,\"name\":\"Falmec\"}]},{\"@type\":\"WebSite\",\"@id\":\"https:\\\/\\\/noltekeukens.nl\\\/#website\",\"url\":\"https:\\\/\\\/noltekeukens.nl\\\/\",\"name\":\"Nolte keukens Offici\u00eble website\",\"description\":\"Ontdek de grootste Nolte collectie bij de offici\u00eble Nolte K\u00fcchen brandstores van Nederland.\",\"publisher\":{\"@id\":\"https:\\\/\\\/noltekeukens.nl\\\/#organization\"},\"potentialAction\":[{\"@type\":\"SearchAction\",\"target\":{\"@type\":\"EntryPoint\",\"urlTemplate\":\"https:\\\/\\\/noltekeukens.nl\\\/?s={search_term_string}\"},\"query-input\":{\"@type\":\"PropertyValueSpecification\",\"valueRequired\":true,\"valueName\":\"search_term_string\"}}],\"inLanguage\":\"en-GB\"},{\"@type\":\"Organization\",\"@id\":\"https:\\\/\\\/noltekeukens.nl\\\/#organization\",\"name\":\"Nolte keukens Offici\u00eble website\",\"url\":\"https:\\\/\\\/noltekeukens.nl\\\/\",\"logo\":{\"@type\":\"ImageObject\",\"inLanguage\":\"en-GB\",\"@id\":\"https:\\\/\\\/noltekeukens.nl\\\/#\\\/schema\\\/logo\\\/image\\\/\",\"url\":\"https:\\\/\\\/noltekeukens.nl\\\/wp-content\\\/uploads\\\/2022\\\/07\\\/Logo-nolte-zwart-1.png\",\"contentUrl\":\"https:\\\/\\\/noltekeukens.nl\\\/wp-content\\\/uploads\\\/2022\\\/07\\\/Logo-nolte-zwart-1.png\",\"width\":1063,\"height\":252,\"caption\":\"Nolte keukens Offici\u00eble website\"},\"image\":{\"@id\":\"https:\\\/\\\/noltekeukens.nl\\\/#\\\/schema\\\/logo\\\/image\\\/\"},\"sameAs\":[\"https:\\\/\\\/www.facebook.com\\\/noltekeukens\"]}]}<\/script>\n<!-- \/ Yoast SEO plugin. -->","yoast_head_json":{"title":"Falmec - Nolte keukens Offici\u00eble website","robots":{"index":"index","follow":"follow","max-snippet":"max-snippet:-1","max-image-preview":"max-image-preview:large","max-video-preview":"max-video-preview:-1"},"canonical":"https:\/\/noltekeukens.nl\/en\/falmec\/","og_locale":"en_GB","og_type":"article","og_title":"Falmec - Nolte keukens Offici\u00eble website","og_description":"Er hangt innovatie in de lucht. Een bedrijf dat gedurende de tijd, steeds belangrijker en bekend is geworden in de wereld van keuken afzuigsystemen.Een technologische en ontwerp revolutie over decennia met transformaties in nieuwe behoeften en levensstijlen, vertaald in concrete oplossingen, die de tijd die je thuis doorbrengt verbeteren. Life inspired Afzuigkappen, ge\u00efntegreerde kook- en [&hellip;]","og_url":"https:\/\/noltekeukens.nl\/en\/falmec\/","og_site_name":"Nolte keukens Offici\u00eble website","article_publisher":"https:\/\/www.facebook.com\/noltekeukens","article_modified_time":"2022-08-23T12:11:09+00:00","og_image":[{"url":"http:\/\/noltekeukens.nl\/wp-content\/uploads\/2022\/07\/falmec.svg","type":"","width":"","height":""}],"twitter_card":"summary_large_image","schema":{"@context":"https:\/\/schema.org","@graph":[{"@type":"WebPage","@id":"https:\/\/noltekeukens.nl\/falmec\/","url":"https:\/\/noltekeukens.nl\/falmec\/","name":"Falmec - Nolte keukens Offici\u00eble website","isPartOf":{"@id":"https:\/\/noltekeukens.nl\/#website"},"primaryImageOfPage":{"@id":"https:\/\/noltekeukens.nl\/falmec\/#primaryimage"},"image":{"@id":"https:\/\/noltekeukens.nl\/falmec\/#primaryimage"},"thumbnailUrl":"http:\/\/noltekeukens.nl\/wp-content\/uploads\/2022\/07\/falmec.svg","datePublished":"2022-08-23T11:57:08+00:00","dateModified":"2022-08-23T12:11:09+00:00","breadcrumb":{"@id":"https:\/\/noltekeukens.nl\/falmec\/#breadcrumb"},"inLanguage":"en-GB","potentialAction":[{"@type":"ReadAction","target":["https:\/\/noltekeukens.nl\/falmec\/"]}]},{"@type":"ImageObject","inLanguage":"en-GB","@id":"https:\/\/noltekeukens.nl\/falmec\/#primaryimage","url":"http:\/\/noltekeukens.nl\/wp-content\/uploads\/2022\/07\/falmec.svg","contentUrl":"http:\/\/noltekeukens.nl\/wp-content\/uploads\/2022\/07\/falmec.svg"},{"@type":"BreadcrumbList","@id":"https:\/\/noltekeukens.nl\/falmec\/#breadcrumb","itemListElement":[{"@type":"ListItem","position":1,"name":"Home","item":"https:\/\/noltekeukens.nl\/"},{"@type":"ListItem","position":2,"name":"Falmec"}]},{"@type":"WebSite","@id":"https:\/\/noltekeukens.nl\/#website","url":"https:\/\/noltekeukens.nl\/","name":"Nolte keukens Offici\u00eble website","description":"Ontdek de grootste Nolte collectie bij de offici\u00eble Nolte K\u00fcchen brandstores van Nederland.","publisher":{"@id":"https:\/\/noltekeukens.nl\/#organization"},"potentialAction":[{"@type":"SearchAction","target":{"@type":"EntryPoint","urlTemplate":"https:\/\/noltekeukens.nl\/?s={search_term_string}"},"query-input":{"@type":"PropertyValueSpecification","valueRequired":true,"valueName":"search_term_string"}}],"inLanguage":"en-GB"},{"@type":"Organization","@id":"https:\/\/noltekeukens.nl\/#organization","name":"Nolte keukens Offici\u00eble website","url":"https:\/\/noltekeukens.nl\/","logo":{"@type":"ImageObject","inLanguage":"en-GB","@id":"https:\/\/noltekeukens.nl\/#\/schema\/logo\/image\/","url":"https:\/\/noltekeukens.nl\/wp-content\/uploads\/2022\/07\/Logo-nolte-zwart-1.png","contentUrl":"https:\/\/noltekeukens.nl\/wp-content\/uploads\/2022\/07\/Logo-nolte-zwart-1.png","width":1063,"height":252,"caption":"Nolte keukens Offici\u00eble website"},"image":{"@id":"https:\/\/noltekeukens.nl\/#\/schema\/logo\/image\/"},"sameAs":["https:\/\/www.facebook.com\/noltekeukens"]}]}},"_links":{"self":[{"href":"https:\/\/noltekeukens.nl\/en\/wp-json\/wp\/v2\/pages\/4315","targetHints":{"allow":["GET"]}}],"collection":[{"href":"https:\/\/noltekeukens.nl\/en\/wp-json\/wp\/v2\/pages"}],"about":[{"href":"https:\/\/noltekeukens.nl\/en\/wp-json\/wp\/v2\/types\/page"}],"author":[{"embeddable":true,"href":"https:\/\/noltekeukens.nl\/en\/wp-json\/wp\/v2\/users\/2"}],"replies":[{"embeddable":true,"href":"https:\/\/noltekeukens.nl\/en\/wp-json\/wp\/v2\/comments?post=4315"}],"version-history":[{"count":20,"href":"https:\/\/noltekeukens.nl\/en\/wp-json\/wp\/v2\/pages\/4315\/revisions"}],"predecessor-version":[{"id":4350,"href":"https:\/\/noltekeukens.nl\/en\/wp-json\/wp\/v2\/pages\/4315\/revisions\/4350"}],"wp:attachment":[{"href":"https:\/\/noltekeukens.nl\/en\/wp-json\/wp\/v2\/media?parent=4315"}],"curies":[{"name":"wp","href":"https:\/\/api.w.org\/{rel}","templated":true}]}}