{"id":4288,"date":"2022-08-23T11:51:23","date_gmt":"2022-08-23T11:51:23","guid":{"rendered":"https:\/\/nolte.vormfactor.com\/?page_id=4288"},"modified":"2022-08-23T15:22:43","modified_gmt":"2022-08-23T15:22:43","slug":"boretti","status":"publish","type":"page","link":"https:\/\/noltekeukens.nl\/en\/boretti\/","title":{"rendered":"Boretti"},"content":{"rendered":"<div data-elementor-type=\"wp-page\" data-elementor-id=\"4288\" class=\"elementor elementor-4288\" data-elementor-post-type=\"page\">\n\t\t\t\t\t\t<section class=\"elementor-section elementor-top-section elementor-element elementor-element-9c3fd13 elementor-section-boxed elementor-section-height-default elementor-section-height-default\" data-id=\"9c3fd13\" data-element_type=\"section\" data-e-type=\"section\" data-settings=\"{&quot;background_background&quot;:&quot;classic&quot;}\">\n\t\t\t\t\t\t\t<div class=\"elementor-background-overlay\"><\/div>\n\t\t\t\t\t\t\t<div class=\"elementor-container elementor-column-gap-default\">\n\t\t\t\t\t<div class=\"elementor-column elementor-col-100 elementor-top-column elementor-element elementor-element-7ac2698\" data-id=\"7ac2698\" data-element_type=\"column\" data-e-type=\"column\">\n\t\t\t<div class=\"elementor-widget-wrap\">\n\t\t\t\t\t\t\t<\/div>\n\t\t<\/div>\n\t\t\t\t\t<\/div>\n\t\t<\/section>\n\t\t\t\t<section class=\"elementor-section elementor-top-section elementor-element elementor-element-fafea96 elementor-section-boxed elementor-section-height-default elementor-section-height-default\" data-id=\"fafea96\" data-element_type=\"section\" data-e-type=\"section\">\n\t\t\t\t\t\t<div class=\"elementor-container elementor-column-gap-default\">\n\t\t\t\t\t<div class=\"elementor-column elementor-col-33 elementor-top-column elementor-element elementor-element-fd5efa6\" data-id=\"fd5efa6\" data-element_type=\"column\" data-e-type=\"column\">\n\t\t\t<div class=\"elementor-widget-wrap\">\n\t\t\t\t\t\t\t<\/div>\n\t\t<\/div>\n\t\t\t\t<div class=\"elementor-column elementor-col-33 elementor-top-column elementor-element elementor-element-38f3a47\" data-id=\"38f3a47\" data-element_type=\"column\" data-e-type=\"column\">\n\t\t\t<div class=\"elementor-widget-wrap elementor-element-populated\">\n\t\t\t\t\t\t<div class=\"elementor-element elementor-element-277598f elementor-widget elementor-widget-image\" data-id=\"277598f\" data-element_type=\"widget\" data-e-type=\"widget\" data-widget_type=\"image.default\">\n\t\t\t\t<div class=\"elementor-widget-container\">\n\t\t\t\t\t\t\t\t\t\t\t\t\t\t\t<img decoding=\"async\" width=\"208\" height=\"138\" src=\"https:\/\/noltekeukens.nl\/wp-content\/uploads\/2022\/07\/boretti-1.svg\" class=\"attachment-full size-full wp-image-814\" alt=\"\" \/>\t\t\t\t\t\t\t\t\t\t\t\t\t\t\t<\/div>\n\t\t\t\t<\/div>\n\t\t\t\t\t<\/div>\n\t\t<\/div>\n\t\t\t\t<div class=\"elementor-column elementor-col-33 elementor-top-column elementor-element elementor-element-cdfaa10\" data-id=\"cdfaa10\" data-element_type=\"column\" data-e-type=\"column\">\n\t\t\t<div class=\"elementor-widget-wrap\">\n\t\t\t\t\t\t\t<\/div>\n\t\t<\/div>\n\t\t\t\t\t<\/div>\n\t\t<\/section>\n\t\t\t\t<section class=\"elementor-section elementor-top-section elementor-element elementor-element-17c9a56 elementor-section-boxed elementor-section-height-default elementor-section-height-default\" data-id=\"17c9a56\" data-element_type=\"section\" data-e-type=\"section\">\n\t\t\t\t\t\t<div class=\"elementor-container elementor-column-gap-default\">\n\t\t\t\t\t<div class=\"elementor-column elementor-col-50 elementor-top-column elementor-element elementor-element-19e8dcc\" data-id=\"19e8dcc\" data-element_type=\"column\" data-e-type=\"column\">\n\t\t\t<div class=\"elementor-widget-wrap elementor-element-populated\">\n\t\t\t\t\t\t<div class=\"elementor-element elementor-element-21d8da5 elementor-widget elementor-widget-image\" data-id=\"21d8da5\" data-element_type=\"widget\" data-e-type=\"widget\" data-widget_type=\"image.default\">\n\t\t\t\t<div class=\"elementor-widget-container\">\n\t\t\t\t\t\t\t\t\t\t\t\t\t\t\t<img fetchpriority=\"high\" decoding=\"async\" width=\"800\" height=\"534\" src=\"https:\/\/noltekeukens.nl\/wp-content\/uploads\/2022\/08\/CFBG901OW2_Img_ImgMooPho_NoView_2-1024x683.webp\" class=\"attachment-large size-large wp-image-4436\" alt=\"\" srcset=\"https:\/\/noltekeukens.nl\/wp-content\/uploads\/2022\/08\/CFBG901OW2_Img_ImgMooPho_NoView_2-1024x683.webp 1024w, https:\/\/noltekeukens.nl\/wp-content\/uploads\/2022\/08\/CFBG901OW2_Img_ImgMooPho_NoView_2-scaled-600x400.webp 600w, https:\/\/noltekeukens.nl\/wp-content\/uploads\/2022\/08\/CFBG901OW2_Img_ImgMooPho_NoView_2-300x200.webp 300w, https:\/\/noltekeukens.nl\/wp-content\/uploads\/2022\/08\/CFBG901OW2_Img_ImgMooPho_NoView_2-768x512.webp 768w, https:\/\/noltekeukens.nl\/wp-content\/uploads\/2022\/08\/CFBG901OW2_Img_ImgMooPho_NoView_2-1536x1024.webp 1536w, https:\/\/noltekeukens.nl\/wp-content\/uploads\/2022\/08\/CFBG901OW2_Img_ImgMooPho_NoView_2-2048x1365.webp 2048w\" sizes=\"(max-width: 800px) 100vw, 800px\" \/>\t\t\t\t\t\t\t\t\t\t\t\t\t\t\t<\/div>\n\t\t\t\t<\/div>\n\t\t\t\t\t<\/div>\n\t\t<\/div>\n\t\t\t\t<div class=\"elementor-column elementor-col-50 elementor-top-column elementor-element elementor-element-243b5a3\" data-id=\"243b5a3\" data-element_type=\"column\" data-e-type=\"column\">\n\t\t\t<div class=\"elementor-widget-wrap elementor-element-populated\">\n\t\t\t\t\t\t<div class=\"elementor-element elementor-element-210cea4 elementor-widget elementor-widget-heading\" data-id=\"210cea4\" data-element_type=\"widget\" data-e-type=\"widget\" data-widget_type=\"heading.default\">\n\t\t\t\t<div class=\"elementor-widget-container\">\n\t\t\t\t\t<h2 class=\"elementor-heading-title elementor-size-default\">Be inspired and experience Boretti's 'passione in cucina' for yourself.<\/h2>\t\t\t\t<\/div>\n\t\t\t\t<\/div>\n\t\t\t\t<div class=\"elementor-element elementor-element-ac827f5 elementor-widget elementor-widget-text-editor\" data-id=\"ac827f5\" data-element_type=\"widget\" data-e-type=\"widget\" data-widget_type=\"text-editor.default\">\n\t\t\t\t<div class=\"elementor-widget-container\">\n\t\t\t\t\t\t\t\t\t<p>For over 25 years, Boretti has brought the Italian lifestyle to the Netherlands. Boretti is synonymous with high-quality products, Italian design, and the \u2018passione in cucina\u2019 \u2013 a love for the Italian culinary lifestyle. Originally, Boretti began with the sale of stoves, the first of which was produced in 1995, and it was an immediate success. Following the stoves, Boretti expanded its range to include both indoor and outdoor kitchen products. To complete the experience, a wide array of culinary accessories was also developed. With its products, Boretti ensures that every dish, espresso, or aperitivo is given an authentic Italian touch. Boretti thus creates the perfect Italian lifestyle, fulfilling all your gastronomic desires. The Italian taste, the passion with which Italians approach life, and the leading role of high-quality Italian design worldwide are core values that Boretti conveys through all its products.\u00a0<\/p>\t\t\t\t\t\t\t\t<\/div>\n\t\t\t\t<\/div>\n\t\t\t\t\t<\/div>\n\t\t<\/div>\n\t\t\t\t\t<\/div>\n\t\t<\/section>\n\t\t\t\t<section class=\"elementor-section elementor-top-section elementor-element elementor-element-be1a6ff elementor-section-boxed elementor-section-height-default elementor-section-height-default\" data-id=\"be1a6ff\" data-element_type=\"section\" data-e-type=\"section\" data-settings=\"{&quot;background_background&quot;:&quot;classic&quot;}\">\n\t\t\t\t\t\t<div class=\"elementor-container elementor-column-gap-default\">\n\t\t\t\t\t<div class=\"elementor-column elementor-col-50 elementor-top-column elementor-element elementor-element-f39e5f4\" data-id=\"f39e5f4\" data-element_type=\"column\" data-e-type=\"column\">\n\t\t\t<div class=\"elementor-widget-wrap elementor-element-populated\">\n\t\t\t\t\t\t<div class=\"elementor-element elementor-element-2493a4d elementor-widget elementor-widget-heading\" data-id=\"2493a4d\" data-element_type=\"widget\" data-e-type=\"widget\" data-widget_type=\"heading.default\">\n\t\t\t\t<div class=\"elementor-widget-container\">\n\t\t\t\t\t<h2 class=\"elementor-heading-title elementor-size-default\">Create a special space with Boretti, where you can enjoy, connect, and make memories. Bring the Italian culinary lifestyle into your own home.<\/h2>\t\t\t\t<\/div>\n\t\t\t\t<\/div>\n\t\t\t\t\t<\/div>\n\t\t<\/div>\n\t\t\t\t<div class=\"elementor-column elementor-col-50 elementor-top-column elementor-element elementor-element-a0d1625\" data-id=\"a0d1625\" data-element_type=\"column\" data-e-type=\"column\">\n\t\t\t<div class=\"elementor-widget-wrap elementor-element-populated\">\n\t\t\t\t\t\t<div class=\"elementor-element elementor-element-f5cdfff elementor-widget elementor-widget-image\" data-id=\"f5cdfff\" data-element_type=\"widget\" data-e-type=\"widget\" data-widget_type=\"image.default\">\n\t\t\t\t<div class=\"elementor-widget-container\">\n\t\t\t\t\t\t\t\t\t\t\t\t\t\t\t<img decoding=\"async\" src=\"https:\/\/noltekeukens.nl\/wp-content\/uploads\/2022\/08\/NolteKeukens-ItalianCulinarylifestyle.webp\" title=\"NolteKeukens-ItalianCulinarylifestyle\" alt=\"NolteKeukens-ItalianCulinarylifestyle\" loading=\"lazy\" \/>\t\t\t\t\t\t\t\t\t\t\t\t\t\t\t<\/div>\n\t\t\t\t<\/div>\n\t\t\t\t\t<\/div>\n\t\t<\/div>\n\t\t\t\t\t<\/div>\n\t\t<\/section>\n\t\t\t\t<\/div>","protected":false},"excerpt":{"rendered":"<p>Laat u inspireren en ervaar zelf Boretti\u2019s &#8216;passione in cucina&#8217;. Al ruim 25 jaar brengt Boretti de Italiaanse lifestyle naar Nederland. Boretti is synoniem aan hoogwaardige producten, Italiaans design en de \u2018passione in cucina\u2019, de voorliefde voor de Italian Culinary Lifestyle. Van oorsprong is Boretti gestart met het verkopen van fornuizen, waarvan de eerste in [&hellip;]<\/p>\n","protected":false},"author":2,"featured_media":0,"parent":0,"menu_order":0,"comment_status":"closed","ping_status":"closed","template":"elementor_header_footer","meta":{"footnotes":""},"class_list":["post-4288","page","type-page","status-publish","hentry"],"yoast_head":"<!-- This site is optimized with the Yoast SEO plugin v27.3 - https:\/\/yoast.com\/product\/yoast-seo-wordpress\/ -->\n<title>Boretti - Nolte keukens Offici\u00eble website<\/title>\n<meta name=\"robots\" content=\"index, follow, max-snippet:-1, max-image-preview:large, max-video-preview:-1\" \/>\n<link rel=\"canonical\" href=\"https:\/\/noltekeukens.nl\/en\/boretti\/\" \/>\n<meta property=\"og:locale\" content=\"en_GB\" \/>\n<meta property=\"og:type\" content=\"article\" \/>\n<meta property=\"og:title\" content=\"Boretti - Nolte keukens Offici\u00eble website\" \/>\n<meta property=\"og:description\" content=\"Laat u inspireren en ervaar zelf Boretti\u2019s &#8216;passione in cucina&#8217;. Al ruim 25 jaar brengt Boretti de Italiaanse lifestyle naar Nederland. Boretti is synoniem aan hoogwaardige producten, Italiaans design en de \u2018passione in cucina\u2019, de voorliefde voor de Italian Culinary Lifestyle. Van oorsprong is Boretti gestart met het verkopen van fornuizen, waarvan de eerste in [&hellip;]\" \/>\n<meta property=\"og:url\" content=\"https:\/\/noltekeukens.nl\/en\/boretti\/\" \/>\n<meta property=\"og:site_name\" content=\"Nolte keukens Offici\u00eble website\" \/>\n<meta property=\"article:publisher\" content=\"https:\/\/www.facebook.com\/noltekeukens\" \/>\n<meta property=\"article:modified_time\" content=\"2022-08-23T15:22:43+00:00\" \/>\n<meta property=\"og:image\" content=\"http:\/\/noltekeukens.nl\/wp-content\/uploads\/2022\/07\/boretti-1.svg\" \/>\n<meta name=\"twitter:card\" content=\"summary_large_image\" \/>\n<script type=\"application\/ld+json\" class=\"yoast-schema-graph\">{\"@context\":\"https:\\\/\\\/schema.org\",\"@graph\":[{\"@type\":\"WebPage\",\"@id\":\"https:\\\/\\\/noltekeukens.nl\\\/boretti\\\/\",\"url\":\"https:\\\/\\\/noltekeukens.nl\\\/boretti\\\/\",\"name\":\"Boretti - Nolte keukens Offici\u00eble website\",\"isPartOf\":{\"@id\":\"https:\\\/\\\/noltekeukens.nl\\\/#website\"},\"primaryImageOfPage\":{\"@id\":\"https:\\\/\\\/noltekeukens.nl\\\/boretti\\\/#primaryimage\"},\"image\":{\"@id\":\"https:\\\/\\\/noltekeukens.nl\\\/boretti\\\/#primaryimage\"},\"thumbnailUrl\":\"http:\\\/\\\/noltekeukens.nl\\\/wp-content\\\/uploads\\\/2022\\\/07\\\/boretti-1.svg\",\"datePublished\":\"2022-08-23T11:51:23+00:00\",\"dateModified\":\"2022-08-23T15:22:43+00:00\",\"breadcrumb\":{\"@id\":\"https:\\\/\\\/noltekeukens.nl\\\/boretti\\\/#breadcrumb\"},\"inLanguage\":\"en-GB\",\"potentialAction\":[{\"@type\":\"ReadAction\",\"target\":[\"https:\\\/\\\/noltekeukens.nl\\\/boretti\\\/\"]}]},{\"@type\":\"ImageObject\",\"inLanguage\":\"en-GB\",\"@id\":\"https:\\\/\\\/noltekeukens.nl\\\/boretti\\\/#primaryimage\",\"url\":\"http:\\\/\\\/noltekeukens.nl\\\/wp-content\\\/uploads\\\/2022\\\/07\\\/boretti-1.svg\",\"contentUrl\":\"http:\\\/\\\/noltekeukens.nl\\\/wp-content\\\/uploads\\\/2022\\\/07\\\/boretti-1.svg\"},{\"@type\":\"BreadcrumbList\",\"@id\":\"https:\\\/\\\/noltekeukens.nl\\\/boretti\\\/#breadcrumb\",\"itemListElement\":[{\"@type\":\"ListItem\",\"position\":1,\"name\":\"Home\",\"item\":\"https:\\\/\\\/noltekeukens.nl\\\/\"},{\"@type\":\"ListItem\",\"position\":2,\"name\":\"Boretti\"}]},{\"@type\":\"WebSite\",\"@id\":\"https:\\\/\\\/noltekeukens.nl\\\/#website\",\"url\":\"https:\\\/\\\/noltekeukens.nl\\\/\",\"name\":\"Nolte keukens Offici\u00eble website\",\"description\":\"Ontdek de grootste Nolte collectie bij de offici\u00eble Nolte K\u00fcchen brandstores van Nederland.\",\"publisher\":{\"@id\":\"https:\\\/\\\/noltekeukens.nl\\\/#organization\"},\"potentialAction\":[{\"@type\":\"SearchAction\",\"target\":{\"@type\":\"EntryPoint\",\"urlTemplate\":\"https:\\\/\\\/noltekeukens.nl\\\/?s={search_term_string}\"},\"query-input\":{\"@type\":\"PropertyValueSpecification\",\"valueRequired\":true,\"valueName\":\"search_term_string\"}}],\"inLanguage\":\"en-GB\"},{\"@type\":\"Organization\",\"@id\":\"https:\\\/\\\/noltekeukens.nl\\\/#organization\",\"name\":\"Nolte keukens Offici\u00eble website\",\"url\":\"https:\\\/\\\/noltekeukens.nl\\\/\",\"logo\":{\"@type\":\"ImageObject\",\"inLanguage\":\"en-GB\",\"@id\":\"https:\\\/\\\/noltekeukens.nl\\\/#\\\/schema\\\/logo\\\/image\\\/\",\"url\":\"https:\\\/\\\/noltekeukens.nl\\\/wp-content\\\/uploads\\\/2022\\\/07\\\/Logo-nolte-zwart-1.png\",\"contentUrl\":\"https:\\\/\\\/noltekeukens.nl\\\/wp-content\\\/uploads\\\/2022\\\/07\\\/Logo-nolte-zwart-1.png\",\"width\":1063,\"height\":252,\"caption\":\"Nolte keukens Offici\u00eble website\"},\"image\":{\"@id\":\"https:\\\/\\\/noltekeukens.nl\\\/#\\\/schema\\\/logo\\\/image\\\/\"},\"sameAs\":[\"https:\\\/\\\/www.facebook.com\\\/noltekeukens\"]}]}<\/script>\n<!-- \/ Yoast SEO plugin. -->","yoast_head_json":{"title":"Boretti - Nolte keukens Offici\u00eble website","robots":{"index":"index","follow":"follow","max-snippet":"max-snippet:-1","max-image-preview":"max-image-preview:large","max-video-preview":"max-video-preview:-1"},"canonical":"https:\/\/noltekeukens.nl\/en\/boretti\/","og_locale":"en_GB","og_type":"article","og_title":"Boretti - Nolte keukens Offici\u00eble website","og_description":"Laat u inspireren en ervaar zelf Boretti\u2019s &#8216;passione in cucina&#8217;. Al ruim 25 jaar brengt Boretti de Italiaanse lifestyle naar Nederland. Boretti is synoniem aan hoogwaardige producten, Italiaans design en de \u2018passione in cucina\u2019, de voorliefde voor de Italian Culinary Lifestyle. Van oorsprong is Boretti gestart met het verkopen van fornuizen, waarvan de eerste in [&hellip;]","og_url":"https:\/\/noltekeukens.nl\/en\/boretti\/","og_site_name":"Nolte keukens Offici\u00eble website","article_publisher":"https:\/\/www.facebook.com\/noltekeukens","article_modified_time":"2022-08-23T15:22:43+00:00","og_image":[{"url":"http:\/\/noltekeukens.nl\/wp-content\/uploads\/2022\/07\/boretti-1.svg","type":"","width":"","height":""}],"twitter_card":"summary_large_image","schema":{"@context":"https:\/\/schema.org","@graph":[{"@type":"WebPage","@id":"https:\/\/noltekeukens.nl\/boretti\/","url":"https:\/\/noltekeukens.nl\/boretti\/","name":"Boretti - Nolte keukens Offici\u00eble website","isPartOf":{"@id":"https:\/\/noltekeukens.nl\/#website"},"primaryImageOfPage":{"@id":"https:\/\/noltekeukens.nl\/boretti\/#primaryimage"},"image":{"@id":"https:\/\/noltekeukens.nl\/boretti\/#primaryimage"},"thumbnailUrl":"http:\/\/noltekeukens.nl\/wp-content\/uploads\/2022\/07\/boretti-1.svg","datePublished":"2022-08-23T11:51:23+00:00","dateModified":"2022-08-23T15:22:43+00:00","breadcrumb":{"@id":"https:\/\/noltekeukens.nl\/boretti\/#breadcrumb"},"inLanguage":"en-GB","potentialAction":[{"@type":"ReadAction","target":["https:\/\/noltekeukens.nl\/boretti\/"]}]},{"@type":"ImageObject","inLanguage":"en-GB","@id":"https:\/\/noltekeukens.nl\/boretti\/#primaryimage","url":"http:\/\/noltekeukens.nl\/wp-content\/uploads\/2022\/07\/boretti-1.svg","contentUrl":"http:\/\/noltekeukens.nl\/wp-content\/uploads\/2022\/07\/boretti-1.svg"},{"@type":"BreadcrumbList","@id":"https:\/\/noltekeukens.nl\/boretti\/#breadcrumb","itemListElement":[{"@type":"ListItem","position":1,"name":"Home","item":"https:\/\/noltekeukens.nl\/"},{"@type":"ListItem","position":2,"name":"Boretti"}]},{"@type":"WebSite","@id":"https:\/\/noltekeukens.nl\/#website","url":"https:\/\/noltekeukens.nl\/","name":"Nolte keukens Offici\u00eble website","description":"Ontdek de grootste Nolte collectie bij de offici\u00eble Nolte K\u00fcchen brandstores van Nederland.","publisher":{"@id":"https:\/\/noltekeukens.nl\/#organization"},"potentialAction":[{"@type":"SearchAction","target":{"@type":"EntryPoint","urlTemplate":"https:\/\/noltekeukens.nl\/?s={search_term_string}"},"query-input":{"@type":"PropertyValueSpecification","valueRequired":true,"valueName":"search_term_string"}}],"inLanguage":"en-GB"},{"@type":"Organization","@id":"https:\/\/noltekeukens.nl\/#organization","name":"Nolte keukens Offici\u00eble website","url":"https:\/\/noltekeukens.nl\/","logo":{"@type":"ImageObject","inLanguage":"en-GB","@id":"https:\/\/noltekeukens.nl\/#\/schema\/logo\/image\/","url":"https:\/\/noltekeukens.nl\/wp-content\/uploads\/2022\/07\/Logo-nolte-zwart-1.png","contentUrl":"https:\/\/noltekeukens.nl\/wp-content\/uploads\/2022\/07\/Logo-nolte-zwart-1.png","width":1063,"height":252,"caption":"Nolte keukens Offici\u00eble website"},"image":{"@id":"https:\/\/noltekeukens.nl\/#\/schema\/logo\/image\/"},"sameAs":["https:\/\/www.facebook.com\/noltekeukens"]}]}},"_links":{"self":[{"href":"https:\/\/noltekeukens.nl\/en\/wp-json\/wp\/v2\/pages\/4288","targetHints":{"allow":["GET"]}}],"collection":[{"href":"https:\/\/noltekeukens.nl\/en\/wp-json\/wp\/v2\/pages"}],"about":[{"href":"https:\/\/noltekeukens.nl\/en\/wp-json\/wp\/v2\/types\/page"}],"author":[{"embeddable":true,"href":"https:\/\/noltekeukens.nl\/en\/wp-json\/wp\/v2\/users\/2"}],"replies":[{"embeddable":true,"href":"https:\/\/noltekeukens.nl\/en\/wp-json\/wp\/v2\/comments?post=4288"}],"version-history":[{"count":23,"href":"https:\/\/noltekeukens.nl\/en\/wp-json\/wp\/v2\/pages\/4288\/revisions"}],"predecessor-version":[{"id":4448,"href":"https:\/\/noltekeukens.nl\/en\/wp-json\/wp\/v2\/pages\/4288\/revisions\/4448"}],"wp:attachment":[{"href":"https:\/\/noltekeukens.nl\/en\/wp-json\/wp\/v2\/media?parent=4288"}],"curies":[{"name":"wp","href":"https:\/\/api.w.org\/{rel}","templated":true}]}}