{"id":4237,"date":"2022-08-23T11:19:11","date_gmt":"2022-08-23T11:19:11","guid":{"rendered":"https:\/\/nolte.vormfactor.com\/?page_id=4237"},"modified":"2024-01-04T11:41:43","modified_gmt":"2024-01-04T11:41:43","slug":"aeg","status":"publish","type":"page","link":"https:\/\/noltekeukens.nl\/en\/aeg\/","title":{"rendered":"Aeg"},"content":{"rendered":"<div data-elementor-type=\"wp-page\" data-elementor-id=\"4237\" class=\"elementor elementor-4237\" data-elementor-post-type=\"page\">\n\t\t\t\t<div class=\"elementor-element elementor-element-66e3783 e-flex e-con-boxed e-con e-parent\" data-id=\"66e3783\" data-element_type=\"container\" data-e-type=\"container\" data-settings=\"{&quot;background_background&quot;:&quot;classic&quot;}\">\n\t\t\t\t\t<div class=\"e-con-inner\">\n\t\t<div class=\"elementor-element elementor-element-09b7972 e-con-full e-flex e-con e-child\" data-id=\"09b7972\" data-element_type=\"container\" data-e-type=\"container\">\n\t\t\t\t<\/div>\n\t\t<div class=\"elementor-element elementor-element-c7d5f98 e-con-full e-flex e-con e-child\" data-id=\"c7d5f98\" data-element_type=\"container\" data-e-type=\"container\">\n\t\t\t\t<div class=\"elementor-element elementor-element-5bbc7b5 elementor-widget elementor-widget-image\" data-id=\"5bbc7b5\" data-element_type=\"widget\" data-e-type=\"widget\" data-widget_type=\"image.default\">\n\t\t\t\t<div class=\"elementor-widget-container\">\n\t\t\t\t\t\t\t\t\t\t\t\t\t\t\t<img decoding=\"async\" width=\"208\" height=\"138\" src=\"https:\/\/noltekeukens.nl\/wp-content\/uploads\/2022\/07\/aeg.svg\" class=\"attachment-full size-full wp-image-789\" alt=\"\" \/>\t\t\t\t\t\t\t\t\t\t\t\t\t\t\t<\/div>\n\t\t\t\t<\/div>\n\t\t\t\t<\/div>\n\t\t<div class=\"elementor-element elementor-element-5104dd2 e-con-full e-flex e-con e-child\" data-id=\"5104dd2\" data-element_type=\"container\" data-e-type=\"container\">\n\t\t\t\t<\/div>\n\t\t\t\t\t<\/div>\n\t\t\t\t<\/div>\n\t\t<div class=\"elementor-element elementor-element-6656fc0 e-flex e-con-boxed e-con e-parent\" data-id=\"6656fc0\" data-element_type=\"container\" data-e-type=\"container\">\n\t\t\t\t\t<div class=\"e-con-inner\">\n\t\t<div class=\"elementor-element elementor-element-be37157 e-con-full e-flex e-con e-child\" data-id=\"be37157\" data-element_type=\"container\" data-e-type=\"container\">\n\t\t\t\t<div class=\"elementor-element elementor-element-fc715a4 elementor-widget elementor-widget-image\" data-id=\"fc715a4\" data-element_type=\"widget\" data-e-type=\"widget\" data-widget_type=\"image.default\">\n\t\t\t\t<div class=\"elementor-widget-container\">\n\t\t\t\t\t\t\t\t\t\t\t\t\t\t\t<img fetchpriority=\"high\" decoding=\"async\" width=\"800\" height=\"322\" src=\"https:\/\/noltekeukens.nl\/wp-content\/uploads\/2022\/08\/aeg-authority-about-us-top-1440x580-1-1024x412.jpeg\" class=\"attachment-large size-large wp-image-4266\" alt=\"\" srcset=\"https:\/\/noltekeukens.nl\/wp-content\/uploads\/2022\/08\/aeg-authority-about-us-top-1440x580-1-1024x412.jpeg 1024w, https:\/\/noltekeukens.nl\/wp-content\/uploads\/2022\/08\/aeg-authority-about-us-top-1440x580-1-scaled-600x242.jpeg 600w, https:\/\/noltekeukens.nl\/wp-content\/uploads\/2022\/08\/aeg-authority-about-us-top-1440x580-1-300x121.jpeg 300w, https:\/\/noltekeukens.nl\/wp-content\/uploads\/2022\/08\/aeg-authority-about-us-top-1440x580-1-768x309.jpeg 768w, https:\/\/noltekeukens.nl\/wp-content\/uploads\/2022\/08\/aeg-authority-about-us-top-1440x580-1-1536x619.jpeg 1536w, https:\/\/noltekeukens.nl\/wp-content\/uploads\/2022\/08\/aeg-authority-about-us-top-1440x580-1-2048x825.jpeg 2048w\" sizes=\"(max-width: 800px) 100vw, 800px\" \/>\t\t\t\t\t\t\t\t\t\t\t\t\t\t\t<\/div>\n\t\t\t\t<\/div>\n\t\t\t\t<\/div>\n\t\t<div class=\"elementor-element elementor-element-91fc8ba e-con-full e-flex e-con e-child\" data-id=\"91fc8ba\" data-element_type=\"container\" data-e-type=\"container\">\n\t\t\t\t<div class=\"elementor-element elementor-element-bc97cfa elementor-widget elementor-widget-heading\" data-id=\"bc97cfa\" data-element_type=\"widget\" data-e-type=\"widget\" data-widget_type=\"heading.default\">\n\t\t\t\t<div class=\"elementor-widget-container\">\n\t\t\t\t\t<h2 class=\"elementor-heading-title elementor-size-default\">We are AEG<\/h2>\t\t\t\t<\/div>\n\t\t\t\t<\/div>\n\t\t\t\t<div class=\"elementor-element elementor-element-f18e41b elementor-widget elementor-widget-text-editor\" data-id=\"f18e41b\" data-element_type=\"widget\" data-e-type=\"widget\" data-widget_type=\"text-editor.default\">\n\t\t\t\t<div class=\"elementor-widget-container\">\n\t\t\t\t\t\t\t\t\t<p>We exist to redefine what you expect from your household appliances, which is why we want to challenge the boundaries of everyday life. Since our start in Berlin in 1887, we have never settled for good enough. And we don't think you should either. We believe in responsible innovations that stand out today and contribute to a better future. CHALLENGE THE EXPECTED.<\/p>\t\t\t\t\t\t\t\t<\/div>\n\t\t\t\t<\/div>\n\t\t\t\t<\/div>\n\t\t\t\t\t<\/div>\n\t\t\t\t<\/div>\n\t\t<div class=\"elementor-element elementor-element-2f3dc2b e-flex e-con-boxed e-con e-parent\" data-id=\"2f3dc2b\" data-element_type=\"container\" data-e-type=\"container\" data-settings=\"{&quot;background_background&quot;:&quot;classic&quot;}\">\n\t\t\t\t\t<div class=\"e-con-inner\">\n\t\t<div class=\"elementor-element elementor-element-319cdc1 e-con-full e-flex e-con e-child\" data-id=\"319cdc1\" data-element_type=\"container\" data-e-type=\"container\">\n\t\t\t\t<div class=\"elementor-element elementor-element-fc7bcdc elementor-widget elementor-widget-heading\" data-id=\"fc7bcdc\" data-element_type=\"widget\" data-e-type=\"widget\" data-widget_type=\"heading.default\">\n\t\t\t\t<div class=\"elementor-widget-container\">\n\t\t\t\t\t<h2 class=\"elementor-heading-title elementor-size-default\">THE TASTE OF TOMORROW<\/h2>\t\t\t\t<\/div>\n\t\t\t\t<\/div>\n\t\t\t\t<div class=\"elementor-element elementor-element-4a2b170 elementor-widget elementor-widget-text-editor\" data-id=\"4a2b170\" data-element_type=\"widget\" data-e-type=\"widget\" data-widget_type=\"text-editor.default\">\n\t\t\t\t<div class=\"elementor-widget-container\">\n\t\t\t\t\t\t\t\t\t<p>Our solutions expand your cooking skills and elevate your taste experience. With innovations such as our SensePro hob, you can cook with precision to preserve the nutrients, texture, and flavour of ingredients, while also saving energy. And after dinner, there's no need to bend down to load the dishwasher. ComfortLift takes washing up to a higher level by bringing the basket to you for quick and comfortable loading.<\/p>\t\t\t\t\t\t\t\t<\/div>\n\t\t\t\t<\/div>\n\t\t\t\t<\/div>\n\t\t<div class=\"elementor-element elementor-element-36fb630 e-con-full e-flex e-con e-child\" data-id=\"36fb630\" data-element_type=\"container\" data-e-type=\"container\">\n\t\t\t\t<div class=\"elementor-element elementor-element-61d83e3 elementor-widget elementor-widget-image\" data-id=\"61d83e3\" data-element_type=\"widget\" data-e-type=\"widget\" data-widget_type=\"image.default\">\n\t\t\t\t<div class=\"elementor-widget-container\">\n\t\t\t\t\t\t\t\t\t\t\t\t\t\t\t<img decoding=\"async\" src=\"https:\/\/noltekeukens.nl\/wp-content\/uploads\/2022\/08\/aeg-taste-of-tomorrow-1440x1080-1.jpeg\" title=\"aeg-taste-of-tomorrow-1440&#215;1080\" alt=\"aeg-taste-of-tomorrow-1440x1080\" loading=\"lazy\" \/>\t\t\t\t\t\t\t\t\t\t\t\t\t\t\t<\/div>\n\t\t\t\t<\/div>\n\t\t\t\t<\/div>\n\t\t\t\t\t<\/div>\n\t\t\t\t<\/div>\n\t\t\t\t<\/div>","protected":false},"excerpt":{"rendered":"<p>Wij zijn AEG Wij bestaan om te herdefini\u00ebren wat je verwacht van jouw huishoudelijke apparaten, daarom willen wij de grenzen van het dagelijks leven uitdagen. Sinds onze start in Berlijn in 1887, hebben we nooit genoegen genomen met goed genoeg. En wij vinden dat jij dat ook niet hoeft te doen. Wij geloven in verantwoorde [&hellip;]<\/p>\n","protected":false},"author":2,"featured_media":0,"parent":0,"menu_order":0,"comment_status":"closed","ping_status":"closed","template":"elementor_header_footer","meta":{"footnotes":""},"class_list":["post-4237","page","type-page","status-publish","hentry"],"yoast_head":"<!-- This site is optimized with the Yoast SEO plugin v27.3 - https:\/\/yoast.com\/product\/yoast-seo-wordpress\/ -->\n<title>Aeg - Nolte keukens Offici\u00eble website<\/title>\n<meta name=\"robots\" content=\"index, follow, max-snippet:-1, max-image-preview:large, max-video-preview:-1\" \/>\n<link rel=\"canonical\" href=\"https:\/\/noltekeukens.nl\/en\/aeg\/\" \/>\n<meta property=\"og:locale\" content=\"en_GB\" \/>\n<meta property=\"og:type\" content=\"article\" \/>\n<meta property=\"og:title\" content=\"Aeg - Nolte keukens Offici\u00eble website\" \/>\n<meta property=\"og:description\" content=\"Wij zijn AEG Wij bestaan om te herdefini\u00ebren wat je verwacht van jouw huishoudelijke apparaten, daarom willen wij de grenzen van het dagelijks leven uitdagen. Sinds onze start in Berlijn in 1887, hebben we nooit genoegen genomen met goed genoeg. En wij vinden dat jij dat ook niet hoeft te doen. Wij geloven in verantwoorde [&hellip;]\" \/>\n<meta property=\"og:url\" content=\"https:\/\/noltekeukens.nl\/en\/aeg\/\" \/>\n<meta property=\"og:site_name\" content=\"Nolte keukens Offici\u00eble website\" \/>\n<meta property=\"article:publisher\" content=\"https:\/\/www.facebook.com\/noltekeukens\" \/>\n<meta property=\"article:modified_time\" content=\"2024-01-04T11:41:43+00:00\" \/>\n<meta property=\"og:image\" content=\"https:\/\/noltekeukens.nl\/wp-content\/uploads\/2022\/07\/aeg.svg\" \/>\n<meta name=\"twitter:card\" content=\"summary_large_image\" \/>\n<script type=\"application\/ld+json\" class=\"yoast-schema-graph\">{\"@context\":\"https:\\\/\\\/schema.org\",\"@graph\":[{\"@type\":\"WebPage\",\"@id\":\"https:\\\/\\\/noltekeukens.nl\\\/aeg\\\/\",\"url\":\"https:\\\/\\\/noltekeukens.nl\\\/aeg\\\/\",\"name\":\"Aeg - Nolte keukens Offici\u00eble website\",\"isPartOf\":{\"@id\":\"https:\\\/\\\/noltekeukens.nl\\\/#website\"},\"primaryImageOfPage\":{\"@id\":\"https:\\\/\\\/noltekeukens.nl\\\/aeg\\\/#primaryimage\"},\"image\":{\"@id\":\"https:\\\/\\\/noltekeukens.nl\\\/aeg\\\/#primaryimage\"},\"thumbnailUrl\":\"https:\\\/\\\/noltekeukens.nl\\\/wp-content\\\/uploads\\\/2022\\\/07\\\/aeg.svg\",\"datePublished\":\"2022-08-23T11:19:11+00:00\",\"dateModified\":\"2024-01-04T11:41:43+00:00\",\"breadcrumb\":{\"@id\":\"https:\\\/\\\/noltekeukens.nl\\\/aeg\\\/#breadcrumb\"},\"inLanguage\":\"en-GB\",\"potentialAction\":[{\"@type\":\"ReadAction\",\"target\":[\"https:\\\/\\\/noltekeukens.nl\\\/aeg\\\/\"]}]},{\"@type\":\"ImageObject\",\"inLanguage\":\"en-GB\",\"@id\":\"https:\\\/\\\/noltekeukens.nl\\\/aeg\\\/#primaryimage\",\"url\":\"https:\\\/\\\/noltekeukens.nl\\\/wp-content\\\/uploads\\\/2022\\\/07\\\/aeg.svg\",\"contentUrl\":\"https:\\\/\\\/noltekeukens.nl\\\/wp-content\\\/uploads\\\/2022\\\/07\\\/aeg.svg\"},{\"@type\":\"BreadcrumbList\",\"@id\":\"https:\\\/\\\/noltekeukens.nl\\\/aeg\\\/#breadcrumb\",\"itemListElement\":[{\"@type\":\"ListItem\",\"position\":1,\"name\":\"Home\",\"item\":\"https:\\\/\\\/noltekeukens.nl\\\/\"},{\"@type\":\"ListItem\",\"position\":2,\"name\":\"Aeg\"}]},{\"@type\":\"WebSite\",\"@id\":\"https:\\\/\\\/noltekeukens.nl\\\/#website\",\"url\":\"https:\\\/\\\/noltekeukens.nl\\\/\",\"name\":\"Nolte keukens Offici\u00eble website\",\"description\":\"Ontdek de grootste Nolte collectie bij de offici\u00eble Nolte K\u00fcchen brandstores van Nederland.\",\"publisher\":{\"@id\":\"https:\\\/\\\/noltekeukens.nl\\\/#organization\"},\"potentialAction\":[{\"@type\":\"SearchAction\",\"target\":{\"@type\":\"EntryPoint\",\"urlTemplate\":\"https:\\\/\\\/noltekeukens.nl\\\/?s={search_term_string}\"},\"query-input\":{\"@type\":\"PropertyValueSpecification\",\"valueRequired\":true,\"valueName\":\"search_term_string\"}}],\"inLanguage\":\"en-GB\"},{\"@type\":\"Organization\",\"@id\":\"https:\\\/\\\/noltekeukens.nl\\\/#organization\",\"name\":\"Nolte keukens Offici\u00eble website\",\"url\":\"https:\\\/\\\/noltekeukens.nl\\\/\",\"logo\":{\"@type\":\"ImageObject\",\"inLanguage\":\"en-GB\",\"@id\":\"https:\\\/\\\/noltekeukens.nl\\\/#\\\/schema\\\/logo\\\/image\\\/\",\"url\":\"https:\\\/\\\/noltekeukens.nl\\\/wp-content\\\/uploads\\\/2022\\\/07\\\/Logo-nolte-zwart-1.png\",\"contentUrl\":\"https:\\\/\\\/noltekeukens.nl\\\/wp-content\\\/uploads\\\/2022\\\/07\\\/Logo-nolte-zwart-1.png\",\"width\":1063,\"height\":252,\"caption\":\"Nolte keukens Offici\u00eble website\"},\"image\":{\"@id\":\"https:\\\/\\\/noltekeukens.nl\\\/#\\\/schema\\\/logo\\\/image\\\/\"},\"sameAs\":[\"https:\\\/\\\/www.facebook.com\\\/noltekeukens\"]}]}<\/script>\n<!-- \/ Yoast SEO plugin. -->","yoast_head_json":{"title":"Aeg - Nolte keukens Offici\u00eble website","robots":{"index":"index","follow":"follow","max-snippet":"max-snippet:-1","max-image-preview":"max-image-preview:large","max-video-preview":"max-video-preview:-1"},"canonical":"https:\/\/noltekeukens.nl\/en\/aeg\/","og_locale":"en_GB","og_type":"article","og_title":"Aeg - Nolte keukens Offici\u00eble website","og_description":"Wij zijn AEG Wij bestaan om te herdefini\u00ebren wat je verwacht van jouw huishoudelijke apparaten, daarom willen wij de grenzen van het dagelijks leven uitdagen. Sinds onze start in Berlijn in 1887, hebben we nooit genoegen genomen met goed genoeg. En wij vinden dat jij dat ook niet hoeft te doen. Wij geloven in verantwoorde [&hellip;]","og_url":"https:\/\/noltekeukens.nl\/en\/aeg\/","og_site_name":"Nolte keukens Offici\u00eble website","article_publisher":"https:\/\/www.facebook.com\/noltekeukens","article_modified_time":"2024-01-04T11:41:43+00:00","og_image":[{"url":"https:\/\/noltekeukens.nl\/wp-content\/uploads\/2022\/07\/aeg.svg","type":"","width":"","height":""}],"twitter_card":"summary_large_image","schema":{"@context":"https:\/\/schema.org","@graph":[{"@type":"WebPage","@id":"https:\/\/noltekeukens.nl\/aeg\/","url":"https:\/\/noltekeukens.nl\/aeg\/","name":"Aeg - Nolte keukens Offici\u00eble website","isPartOf":{"@id":"https:\/\/noltekeukens.nl\/#website"},"primaryImageOfPage":{"@id":"https:\/\/noltekeukens.nl\/aeg\/#primaryimage"},"image":{"@id":"https:\/\/noltekeukens.nl\/aeg\/#primaryimage"},"thumbnailUrl":"https:\/\/noltekeukens.nl\/wp-content\/uploads\/2022\/07\/aeg.svg","datePublished":"2022-08-23T11:19:11+00:00","dateModified":"2024-01-04T11:41:43+00:00","breadcrumb":{"@id":"https:\/\/noltekeukens.nl\/aeg\/#breadcrumb"},"inLanguage":"en-GB","potentialAction":[{"@type":"ReadAction","target":["https:\/\/noltekeukens.nl\/aeg\/"]}]},{"@type":"ImageObject","inLanguage":"en-GB","@id":"https:\/\/noltekeukens.nl\/aeg\/#primaryimage","url":"https:\/\/noltekeukens.nl\/wp-content\/uploads\/2022\/07\/aeg.svg","contentUrl":"https:\/\/noltekeukens.nl\/wp-content\/uploads\/2022\/07\/aeg.svg"},{"@type":"BreadcrumbList","@id":"https:\/\/noltekeukens.nl\/aeg\/#breadcrumb","itemListElement":[{"@type":"ListItem","position":1,"name":"Home","item":"https:\/\/noltekeukens.nl\/"},{"@type":"ListItem","position":2,"name":"Aeg"}]},{"@type":"WebSite","@id":"https:\/\/noltekeukens.nl\/#website","url":"https:\/\/noltekeukens.nl\/","name":"Nolte keukens Offici\u00eble website","description":"Ontdek de grootste Nolte collectie bij de offici\u00eble Nolte K\u00fcchen brandstores van Nederland.","publisher":{"@id":"https:\/\/noltekeukens.nl\/#organization"},"potentialAction":[{"@type":"SearchAction","target":{"@type":"EntryPoint","urlTemplate":"https:\/\/noltekeukens.nl\/?s={search_term_string}"},"query-input":{"@type":"PropertyValueSpecification","valueRequired":true,"valueName":"search_term_string"}}],"inLanguage":"en-GB"},{"@type":"Organization","@id":"https:\/\/noltekeukens.nl\/#organization","name":"Nolte keukens Offici\u00eble website","url":"https:\/\/noltekeukens.nl\/","logo":{"@type":"ImageObject","inLanguage":"en-GB","@id":"https:\/\/noltekeukens.nl\/#\/schema\/logo\/image\/","url":"https:\/\/noltekeukens.nl\/wp-content\/uploads\/2022\/07\/Logo-nolte-zwart-1.png","contentUrl":"https:\/\/noltekeukens.nl\/wp-content\/uploads\/2022\/07\/Logo-nolte-zwart-1.png","width":1063,"height":252,"caption":"Nolte keukens Offici\u00eble website"},"image":{"@id":"https:\/\/noltekeukens.nl\/#\/schema\/logo\/image\/"},"sameAs":["https:\/\/www.facebook.com\/noltekeukens"]}]}},"_links":{"self":[{"href":"https:\/\/noltekeukens.nl\/en\/wp-json\/wp\/v2\/pages\/4237","targetHints":{"allow":["GET"]}}],"collection":[{"href":"https:\/\/noltekeukens.nl\/en\/wp-json\/wp\/v2\/pages"}],"about":[{"href":"https:\/\/noltekeukens.nl\/en\/wp-json\/wp\/v2\/types\/page"}],"author":[{"embeddable":true,"href":"https:\/\/noltekeukens.nl\/en\/wp-json\/wp\/v2\/users\/2"}],"replies":[{"embeddable":true,"href":"https:\/\/noltekeukens.nl\/en\/wp-json\/wp\/v2\/comments?post=4237"}],"version-history":[{"count":37,"href":"https:\/\/noltekeukens.nl\/en\/wp-json\/wp\/v2\/pages\/4237\/revisions"}],"predecessor-version":[{"id":10456,"href":"https:\/\/noltekeukens.nl\/en\/wp-json\/wp\/v2\/pages\/4237\/revisions\/10456"}],"wp:attachment":[{"href":"https:\/\/noltekeukens.nl\/en\/wp-json\/wp\/v2\/media?parent=4237"}],"curies":[{"name":"wp","href":"https:\/\/api.w.org\/{rel}","templated":true}]}}