{"id":4062,"date":"2022-08-19T10:15:35","date_gmt":"2022-08-19T10:15:35","guid":{"rendered":"https:\/\/nolte.vormfactor.com\/?page_id=4062"},"modified":"2026-01-28T11:47:56","modified_gmt":"2026-01-28T11:47:56","slug":"kleurstalen-bestellen","status":"publish","type":"page","link":"https:\/\/noltekeukens.nl\/en\/kleurstalen-bestellen\/","title":{"rendered":"Order colour samples"},"content":{"rendered":"<div data-elementor-type=\"wp-page\" data-elementor-id=\"4062\" class=\"elementor elementor-4062\" data-elementor-post-type=\"page\">\n\t\t\t\t<div class=\"elementor-element elementor-element-db52283 e-flex e-con-boxed e-con e-parent\" data-id=\"db52283\" data-element_type=\"container\" data-e-type=\"container\">\n\t\t\t\t\t<div class=\"e-con-inner\">\n\t\t<div class=\"elementor-element elementor-element-62694c9 e-con-full e-flex e-con e-child\" data-id=\"62694c9\" data-element_type=\"container\" data-e-type=\"container\">\n\t\t\t\t<div class=\"elementor-element elementor-element-d0c4806 elementor-widget elementor-widget-woocommerce-breadcrumb\" data-id=\"d0c4806\" data-element_type=\"widget\" data-e-type=\"widget\" data-widget_type=\"woocommerce-breadcrumb.default\">\n\t\t\t\t<div class=\"elementor-widget-container\">\n\t\t\t\t\t<nav class=\"woocommerce-breadcrumb\" aria-label=\"Breadcrumb\" data-no-translation=\"\" data-trp-gettext=\"\">Home<\/nav>\t\t\t\t<\/div>\n\t\t\t\t<\/div>\n\t\t\t\t<\/div>\n\t\t<div class=\"elementor-element elementor-element-d8df3d8 e-con-full e-flex e-con e-child\" data-id=\"d8df3d8\" data-element_type=\"container\" data-e-type=\"container\">\n\t\t\t\t<\/div>\n\t\t\t\t\t<\/div>\n\t\t\t\t<\/div>\n\t\t<div class=\"elementor-element elementor-element-d436d22 e-flex e-con-boxed e-con e-parent\" data-id=\"d436d22\" data-element_type=\"container\" data-e-type=\"container\">\n\t\t\t\t\t<div class=\"e-con-inner\">\n\t\t<div class=\"elementor-element elementor-element-c679b36 e-con-full e-flex e-con e-child\" data-id=\"c679b36\" data-element_type=\"container\" data-e-type=\"container\">\n\t\t\t\t<div class=\"elementor-element elementor-element-8a0447b elementor-widget elementor-widget-text-editor\" data-id=\"8a0447b\" data-element_type=\"widget\" data-e-type=\"widget\" data-widget_type=\"text-editor.default\">\n\t\t\t\t<div class=\"elementor-widget-container\">\n\t\t\t\t\t\t\t\t\t<h4><strong>Order your colour swatches<\/strong><\/h4><p>You may select up to two cabinet fronts and one countertop sample. The samples are complimentary; you only pay a nominal shipping fee of \u20ac3.95.<\/p>\t\t\t\t\t\t\t\t<\/div>\n\t\t\t\t<\/div>\n\t\t\t\t<\/div>\n\t\t\t\t\t<\/div>\n\t\t\t\t<\/div>\n\t\t<div class=\"elementor-element elementor-element-2637ba6 e-flex e-con-boxed e-con e-parent\" data-id=\"2637ba6\" data-element_type=\"container\" data-e-type=\"container\" data-settings=\"{&quot;background_background&quot;:&quot;classic&quot;}\">\n\t\t\t\t\t<div class=\"e-con-inner\">\n\t\t<div class=\"elementor-element elementor-element-a63c9f6 e-con-full e-flex e-con e-child\" data-id=\"a63c9f6\" data-element_type=\"container\" data-e-type=\"container\">\n\t\t\t\t<div class=\"elementor-element elementor-element-43f1738 elementor-grid-2 elementor-product-loop-item--align-center elementor-grid-tablet-3 elementor-grid-mobile-2 elementor-products-grid elementor-wc-products elementor-widget elementor-widget-wc-categories\" data-id=\"43f1738\" data-element_type=\"widget\" data-e-type=\"widget\" data-widget_type=\"wc-categories.default\">\n\t\t\t\t<div class=\"elementor-widget-container\">\n\t\t\t\t\t<div class=\"woocommerce columns-2\"><ul class=\"products elementor-grid columns-2\">\n<li class=\"product-category product first\">\n\t<a aria-label=\"Visit product category fronten\" href=\"https:\/\/noltekeukens.nl\/en\/product-category\/fronten\/\" data-no-translation-aria-label=\"\"><img fetchpriority=\"high\" decoding=\"async\" src=\"https:\/\/noltekeukens.nl\/wp-content\/uploads\/2023\/12\/Front-NK30339-neoLODGE-Eiche-Diamant-300x300.jpg\" alt=\"fronten\" width=\"300\" height=\"300\" srcset=\"https:\/\/noltekeukens.nl\/wp-content\/uploads\/2023\/12\/Front-NK30339-neoLODGE-Eiche-Diamant-300x300.jpg 300w, https:\/\/noltekeukens.nl\/wp-content\/uploads\/2023\/12\/Front-NK30339-neoLODGE-Eiche-Diamant-150x150.jpg 150w, https:\/\/noltekeukens.nl\/wp-content\/uploads\/2023\/12\/Front-NK30339-neoLODGE-Eiche-Diamant-100x100.jpg 100w\" sizes=\"(max-width: 300px) 100vw, 300px\" \/>\t\t<h2 class=\"woocommerce-loop-category__title\">\n\t\t\tCabinet fronts <mark class=\"count\">(207)<\/mark>\t\t<\/h2>\n\t\t<\/a><\/li>\n<li class=\"product-category product last\">\n\t<a aria-label=\"Visit product category Werkbladen\" href=\"https:\/\/noltekeukens.nl\/en\/product-category\/werkbladen\/\" data-no-translation-aria-label=\"\"><img decoding=\"async\" src=\"https:\/\/noltekeukens.nl\/wp-content\/uploads\/2022\/08\/NK31733_M51___Marmor_Imperiale-300x300.jpg\" alt=\"Werkbladen\" width=\"300\" height=\"300\" srcset=\"https:\/\/noltekeukens.nl\/wp-content\/uploads\/2022\/08\/NK31733_M51___Marmor_Imperiale-300x300.jpg 300w, https:\/\/noltekeukens.nl\/wp-content\/uploads\/2022\/08\/NK31733_M51___Marmor_Imperiale-150x150.jpg 150w, https:\/\/noltekeukens.nl\/wp-content\/uploads\/2022\/08\/NK31733_M51___Marmor_Imperiale-100x100.jpg 100w\" sizes=\"(max-width: 300px) 100vw, 300px\" \/>\t\t<h2 class=\"woocommerce-loop-category__title\">\n\t\t\tCountertops <mark class=\"count\">(40)<\/mark>\t\t<\/h2>\n\t\t<\/a><\/li>\n<\/ul>\n<\/div>\t\t\t\t<\/div>\n\t\t\t\t<\/div>\n\t\t\t\t<\/div>\n\t\t\t\t\t<\/div>\n\t\t\t\t<\/div>\n\t\t\t\t<\/div>","protected":false},"excerpt":{"rendered":"<p>Bestel uw kleurstalen U kunt kiezen uit maximaal twee fronten en \u00e9\u00e9n werkbladstaal. De kleurstalen zijn gratis, het enige wat u betaald zijn de verzendkosten t.w.v. \u20ac 3,95.<\/p>","protected":false},"author":2,"featured_media":0,"parent":0,"menu_order":0,"comment_status":"closed","ping_status":"closed","template":"elementor_header_footer","meta":{"footnotes":""},"class_list":["post-4062","page","type-page","status-publish","hentry"],"yoast_head":"<!-- This site is optimized with the Yoast SEO plugin v27.3 - https:\/\/yoast.com\/product\/yoast-seo-wordpress\/ -->\n<title>Kleurstalen bestellen - Nolte keukens Offici\u00eble website<\/title>\n<meta name=\"robots\" content=\"index, follow, max-snippet:-1, max-image-preview:large, max-video-preview:-1\" \/>\n<link rel=\"canonical\" href=\"https:\/\/noltekeukens.nl\/en\/kleurstalen-bestellen\/\" \/>\n<meta property=\"og:locale\" content=\"en_GB\" \/>\n<meta property=\"og:type\" content=\"article\" \/>\n<meta property=\"og:title\" content=\"Kleurstalen bestellen - Nolte keukens Offici\u00eble website\" \/>\n<meta property=\"og:description\" content=\"Bestel uw kleurstalen U kunt kiezen uit maximaal twee fronten en \u00e9\u00e9n werkbladstaal. De kleurstalen zijn gratis, het enige wat u betaald zijn de verzendkosten t.w.v. \u20ac 3,95.\" \/>\n<meta property=\"og:url\" content=\"https:\/\/noltekeukens.nl\/en\/kleurstalen-bestellen\/\" \/>\n<meta property=\"og:site_name\" content=\"Nolte keukens Offici\u00eble website\" \/>\n<meta property=\"article:publisher\" content=\"https:\/\/www.facebook.com\/noltekeukens\" \/>\n<meta property=\"article:modified_time\" content=\"2026-01-28T11:47:56+00:00\" \/>\n<meta name=\"twitter:card\" content=\"summary_large_image\" \/>\n<script type=\"application\/ld+json\" class=\"yoast-schema-graph\">{\"@context\":\"https:\\\/\\\/schema.org\",\"@graph\":[{\"@type\":\"WebPage\",\"@id\":\"https:\\\/\\\/noltekeukens.nl\\\/kleurstalen-bestellen\\\/\",\"url\":\"https:\\\/\\\/noltekeukens.nl\\\/kleurstalen-bestellen\\\/\",\"name\":\"Kleurstalen bestellen - Nolte keukens Offici\u00eble website\",\"isPartOf\":{\"@id\":\"https:\\\/\\\/noltekeukens.nl\\\/#website\"},\"datePublished\":\"2022-08-19T10:15:35+00:00\",\"dateModified\":\"2026-01-28T11:47:56+00:00\",\"breadcrumb\":{\"@id\":\"https:\\\/\\\/noltekeukens.nl\\\/kleurstalen-bestellen\\\/#breadcrumb\"},\"inLanguage\":\"en-GB\",\"potentialAction\":[{\"@type\":\"ReadAction\",\"target\":[\"https:\\\/\\\/noltekeukens.nl\\\/kleurstalen-bestellen\\\/\"]}]},{\"@type\":\"BreadcrumbList\",\"@id\":\"https:\\\/\\\/noltekeukens.nl\\\/kleurstalen-bestellen\\\/#breadcrumb\",\"itemListElement\":[{\"@type\":\"ListItem\",\"position\":1,\"name\":\"Home\",\"item\":\"https:\\\/\\\/noltekeukens.nl\\\/\"},{\"@type\":\"ListItem\",\"position\":2,\"name\":\"Kleurstalen bestellen\"}]},{\"@type\":\"WebSite\",\"@id\":\"https:\\\/\\\/noltekeukens.nl\\\/#website\",\"url\":\"https:\\\/\\\/noltekeukens.nl\\\/\",\"name\":\"Nolte keukens Offici\u00eble website\",\"description\":\"Ontdek de grootste Nolte collectie bij de offici\u00eble Nolte K\u00fcchen brandstores van Nederland.\",\"publisher\":{\"@id\":\"https:\\\/\\\/noltekeukens.nl\\\/#organization\"},\"potentialAction\":[{\"@type\":\"SearchAction\",\"target\":{\"@type\":\"EntryPoint\",\"urlTemplate\":\"https:\\\/\\\/noltekeukens.nl\\\/?s={search_term_string}\"},\"query-input\":{\"@type\":\"PropertyValueSpecification\",\"valueRequired\":true,\"valueName\":\"search_term_string\"}}],\"inLanguage\":\"en-GB\"},{\"@type\":\"Organization\",\"@id\":\"https:\\\/\\\/noltekeukens.nl\\\/#organization\",\"name\":\"Nolte keukens Offici\u00eble website\",\"url\":\"https:\\\/\\\/noltekeukens.nl\\\/\",\"logo\":{\"@type\":\"ImageObject\",\"inLanguage\":\"en-GB\",\"@id\":\"https:\\\/\\\/noltekeukens.nl\\\/#\\\/schema\\\/logo\\\/image\\\/\",\"url\":\"https:\\\/\\\/noltekeukens.nl\\\/wp-content\\\/uploads\\\/2022\\\/07\\\/Logo-nolte-zwart-1.png\",\"contentUrl\":\"https:\\\/\\\/noltekeukens.nl\\\/wp-content\\\/uploads\\\/2022\\\/07\\\/Logo-nolte-zwart-1.png\",\"width\":1063,\"height\":252,\"caption\":\"Nolte keukens Offici\u00eble website\"},\"image\":{\"@id\":\"https:\\\/\\\/noltekeukens.nl\\\/#\\\/schema\\\/logo\\\/image\\\/\"},\"sameAs\":[\"https:\\\/\\\/www.facebook.com\\\/noltekeukens\"]}]}<\/script>\n<!-- \/ Yoast SEO plugin. -->","yoast_head_json":{"title":"Kleurstalen bestellen - Nolte keukens Offici\u00eble website","robots":{"index":"index","follow":"follow","max-snippet":"max-snippet:-1","max-image-preview":"max-image-preview:large","max-video-preview":"max-video-preview:-1"},"canonical":"https:\/\/noltekeukens.nl\/en\/kleurstalen-bestellen\/","og_locale":"en_GB","og_type":"article","og_title":"Kleurstalen bestellen - Nolte keukens Offici\u00eble website","og_description":"Bestel uw kleurstalen U kunt kiezen uit maximaal twee fronten en \u00e9\u00e9n werkbladstaal. De kleurstalen zijn gratis, het enige wat u betaald zijn de verzendkosten t.w.v. \u20ac 3,95.","og_url":"https:\/\/noltekeukens.nl\/en\/kleurstalen-bestellen\/","og_site_name":"Nolte keukens Offici\u00eble website","article_publisher":"https:\/\/www.facebook.com\/noltekeukens","article_modified_time":"2026-01-28T11:47:56+00:00","twitter_card":"summary_large_image","schema":{"@context":"https:\/\/schema.org","@graph":[{"@type":"WebPage","@id":"https:\/\/noltekeukens.nl\/kleurstalen-bestellen\/","url":"https:\/\/noltekeukens.nl\/kleurstalen-bestellen\/","name":"Kleurstalen bestellen - Nolte keukens Offici\u00eble website","isPartOf":{"@id":"https:\/\/noltekeukens.nl\/#website"},"datePublished":"2022-08-19T10:15:35+00:00","dateModified":"2026-01-28T11:47:56+00:00","breadcrumb":{"@id":"https:\/\/noltekeukens.nl\/kleurstalen-bestellen\/#breadcrumb"},"inLanguage":"en-GB","potentialAction":[{"@type":"ReadAction","target":["https:\/\/noltekeukens.nl\/kleurstalen-bestellen\/"]}]},{"@type":"BreadcrumbList","@id":"https:\/\/noltekeukens.nl\/kleurstalen-bestellen\/#breadcrumb","itemListElement":[{"@type":"ListItem","position":1,"name":"Home","item":"https:\/\/noltekeukens.nl\/"},{"@type":"ListItem","position":2,"name":"Kleurstalen bestellen"}]},{"@type":"WebSite","@id":"https:\/\/noltekeukens.nl\/#website","url":"https:\/\/noltekeukens.nl\/","name":"Nolte keukens Offici\u00eble website","description":"Ontdek de grootste Nolte collectie bij de offici\u00eble Nolte K\u00fcchen brandstores van Nederland.","publisher":{"@id":"https:\/\/noltekeukens.nl\/#organization"},"potentialAction":[{"@type":"SearchAction","target":{"@type":"EntryPoint","urlTemplate":"https:\/\/noltekeukens.nl\/?s={search_term_string}"},"query-input":{"@type":"PropertyValueSpecification","valueRequired":true,"valueName":"search_term_string"}}],"inLanguage":"en-GB"},{"@type":"Organization","@id":"https:\/\/noltekeukens.nl\/#organization","name":"Nolte keukens Offici\u00eble website","url":"https:\/\/noltekeukens.nl\/","logo":{"@type":"ImageObject","inLanguage":"en-GB","@id":"https:\/\/noltekeukens.nl\/#\/schema\/logo\/image\/","url":"https:\/\/noltekeukens.nl\/wp-content\/uploads\/2022\/07\/Logo-nolte-zwart-1.png","contentUrl":"https:\/\/noltekeukens.nl\/wp-content\/uploads\/2022\/07\/Logo-nolte-zwart-1.png","width":1063,"height":252,"caption":"Nolte keukens Offici\u00eble website"},"image":{"@id":"https:\/\/noltekeukens.nl\/#\/schema\/logo\/image\/"},"sameAs":["https:\/\/www.facebook.com\/noltekeukens"]}]}},"_links":{"self":[{"href":"https:\/\/noltekeukens.nl\/en\/wp-json\/wp\/v2\/pages\/4062","targetHints":{"allow":["GET"]}}],"collection":[{"href":"https:\/\/noltekeukens.nl\/en\/wp-json\/wp\/v2\/pages"}],"about":[{"href":"https:\/\/noltekeukens.nl\/en\/wp-json\/wp\/v2\/types\/page"}],"author":[{"embeddable":true,"href":"https:\/\/noltekeukens.nl\/en\/wp-json\/wp\/v2\/users\/2"}],"replies":[{"embeddable":true,"href":"https:\/\/noltekeukens.nl\/en\/wp-json\/wp\/v2\/comments?post=4062"}],"version-history":[{"count":49,"href":"https:\/\/noltekeukens.nl\/en\/wp-json\/wp\/v2\/pages\/4062\/revisions"}],"predecessor-version":[{"id":15674,"href":"https:\/\/noltekeukens.nl\/en\/wp-json\/wp\/v2\/pages\/4062\/revisions\/15674"}],"wp:attachment":[{"href":"https:\/\/noltekeukens.nl\/en\/wp-json\/wp\/v2\/media?parent=4062"}],"curies":[{"name":"wp","href":"https:\/\/api.w.org\/{rel}","templated":true}]}}