{"id":11072,"date":"2024-04-23T09:30:19","date_gmt":"2024-04-23T09:30:19","guid":{"rendered":"https:\/\/noltekeukens.nl\/?page_id=11072"},"modified":"2024-05-10T14:02:43","modified_gmt":"2024-05-10T14:02:43","slug":"bora-demo-dagen","status":"publish","type":"page","link":"https:\/\/noltekeukens.nl\/en\/bora-demo-dagen\/","title":{"rendered":"Bora Demo Dagen"},"content":{"rendered":"<div data-elementor-type=\"wp-page\" data-elementor-id=\"11072\" class=\"elementor elementor-11072\" data-elementor-post-type=\"page\">\n\t\t\t\t<div class=\"elementor-element elementor-element-f7d2d96 e-flex e-con-boxed e-con e-parent\" data-id=\"f7d2d96\" data-element_type=\"container\" data-e-type=\"container\" data-settings=\"{&quot;background_background&quot;:&quot;classic&quot;}\">\n\t\t\t\t\t<div class=\"e-con-inner\">\n\t\t<div class=\"elementor-element elementor-element-bf75e52 e-con-full e-flex e-con e-child\" data-id=\"bf75e52\" data-element_type=\"container\" data-e-type=\"container\">\n\t\t\t\t<div class=\"elementor-element elementor-element-7124069 elementor-widget elementor-widget-heading\" data-id=\"7124069\" data-element_type=\"widget\" data-e-type=\"widget\" data-widget_type=\"heading.default\">\n\t\t\t\t<div class=\"elementor-widget-container\">\n\t\t\t\t\t<h1 class=\"elementor-heading-title elementor-size-default\">BORA live cooking demo <\/h1>\t\t\t\t<\/div>\n\t\t\t\t<\/div>\n\t\t\t\t<div class=\"elementor-element elementor-element-aa477d2 elementor-widget elementor-widget-heading\" data-id=\"aa477d2\" data-element_type=\"widget\" data-e-type=\"widget\" data-widget_type=\"heading.default\">\n\t\t\t\t<div class=\"elementor-widget-container\">\n\t\t\t\t\t<h2 class=\"elementor-heading-title elementor-size-default\">at Nolte Keukens<\/h2>\t\t\t\t<\/div>\n\t\t\t\t<\/div>\n\t\t\t\t<\/div>\n\t\t<div class=\"elementor-element elementor-element-64495a5 e-con-full e-flex e-con e-child\" data-id=\"64495a5\" data-element_type=\"container\" data-e-type=\"container\">\n\t\t\t\t<div class=\"elementor-element elementor-element-13d3097 elementor-widget elementor-widget-image\" data-id=\"13d3097\" data-element_type=\"widget\" data-e-type=\"widget\" data-widget_type=\"image.default\">\n\t\t\t\t<div class=\"elementor-widget-container\">\n\t\t\t\t\t\t\t\t\t\t\t\t\t\t\t<img fetchpriority=\"high\" decoding=\"async\" width=\"800\" height=\"534\" src=\"https:\/\/noltekeukens.nl\/wp-content\/uploads\/2024\/05\/BORA_Cooking-Truck-1024x684.jpg\" class=\"attachment-large size-large wp-image-11260\" alt=\"\" srcset=\"https:\/\/noltekeukens.nl\/wp-content\/uploads\/2024\/05\/BORA_Cooking-Truck-1024x684.jpg 1024w, https:\/\/noltekeukens.nl\/wp-content\/uploads\/2024\/05\/BORA_Cooking-Truck-300x200.jpg 300w, https:\/\/noltekeukens.nl\/wp-content\/uploads\/2024\/05\/BORA_Cooking-Truck-768x513.jpg 768w, https:\/\/noltekeukens.nl\/wp-content\/uploads\/2024\/05\/BORA_Cooking-Truck-1536x1025.jpg 1536w, https:\/\/noltekeukens.nl\/wp-content\/uploads\/2024\/05\/BORA_Cooking-Truck-2048x1367.jpg 2048w, https:\/\/noltekeukens.nl\/wp-content\/uploads\/2024\/05\/BORA_Cooking-Truck-600x401.jpg 600w\" sizes=\"(max-width: 800px) 100vw, 800px\" \/>\t\t\t\t\t\t\t\t\t\t\t\t\t\t\t<\/div>\n\t\t\t\t<\/div>\n\t\t\t\t<\/div>\n\t\t\t\t\t<\/div>\n\t\t\t\t<\/div>\n\t\t<div class=\"elementor-element elementor-element-065c803 e-flex e-con-boxed e-con e-parent\" data-id=\"065c803\" data-element_type=\"container\" data-e-type=\"container\" data-settings=\"{&quot;background_background&quot;:&quot;classic&quot;}\">\n\t\t\t\t\t<div class=\"e-con-inner\">\n\t\t\t\t<div class=\"elementor-element elementor-element-8f077a4 elementor-widget elementor-widget-image\" data-id=\"8f077a4\" data-element_type=\"widget\" data-e-type=\"widget\" data-widget_type=\"image.default\">\n\t\t\t\t<div class=\"elementor-widget-container\">\n\t\t\t\t\t\t\t\t\t\t\t\t\t\t\t<img decoding=\"async\" width=\"800\" height=\"188\" src=\"https:\/\/noltekeukens.nl\/wp-content\/uploads\/2024\/04\/nolte-bora-1024x240.webp\" class=\"attachment-large size-large wp-image-11084\" alt=\"\" srcset=\"https:\/\/noltekeukens.nl\/wp-content\/uploads\/2024\/04\/nolte-bora-1024x240.webp 1024w, https:\/\/noltekeukens.nl\/wp-content\/uploads\/2024\/04\/nolte-bora-300x70.webp 300w, https:\/\/noltekeukens.nl\/wp-content\/uploads\/2024\/04\/nolte-bora-768x180.webp 768w, https:\/\/noltekeukens.nl\/wp-content\/uploads\/2024\/04\/nolte-bora-1536x360.webp 1536w, https:\/\/noltekeukens.nl\/wp-content\/uploads\/2024\/04\/nolte-bora-2048x480.webp 2048w, https:\/\/noltekeukens.nl\/wp-content\/uploads\/2024\/04\/nolte-bora-600x141.webp 600w\" sizes=\"(max-width: 800px) 100vw, 800px\" \/>\t\t\t\t\t\t\t\t\t\t\t\t\t\t\t<\/div>\n\t\t\t\t<\/div>\n\t\t\t\t<div class=\"elementor-element elementor-element-5a9e844 elementor-widget elementor-widget-heading\" data-id=\"5a9e844\" data-element_type=\"widget\" data-e-type=\"widget\" data-widget_type=\"heading.default\">\n\t\t\t\t<div class=\"elementor-widget-container\">\n\t\t\t\t\t<h1 class=\"elementor-heading-title elementor-size-default\">Experience BORA live at Nolte keukens Almere<\/h1>\t\t\t\t<\/div>\n\t\t\t\t<\/div>\n\t\t\t\t<div class=\"elementor-element elementor-element-3a1ffa7 elementor-widget elementor-widget-text-editor\" data-id=\"3a1ffa7\" data-element_type=\"widget\" data-e-type=\"widget\" data-widget_type=\"text-editor.default\">\n\t\t\t\t<div class=\"elementor-widget-container\">\n\t\t\t\t\t\t\t\t\t<p>Experience the innovation and quality of BORA hobs during an exclusive demonstration, presented in collaboration with Nolte K\u00fcchen. These two leading names in the kitchen industry are joining forces to offer you an unforgettable culinary experience. With BORA\u2019s revolutionary cooking technology and Nolte\u2019s stylish kitchen design, this demonstration will be a showcase of excellence and craftsmanship. Renowned chefs will present the BORA appliances live in action, demonstrating the finesse of cooking with BORA\u2019s advanced systems. Do not miss this opportunity to discover how BORA can transform your kitchen into an epicentre of flavour and style.<\/p>\t\t\t\t\t\t\t\t<\/div>\n\t\t\t\t<\/div>\n\t\t\t\t\t<\/div>\n\t\t\t\t<\/div>\n\t\t<div class=\"elementor-element elementor-element-017319c e-flex e-con-boxed e-con e-parent\" data-id=\"017319c\" data-element_type=\"container\" data-e-type=\"container\">\n\t\t\t\t\t<div class=\"e-con-inner\">\n\t\t<div class=\"elementor-element elementor-element-ee83828 e-con-full e-flex e-con e-child\" data-id=\"ee83828\" data-element_type=\"container\" data-e-type=\"container\" data-settings=\"{&quot;background_background&quot;:&quot;classic&quot;}\">\n\t\t\t\t<div class=\"elementor-element elementor-element-da3e081 elementor-widget elementor-widget-heading\" data-id=\"da3e081\" data-element_type=\"widget\" data-e-type=\"widget\" data-widget_type=\"heading.default\">\n\t\t\t\t<div class=\"elementor-widget-container\">\n\t\t\t\t\t<h2 class=\"elementor-heading-title elementor-size-default\">14, 15 &amp; 18 May<\/h2>\t\t\t\t<\/div>\n\t\t\t\t<\/div>\n\t\t\t\t<div class=\"elementor-element elementor-element-243ce22 elementor-widget elementor-widget-text-editor\" data-id=\"243ce22\" data-element_type=\"widget\" data-e-type=\"widget\" data-widget_type=\"text-editor.default\">\n\t\t\t\t<div class=\"elementor-widget-container\">\n\t\t\t\t\t\t\t\t\t<p>Miamistraat 46 &#8211; 64<br \/>1334 KX Almere<\/p>\t\t\t\t\t\t\t\t<\/div>\n\t\t\t\t<\/div>\n\t\t\t\t<div class=\"elementor-element elementor-element-54db87e elementor-cta--skin-cover elementor-cta--valign-bottom elementor-animated-content elementor-bg-transform elementor-bg-transform-zoom-in elementor-widget elementor-widget-call-to-action\" data-id=\"54db87e\" data-element_type=\"widget\" data-e-type=\"widget\" data-widget_type=\"call-to-action.default\">\n\t\t\t\t<div class=\"elementor-widget-container\">\n\t\t\t\t\t\t\t<div class=\"elementor-cta\">\n\t\t\t\t\t<div class=\"elementor-cta__bg-wrapper\">\n\t\t\t\t<div class=\"elementor-cta__bg elementor-bg\" style=\"background-image: url(https:\/\/noltekeukens.nl\/wp-content\/uploads\/2022\/07\/noltealmere.jpeg);\" role=\"img\" aria-label=\"Almere\"><\/div>\n\t\t\t\t<div class=\"elementor-cta__bg-overlay\"><\/div>\n\t\t\t<\/div>\n\t\t\t\t\t\t\t<div class=\"elementor-cta__content\">\n\t\t\t\t\n\t\t\t\t\t\t\t\t\t<h2 class=\"elementor-cta__title elementor-cta__content-item elementor-content-item elementor-animated-item--grow\">\n\t\t\t\t\t\tAlmere\t\t\t\t\t<\/h2>\n\t\t\t\t\n\t\t\t\t\n\t\t\t\t\t\t\t\t\t<div class=\"elementor-cta__button-wrapper elementor-cta__content-item elementor-content-item elementor-animated-item--grow\">\n\t\t\t\t\t<a class=\"elementor-cta__button elementor-button elementor-size-\" href=\"\/en\/almere\/\">\n\t\t\t\t\t\tView this showroom\t\t\t\t\t<\/a>\n\t\t\t\t\t<\/div>\n\t\t\t\t\t\t\t<\/div>\n\t\t\t\t\t\t<\/div>\n\t\t\t\t\t\t<\/div>\n\t\t\t\t<\/div>\n\t\t\t\t<\/div>\n\t\t\t\t\t<\/div>\n\t\t\t\t<\/div>\n\t\t<div class=\"elementor-element elementor-element-34ef83f e-flex e-con-boxed e-con e-parent\" data-id=\"34ef83f\" data-element_type=\"container\" data-e-type=\"container\">\n\t\t\t\t\t<div class=\"e-con-inner\">\n\t\t\t\t<div class=\"elementor-element elementor-element-530841b elementor-widget elementor-widget-video\" data-id=\"530841b\" data-element_type=\"widget\" data-e-type=\"widget\" data-settings=\"{&quot;youtube_url&quot;:&quot;https:\\\/\\\/youtu.be\\\/hvexDJePha4&quot;,&quot;autoplay&quot;:&quot;yes&quot;,&quot;play_on_mobile&quot;:&quot;yes&quot;,&quot;lazy_load&quot;:&quot;yes&quot;,&quot;video_type&quot;:&quot;youtube&quot;}\" data-widget_type=\"video.default\">\n\t\t\t\t<div class=\"elementor-widget-container\">\n\t\t\t\t\t\t\t<div class=\"elementor-wrapper elementor-open-inline\">\n\t\t\t<div class=\"elementor-video\"><\/div>\t\t<\/div>\n\t\t\t\t\t\t<\/div>\n\t\t\t\t<\/div>\n\t\t\t\t\t<\/div>\n\t\t\t\t<\/div>\n\t\t<div class=\"elementor-element elementor-element-f0c5454 e-flex e-con-boxed e-con e-parent\" data-id=\"f0c5454\" data-element_type=\"container\" data-e-type=\"container\">\n\t\t\t\t\t<div class=\"e-con-inner\">\n\t\t\t\t<div class=\"elementor-element elementor-element-e7d17ed elementor-widget elementor-widget-gallery\" data-id=\"e7d17ed\" data-element_type=\"widget\" data-e-type=\"widget\" data-settings=\"{&quot;gap&quot;:{&quot;unit&quot;:&quot;px&quot;,&quot;size&quot;:20,&quot;sizes&quot;:[]},&quot;lazyload&quot;:&quot;yes&quot;,&quot;gallery_layout&quot;:&quot;grid&quot;,&quot;columns&quot;:4,&quot;columns_tablet&quot;:2,&quot;columns_mobile&quot;:1,&quot;gap_tablet&quot;:{&quot;unit&quot;:&quot;px&quot;,&quot;size&quot;:10,&quot;sizes&quot;:[]},&quot;gap_mobile&quot;:{&quot;unit&quot;:&quot;px&quot;,&quot;size&quot;:10,&quot;sizes&quot;:[]},&quot;link_to&quot;:&quot;file&quot;,&quot;aspect_ratio&quot;:&quot;3:2&quot;,&quot;overlay_background&quot;:&quot;yes&quot;,&quot;content_hover_animation&quot;:&quot;fade-in&quot;}\" data-widget_type=\"gallery.default\">\n\t\t\t\t<div class=\"elementor-widget-container\">\n\t\t\t\t\t\t\t<div class=\"elementor-gallery__container\">\n\t\t\t\t\t\t\t<a class=\"e-gallery-item elementor-gallery-item elementor-animated-content\" href=\"https:\/\/noltekeukens.nl\/wp-content\/uploads\/2024\/04\/BORA-Truck-demo-classic-3.0-opstelling--scaled.webp\" data-elementor-open-lightbox=\"yes\" data-elementor-lightbox-slideshow=\"e7d17ed\" data-elementor-lightbox-title=\"BORA Truck demo classic 3.0 opstelling\" data-e-action-hash=\"#elementor-action%3Aaction%3Dlightbox%26settings%3DeyJpZCI6MTExMTAsInVybCI6Imh0dHBzOlwvXC9ub2x0ZWtldWtlbnMubmxcL3dwLWNvbnRlbnRcL3VwbG9hZHNcLzIwMjRcLzA0XC9CT1JBLVRydWNrLWRlbW8tY2xhc3NpYy0zLjAtb3BzdGVsbGluZy0tc2NhbGVkLndlYnAiLCJzbGlkZXNob3ciOiJlN2QxN2VkIn0%3D\">\n\t\t\t\t\t<div class=\"e-gallery-image elementor-gallery-item__image\" data-thumbnail=\"https:\/\/noltekeukens.nl\/wp-content\/uploads\/2024\/04\/BORA-Truck-demo-classic-3.0-opstelling--300x200.webp\" data-width=\"300\" data-height=\"200\" aria-label=\"\" role=\"img\" ><\/div>\n\t\t\t\t\t\t\t\t\t\t\t<div class=\"elementor-gallery-item__overlay\"><\/div>\n\t\t\t\t\t\t\t\t\t\t\t\t\t\t<\/a>\n\t\t\t\t\t\t\t<a class=\"e-gallery-item elementor-gallery-item elementor-animated-content\" href=\"https:\/\/noltekeukens.nl\/wp-content\/uploads\/2024\/04\/bordje-met-eten-sfeerfoto-BORA-Revolution-Tour-Innsbruck_208.webp\" data-elementor-open-lightbox=\"yes\" data-elementor-lightbox-slideshow=\"e7d17ed\" data-elementor-lightbox-title=\"bordje met eten sfeerfoto BORA-Revolution-Tour-Innsbruck_208\" data-e-action-hash=\"#elementor-action%3Aaction%3Dlightbox%26settings%3DeyJpZCI6MTExMTEsInVybCI6Imh0dHBzOlwvXC9ub2x0ZWtldWtlbnMubmxcL3dwLWNvbnRlbnRcL3VwbG9hZHNcLzIwMjRcLzA0XC9ib3JkamUtbWV0LWV0ZW4tc2ZlZXJmb3RvLUJPUkEtUmV2b2x1dGlvbi1Ub3VyLUlubnNicnVja18yMDgud2VicCIsInNsaWRlc2hvdyI6ImU3ZDE3ZWQifQ%3D%3D\">\n\t\t\t\t\t<div class=\"e-gallery-image elementor-gallery-item__image\" data-thumbnail=\"https:\/\/noltekeukens.nl\/wp-content\/uploads\/2024\/04\/bordje-met-eten-sfeerfoto-BORA-Revolution-Tour-Innsbruck_208-300x200.webp\" data-width=\"300\" data-height=\"200\" aria-label=\"\" role=\"img\" ><\/div>\n\t\t\t\t\t\t\t\t\t\t\t<div class=\"elementor-gallery-item__overlay\"><\/div>\n\t\t\t\t\t\t\t\t\t\t\t\t\t\t<\/a>\n\t\t\t\t\t\t\t<a class=\"e-gallery-item elementor-gallery-item elementor-animated-content\" href=\"https:\/\/noltekeukens.nl\/wp-content\/uploads\/2024\/04\/gedekte-tafel-BORA-Truck-event-scaled.webp\" data-elementor-open-lightbox=\"yes\" data-elementor-lightbox-slideshow=\"e7d17ed\" data-elementor-lightbox-title=\"gedekte tafel BORA Truck event\" data-e-action-hash=\"#elementor-action%3Aaction%3Dlightbox%26settings%3DeyJpZCI6MTExMTMsInVybCI6Imh0dHBzOlwvXC9ub2x0ZWtldWtlbnMubmxcL3dwLWNvbnRlbnRcL3VwbG9hZHNcLzIwMjRcLzA0XC9nZWRla3RlLXRhZmVsLUJPUkEtVHJ1Y2stZXZlbnQtc2NhbGVkLndlYnAiLCJzbGlkZXNob3ciOiJlN2QxN2VkIn0%3D\">\n\t\t\t\t\t<div class=\"e-gallery-image elementor-gallery-item__image\" data-thumbnail=\"https:\/\/noltekeukens.nl\/wp-content\/uploads\/2024\/04\/gedekte-tafel-BORA-Truck-event-169x300.webp\" data-width=\"169\" data-height=\"300\" aria-label=\"\" role=\"img\" ><\/div>\n\t\t\t\t\t\t\t\t\t\t\t<div class=\"elementor-gallery-item__overlay\"><\/div>\n\t\t\t\t\t\t\t\t\t\t\t\t\t\t<\/a>\n\t\t\t\t\t\t\t<a class=\"e-gallery-item elementor-gallery-item elementor-animated-content\" href=\"https:\/\/noltekeukens.nl\/wp-content\/uploads\/2024\/04\/sfeerfoto-eten-BORA-AMSTERDAM-14JULI2017-107_promo.webp\" data-elementor-open-lightbox=\"yes\" data-elementor-lightbox-slideshow=\"e7d17ed\" data-elementor-lightbox-title=\"sfeerfoto eten BORA AMSTERDAM 14JULI2017-107_promo\" data-e-action-hash=\"#elementor-action%3Aaction%3Dlightbox%26settings%3DeyJpZCI6MTExMTQsInVybCI6Imh0dHBzOlwvXC9ub2x0ZWtldWtlbnMubmxcL3dwLWNvbnRlbnRcL3VwbG9hZHNcLzIwMjRcLzA0XC9zZmVlcmZvdG8tZXRlbi1CT1JBLUFNU1RFUkRBTS0xNEpVTEkyMDE3LTEwN19wcm9tby53ZWJwIiwic2xpZGVzaG93IjoiZTdkMTdlZCJ9\">\n\t\t\t\t\t<div class=\"e-gallery-image elementor-gallery-item__image\" data-thumbnail=\"https:\/\/noltekeukens.nl\/wp-content\/uploads\/2024\/04\/sfeerfoto-eten-BORA-AMSTERDAM-14JULI2017-107_promo-300x200.webp\" data-width=\"300\" data-height=\"200\" aria-label=\"\" role=\"img\" ><\/div>\n\t\t\t\t\t\t\t\t\t\t\t<div class=\"elementor-gallery-item__overlay\"><\/div>\n\t\t\t\t\t\t\t\t\t\t\t\t\t\t<\/a>\n\t\t\t\t\t<\/div>\n\t\t\t\t\t<\/div>\n\t\t\t\t<\/div>\n\t\t\t\t\t<\/div>\n\t\t\t\t<\/div>\n\t\t\t\t<\/div>","protected":false},"excerpt":{"rendered":"<p>Bora live kookdemo bij Nolte Keukens Beleef Bora live bij Nolte keukens Almere Beleef de innovatie en kwaliteit van Bora kookplaten tijdens een exclusieve demonstratie, gepresenteerd in samenwerking met Nolte K\u00fcchen. Deze twee vooraanstaande namen in de keukenbranche bundelen hun krachten om u een onvergetelijke culinaire ervaring te bieden. Met Bora\u2019s revolutionaire kooktechnologie en Nolte\u2019s [&hellip;]<\/p>\n","protected":false},"author":2,"featured_media":0,"parent":0,"menu_order":0,"comment_status":"closed","ping_status":"closed","template":"elementor_header_footer","meta":{"footnotes":""},"class_list":["post-11072","page","type-page","status-publish","hentry"],"yoast_head":"<!-- This site is optimized with the Yoast SEO plugin v27.3 - https:\/\/yoast.com\/product\/yoast-seo-wordpress\/ -->\n<title>Bora Demo Dagen - Nolte keukens Offici\u00eble website<\/title>\n<meta name=\"robots\" content=\"index, follow, max-snippet:-1, max-image-preview:large, max-video-preview:-1\" \/>\n<link rel=\"canonical\" href=\"https:\/\/noltekeukens.nl\/en\/bora-demo-dagen\/\" \/>\n<meta property=\"og:locale\" content=\"en_GB\" \/>\n<meta property=\"og:type\" content=\"article\" \/>\n<meta property=\"og:title\" content=\"Bora Demo Dagen - Nolte keukens Offici\u00eble website\" \/>\n<meta property=\"og:description\" content=\"Bora live kookdemo bij Nolte Keukens Beleef Bora live bij Nolte keukens Almere Beleef de innovatie en kwaliteit van Bora kookplaten tijdens een exclusieve demonstratie, gepresenteerd in samenwerking met Nolte K\u00fcchen. Deze twee vooraanstaande namen in de keukenbranche bundelen hun krachten om u een onvergetelijke culinaire ervaring te bieden. Met Bora\u2019s revolutionaire kooktechnologie en Nolte\u2019s [&hellip;]\" \/>\n<meta property=\"og:url\" content=\"https:\/\/noltekeukens.nl\/en\/bora-demo-dagen\/\" \/>\n<meta property=\"og:site_name\" content=\"Nolte keukens Offici\u00eble website\" \/>\n<meta property=\"article:publisher\" content=\"https:\/\/www.facebook.com\/noltekeukens\" \/>\n<meta property=\"article:modified_time\" content=\"2024-05-10T14:02:43+00:00\" \/>\n<meta property=\"og:image\" content=\"https:\/\/noltekeukens.nl\/wp-content\/uploads\/2024\/05\/BORA_Cooking-Truck-1024x684.jpg\" \/>\n<meta name=\"twitter:card\" content=\"summary_large_image\" \/>\n<script type=\"application\/ld+json\" class=\"yoast-schema-graph\">{\"@context\":\"https:\\\/\\\/schema.org\",\"@graph\":[{\"@type\":\"WebPage\",\"@id\":\"https:\\\/\\\/noltekeukens.nl\\\/bora-demo-dagen\\\/\",\"url\":\"https:\\\/\\\/noltekeukens.nl\\\/bora-demo-dagen\\\/\",\"name\":\"Bora Demo Dagen - Nolte keukens Offici\u00eble website\",\"isPartOf\":{\"@id\":\"https:\\\/\\\/noltekeukens.nl\\\/#website\"},\"primaryImageOfPage\":{\"@id\":\"https:\\\/\\\/noltekeukens.nl\\\/bora-demo-dagen\\\/#primaryimage\"},\"image\":{\"@id\":\"https:\\\/\\\/noltekeukens.nl\\\/bora-demo-dagen\\\/#primaryimage\"},\"thumbnailUrl\":\"https:\\\/\\\/noltekeukens.nl\\\/wp-content\\\/uploads\\\/2024\\\/05\\\/BORA_Cooking-Truck-1024x684.jpg\",\"datePublished\":\"2024-04-23T09:30:19+00:00\",\"dateModified\":\"2024-05-10T14:02:43+00:00\",\"breadcrumb\":{\"@id\":\"https:\\\/\\\/noltekeukens.nl\\\/bora-demo-dagen\\\/#breadcrumb\"},\"inLanguage\":\"en-GB\",\"potentialAction\":[{\"@type\":\"ReadAction\",\"target\":[\"https:\\\/\\\/noltekeukens.nl\\\/bora-demo-dagen\\\/\"]}]},{\"@type\":\"ImageObject\",\"inLanguage\":\"en-GB\",\"@id\":\"https:\\\/\\\/noltekeukens.nl\\\/bora-demo-dagen\\\/#primaryimage\",\"url\":\"https:\\\/\\\/noltekeukens.nl\\\/wp-content\\\/uploads\\\/2024\\\/05\\\/BORA_Cooking-Truck-1024x684.jpg\",\"contentUrl\":\"https:\\\/\\\/noltekeukens.nl\\\/wp-content\\\/uploads\\\/2024\\\/05\\\/BORA_Cooking-Truck-1024x684.jpg\"},{\"@type\":\"BreadcrumbList\",\"@id\":\"https:\\\/\\\/noltekeukens.nl\\\/bora-demo-dagen\\\/#breadcrumb\",\"itemListElement\":[{\"@type\":\"ListItem\",\"position\":1,\"name\":\"Home\",\"item\":\"https:\\\/\\\/noltekeukens.nl\\\/\"},{\"@type\":\"ListItem\",\"position\":2,\"name\":\"Bora Demo Dagen\"}]},{\"@type\":\"WebSite\",\"@id\":\"https:\\\/\\\/noltekeukens.nl\\\/#website\",\"url\":\"https:\\\/\\\/noltekeukens.nl\\\/\",\"name\":\"Nolte keukens Offici\u00eble website\",\"description\":\"Ontdek de grootste Nolte collectie bij de offici\u00eble Nolte K\u00fcchen brandstores van Nederland.\",\"publisher\":{\"@id\":\"https:\\\/\\\/noltekeukens.nl\\\/#organization\"},\"potentialAction\":[{\"@type\":\"SearchAction\",\"target\":{\"@type\":\"EntryPoint\",\"urlTemplate\":\"https:\\\/\\\/noltekeukens.nl\\\/?s={search_term_string}\"},\"query-input\":{\"@type\":\"PropertyValueSpecification\",\"valueRequired\":true,\"valueName\":\"search_term_string\"}}],\"inLanguage\":\"en-GB\"},{\"@type\":\"Organization\",\"@id\":\"https:\\\/\\\/noltekeukens.nl\\\/#organization\",\"name\":\"Nolte keukens Offici\u00eble website\",\"url\":\"https:\\\/\\\/noltekeukens.nl\\\/\",\"logo\":{\"@type\":\"ImageObject\",\"inLanguage\":\"en-GB\",\"@id\":\"https:\\\/\\\/noltekeukens.nl\\\/#\\\/schema\\\/logo\\\/image\\\/\",\"url\":\"https:\\\/\\\/noltekeukens.nl\\\/wp-content\\\/uploads\\\/2022\\\/07\\\/Logo-nolte-zwart-1.png\",\"contentUrl\":\"https:\\\/\\\/noltekeukens.nl\\\/wp-content\\\/uploads\\\/2022\\\/07\\\/Logo-nolte-zwart-1.png\",\"width\":1063,\"height\":252,\"caption\":\"Nolte keukens Offici\u00eble website\"},\"image\":{\"@id\":\"https:\\\/\\\/noltekeukens.nl\\\/#\\\/schema\\\/logo\\\/image\\\/\"},\"sameAs\":[\"https:\\\/\\\/www.facebook.com\\\/noltekeukens\"]}]}<\/script>\n<!-- \/ Yoast SEO plugin. -->","yoast_head_json":{"title":"Bora Demo Dagen - Nolte keukens Offici\u00eble website","robots":{"index":"index","follow":"follow","max-snippet":"max-snippet:-1","max-image-preview":"max-image-preview:large","max-video-preview":"max-video-preview:-1"},"canonical":"https:\/\/noltekeukens.nl\/en\/bora-demo-dagen\/","og_locale":"en_GB","og_type":"article","og_title":"Bora Demo Dagen - Nolte keukens Offici\u00eble website","og_description":"Bora live kookdemo bij Nolte Keukens Beleef Bora live bij Nolte keukens Almere Beleef de innovatie en kwaliteit van Bora kookplaten tijdens een exclusieve demonstratie, gepresenteerd in samenwerking met Nolte K\u00fcchen. Deze twee vooraanstaande namen in de keukenbranche bundelen hun krachten om u een onvergetelijke culinaire ervaring te bieden. Met Bora\u2019s revolutionaire kooktechnologie en Nolte\u2019s [&hellip;]","og_url":"https:\/\/noltekeukens.nl\/en\/bora-demo-dagen\/","og_site_name":"Nolte keukens Offici\u00eble website","article_publisher":"https:\/\/www.facebook.com\/noltekeukens","article_modified_time":"2024-05-10T14:02:43+00:00","og_image":[{"url":"https:\/\/noltekeukens.nl\/wp-content\/uploads\/2024\/05\/BORA_Cooking-Truck-1024x684.jpg","type":"","width":"","height":""}],"twitter_card":"summary_large_image","schema":{"@context":"https:\/\/schema.org","@graph":[{"@type":"WebPage","@id":"https:\/\/noltekeukens.nl\/bora-demo-dagen\/","url":"https:\/\/noltekeukens.nl\/bora-demo-dagen\/","name":"Bora Demo Dagen - Nolte keukens Offici\u00eble website","isPartOf":{"@id":"https:\/\/noltekeukens.nl\/#website"},"primaryImageOfPage":{"@id":"https:\/\/noltekeukens.nl\/bora-demo-dagen\/#primaryimage"},"image":{"@id":"https:\/\/noltekeukens.nl\/bora-demo-dagen\/#primaryimage"},"thumbnailUrl":"https:\/\/noltekeukens.nl\/wp-content\/uploads\/2024\/05\/BORA_Cooking-Truck-1024x684.jpg","datePublished":"2024-04-23T09:30:19+00:00","dateModified":"2024-05-10T14:02:43+00:00","breadcrumb":{"@id":"https:\/\/noltekeukens.nl\/bora-demo-dagen\/#breadcrumb"},"inLanguage":"en-GB","potentialAction":[{"@type":"ReadAction","target":["https:\/\/noltekeukens.nl\/bora-demo-dagen\/"]}]},{"@type":"ImageObject","inLanguage":"en-GB","@id":"https:\/\/noltekeukens.nl\/bora-demo-dagen\/#primaryimage","url":"https:\/\/noltekeukens.nl\/wp-content\/uploads\/2024\/05\/BORA_Cooking-Truck-1024x684.jpg","contentUrl":"https:\/\/noltekeukens.nl\/wp-content\/uploads\/2024\/05\/BORA_Cooking-Truck-1024x684.jpg"},{"@type":"BreadcrumbList","@id":"https:\/\/noltekeukens.nl\/bora-demo-dagen\/#breadcrumb","itemListElement":[{"@type":"ListItem","position":1,"name":"Home","item":"https:\/\/noltekeukens.nl\/"},{"@type":"ListItem","position":2,"name":"Bora Demo Dagen"}]},{"@type":"WebSite","@id":"https:\/\/noltekeukens.nl\/#website","url":"https:\/\/noltekeukens.nl\/","name":"Nolte keukens Offici\u00eble website","description":"Ontdek de grootste Nolte collectie bij de offici\u00eble Nolte K\u00fcchen brandstores van Nederland.","publisher":{"@id":"https:\/\/noltekeukens.nl\/#organization"},"potentialAction":[{"@type":"SearchAction","target":{"@type":"EntryPoint","urlTemplate":"https:\/\/noltekeukens.nl\/?s={search_term_string}"},"query-input":{"@type":"PropertyValueSpecification","valueRequired":true,"valueName":"search_term_string"}}],"inLanguage":"en-GB"},{"@type":"Organization","@id":"https:\/\/noltekeukens.nl\/#organization","name":"Nolte keukens Offici\u00eble website","url":"https:\/\/noltekeukens.nl\/","logo":{"@type":"ImageObject","inLanguage":"en-GB","@id":"https:\/\/noltekeukens.nl\/#\/schema\/logo\/image\/","url":"https:\/\/noltekeukens.nl\/wp-content\/uploads\/2022\/07\/Logo-nolte-zwart-1.png","contentUrl":"https:\/\/noltekeukens.nl\/wp-content\/uploads\/2022\/07\/Logo-nolte-zwart-1.png","width":1063,"height":252,"caption":"Nolte keukens Offici\u00eble website"},"image":{"@id":"https:\/\/noltekeukens.nl\/#\/schema\/logo\/image\/"},"sameAs":["https:\/\/www.facebook.com\/noltekeukens"]}]}},"_links":{"self":[{"href":"https:\/\/noltekeukens.nl\/en\/wp-json\/wp\/v2\/pages\/11072","targetHints":{"allow":["GET"]}}],"collection":[{"href":"https:\/\/noltekeukens.nl\/en\/wp-json\/wp\/v2\/pages"}],"about":[{"href":"https:\/\/noltekeukens.nl\/en\/wp-json\/wp\/v2\/types\/page"}],"author":[{"embeddable":true,"href":"https:\/\/noltekeukens.nl\/en\/wp-json\/wp\/v2\/users\/2"}],"replies":[{"embeddable":true,"href":"https:\/\/noltekeukens.nl\/en\/wp-json\/wp\/v2\/comments?post=11072"}],"version-history":[{"count":112,"href":"https:\/\/noltekeukens.nl\/en\/wp-json\/wp\/v2\/pages\/11072\/revisions"}],"predecessor-version":[{"id":11273,"href":"https:\/\/noltekeukens.nl\/en\/wp-json\/wp\/v2\/pages\/11072\/revisions\/11273"}],"wp:attachment":[{"href":"https:\/\/noltekeukens.nl\/en\/wp-json\/wp\/v2\/media?parent=11072"}],"curies":[{"name":"wp","href":"https:\/\/api.w.org\/{rel}","templated":true}]}}