{"id":10474,"date":"2024-01-04T12:56:01","date_gmt":"2024-01-04T12:56:01","guid":{"rendered":"https:\/\/noltekeukens.nl\/?page_id=10474"},"modified":"2024-01-04T13:01:07","modified_gmt":"2024-01-04T13:01:07","slug":"plasmamade","status":"publish","type":"page","link":"https:\/\/noltekeukens.nl\/en\/plasmamade\/","title":{"rendered":"PlasmaMade"},"content":{"rendered":"<div data-elementor-type=\"wp-page\" data-elementor-id=\"10474\" class=\"elementor elementor-10474\" data-elementor-post-type=\"page\">\n\t\t\t\t<div class=\"elementor-element elementor-element-774f6a7 e-flex e-con-boxed e-con e-parent\" data-id=\"774f6a7\" data-element_type=\"container\" data-e-type=\"container\" data-settings=\"{&quot;background_background&quot;:&quot;classic&quot;}\">\n\t\t\t\t\t<div class=\"e-con-inner\">\n\t\t<div class=\"elementor-element elementor-element-c293987 e-con-full e-flex e-con e-child\" data-id=\"c293987\" data-element_type=\"container\" data-e-type=\"container\">\n\t\t\t\t<\/div>\n\t\t<div class=\"elementor-element elementor-element-55f189c e-con-full e-flex e-con e-child\" data-id=\"55f189c\" data-element_type=\"container\" data-e-type=\"container\">\n\t\t\t\t<div class=\"elementor-element elementor-element-9fd9de1 elementor-widget elementor-widget-image\" data-id=\"9fd9de1\" data-element_type=\"widget\" data-e-type=\"widget\" data-widget_type=\"image.default\">\n\t\t\t\t<div class=\"elementor-widget-container\">\n\t\t\t\t\t\t\t\t\t\t\t\t\t\t\t<img fetchpriority=\"high\" decoding=\"async\" width=\"1462\" height=\"253\" src=\"https:\/\/noltekeukens.nl\/wp-content\/uploads\/2023\/12\/Plasmamade.png\" class=\"attachment-full size-full wp-image-9986\" alt=\"\" srcset=\"https:\/\/noltekeukens.nl\/wp-content\/uploads\/2023\/12\/Plasmamade.png 1462w, https:\/\/noltekeukens.nl\/wp-content\/uploads\/2023\/12\/Plasmamade-300x52.png 300w, https:\/\/noltekeukens.nl\/wp-content\/uploads\/2023\/12\/Plasmamade-1024x177.png 1024w, https:\/\/noltekeukens.nl\/wp-content\/uploads\/2023\/12\/Plasmamade-768x133.png 768w, https:\/\/noltekeukens.nl\/wp-content\/uploads\/2023\/12\/Plasmamade-600x104.png 600w\" sizes=\"(max-width: 1462px) 100vw, 1462px\" \/>\t\t\t\t\t\t\t\t\t\t\t\t\t\t\t<\/div>\n\t\t\t\t<\/div>\n\t\t\t\t<\/div>\n\t\t<div class=\"elementor-element elementor-element-8d9d948 e-con-full e-flex e-con e-child\" data-id=\"8d9d948\" data-element_type=\"container\" data-e-type=\"container\">\n\t\t\t\t<\/div>\n\t\t\t\t\t<\/div>\n\t\t\t\t<\/div>\n\t\t<div class=\"elementor-element elementor-element-c2e47fe e-flex e-con-boxed e-con e-parent\" data-id=\"c2e47fe\" data-element_type=\"container\" data-e-type=\"container\">\n\t\t\t\t\t<div class=\"e-con-inner\">\n\t\t<div class=\"elementor-element elementor-element-52bede8 e-con-full e-flex e-con e-child\" data-id=\"52bede8\" data-element_type=\"container\" data-e-type=\"container\">\n\t\t\t\t<div class=\"elementor-element elementor-element-fa8cacd elementor-widget elementor-widget-image\" data-id=\"fa8cacd\" data-element_type=\"widget\" data-e-type=\"widget\" data-widget_type=\"image.default\">\n\t\t\t\t<div class=\"elementor-widget-container\">\n\t\t\t\t\t\t\t\t\t\t\t\t\t\t\t<img decoding=\"async\" width=\"800\" height=\"550\" src=\"https:\/\/noltekeukens.nl\/wp-content\/uploads\/2024\/01\/MCIM02671764_robert-bosch-history-1600x1100-1-1024x704.webp\" class=\"attachment-large size-large wp-image-10458\" alt=\"\" srcset=\"https:\/\/noltekeukens.nl\/wp-content\/uploads\/2024\/01\/MCIM02671764_robert-bosch-history-1600x1100-1-1024x704.webp 1024w, https:\/\/noltekeukens.nl\/wp-content\/uploads\/2024\/01\/MCIM02671764_robert-bosch-history-1600x1100-1-300x206.webp 300w, https:\/\/noltekeukens.nl\/wp-content\/uploads\/2024\/01\/MCIM02671764_robert-bosch-history-1600x1100-1-768x528.webp 768w, https:\/\/noltekeukens.nl\/wp-content\/uploads\/2024\/01\/MCIM02671764_robert-bosch-history-1600x1100-1-600x413.webp 600w, https:\/\/noltekeukens.nl\/wp-content\/uploads\/2024\/01\/MCIM02671764_robert-bosch-history-1600x1100-1.webp 1200w\" sizes=\"(max-width: 800px) 100vw, 800px\" \/>\t\t\t\t\t\t\t\t\t\t\t\t\t\t\t<\/div>\n\t\t\t\t<\/div>\n\t\t\t\t<\/div>\n\t\t<div class=\"elementor-element elementor-element-638b239 e-con-full e-flex e-con e-child\" data-id=\"638b239\" data-element_type=\"container\" data-e-type=\"container\">\n\t\t\t\t<div class=\"elementor-element elementor-element-45b9d1b elementor-widget elementor-widget-heading\" data-id=\"45b9d1b\" data-element_type=\"widget\" data-e-type=\"widget\" data-widget_type=\"heading.default\">\n\t\t\t\t<div class=\"elementor-widget-container\">\n\t\t\t\t\t<h2 class=\"elementor-heading-title elementor-size-default\">The best filter in its class<\/h2>\t\t\t\t<\/div>\n\t\t\t\t<\/div>\n\t\t\t\t<div class=\"elementor-element elementor-element-a8e4451 elementor-widget elementor-widget-text-editor\" data-id=\"a8e4451\" data-element_type=\"widget\" data-e-type=\"widget\" data-widget_type=\"text-editor.default\">\n\t\t\t\t<div class=\"elementor-widget-container\">\n\t\t\t\t\t\t\t\t\t<div class=\"heading\">After years of development, PlasmaMade entered the market in 2013 with a revolutionary filter system, specially designed for extractor hoods and cooktops in the kitchen industry.<\/div>\t\t\t\t\t\t\t\t<\/div>\n\t\t\t\t<\/div>\n\t\t\t\t<\/div>\n\t\t\t\t\t<\/div>\n\t\t\t\t<\/div>\n\t\t<div class=\"elementor-element elementor-element-5d3d04b e-flex e-con-boxed e-con e-parent\" data-id=\"5d3d04b\" data-element_type=\"container\" data-e-type=\"container\">\n\t\t\t\t\t<div class=\"e-con-inner\">\n\t\t<div class=\"elementor-element elementor-element-902a172 e-con-full e-flex e-con e-child\" data-id=\"902a172\" data-element_type=\"container\" data-e-type=\"container\">\n\t\t\t\t<div class=\"elementor-element elementor-element-f0a85e7 elementor-widget elementor-widget-heading\" data-id=\"f0a85e7\" data-element_type=\"widget\" data-e-type=\"widget\" data-widget_type=\"heading.default\">\n\t\t\t\t<div class=\"elementor-widget-container\">\n\t\t\t\t\t<h2 class=\"elementor-heading-title elementor-size-default\">About PlasmaMade<\/h2>\t\t\t\t<\/div>\n\t\t\t\t<\/div>\n\t\t\t\t<div class=\"elementor-element elementor-element-f340a12 elementor-widget elementor-widget-text-editor\" data-id=\"f340a12\" data-element_type=\"widget\" data-e-type=\"widget\" data-widget_type=\"text-editor.default\">\n\t\t\t\t<div class=\"elementor-widget-container\">\n\t\t\t\t\t\t\t\t\t<p>After years of development, PlasmaMade entered the market in 2013 with a revolutionary filter system, specially designed for extractor hoods and cooktops in the kitchen industry. Our PlasmaMade Air filter can be installed directly on any extractor hood, eliminating the need for an external exhaust duct. The benefits include immediate savings on heating or air conditioning costs, as the air is not expelled outside but remains within the home; this is known as recirculation. An additional advantage is that the range hood can be included in your home\u2019s EPC calculation, ensuring that your energy label accurately reflects the property.<br \/>\u200d<br \/>We hope this page gives you a little insight into our philosophy.<\/p>\t\t\t\t\t\t\t\t<\/div>\n\t\t\t\t<\/div>\n\t\t\t\t<\/div>\n\t\t<div class=\"elementor-element elementor-element-73027ce e-con-full e-flex e-con e-child\" data-id=\"73027ce\" data-element_type=\"container\" data-e-type=\"container\">\n\t\t\t\t<div class=\"elementor-element elementor-element-b3193d7 elementor-widget elementor-widget-image\" data-id=\"b3193d7\" data-element_type=\"widget\" data-e-type=\"widget\" data-widget_type=\"image.default\">\n\t\t\t\t<div class=\"elementor-widget-container\">\n\t\t\t\t\t\t\t\t\t\t\t\t\t\t\t<img decoding=\"async\" width=\"671\" height=\"477\" src=\"https:\/\/noltekeukens.nl\/wp-content\/uploads\/2024\/01\/plasmamade_filter2.webp\" class=\"attachment-large size-large wp-image-10477\" alt=\"\" srcset=\"https:\/\/noltekeukens.nl\/wp-content\/uploads\/2024\/01\/plasmamade_filter2.webp 671w, https:\/\/noltekeukens.nl\/wp-content\/uploads\/2024\/01\/plasmamade_filter2-300x213.webp 300w, https:\/\/noltekeukens.nl\/wp-content\/uploads\/2024\/01\/plasmamade_filter2-600x427.webp 600w\" sizes=\"(max-width: 671px) 100vw, 671px\" \/>\t\t\t\t\t\t\t\t\t\t\t\t\t\t\t<\/div>\n\t\t\t\t<\/div>\n\t\t\t\t<\/div>\n\t\t\t\t\t<\/div>\n\t\t\t\t<\/div>\n\t\t\t\t<\/div>","protected":false},"excerpt":{"rendered":"<p>Het beste filter in zijn klasse Na jaren van ontwikkeling is PlasmaMade sinds 2013 op de markt gekomen met een revolutionair filtersysteem, speciaal gemaakt voor afzuigkappen en kookplaten in de keukenbranche. Over PlasmaMade Na jaren van ontwikkeling is PlasmaMade in 2013 op de markt gekomen met een revolutionair filter systeem, speciaal gemaakt voor de afzuigkappen [&hellip;]<\/p>\n","protected":false},"author":2,"featured_media":0,"parent":0,"menu_order":0,"comment_status":"closed","ping_status":"closed","template":"elementor_header_footer","meta":{"footnotes":""},"class_list":["post-10474","page","type-page","status-publish","hentry"],"yoast_head":"<!-- This site is optimized with the Yoast SEO plugin v27.3 - https:\/\/yoast.com\/product\/yoast-seo-wordpress\/ -->\n<title>PlasmaMade - Nolte keukens Offici\u00eble website<\/title>\n<meta name=\"robots\" content=\"index, follow, max-snippet:-1, max-image-preview:large, max-video-preview:-1\" \/>\n<link rel=\"canonical\" href=\"https:\/\/noltekeukens.nl\/en\/plasmamade\/\" \/>\n<meta property=\"og:locale\" content=\"en_GB\" \/>\n<meta property=\"og:type\" content=\"article\" \/>\n<meta property=\"og:title\" content=\"PlasmaMade - Nolte keukens Offici\u00eble website\" \/>\n<meta property=\"og:description\" content=\"Het beste filter in zijn klasse Na jaren van ontwikkeling is PlasmaMade sinds 2013 op de markt gekomen met een revolutionair filtersysteem, speciaal gemaakt voor afzuigkappen en kookplaten in de keukenbranche. Over PlasmaMade Na jaren van ontwikkeling is PlasmaMade in 2013 op de markt gekomen met een revolutionair filter systeem, speciaal gemaakt voor de afzuigkappen [&hellip;]\" \/>\n<meta property=\"og:url\" content=\"https:\/\/noltekeukens.nl\/en\/plasmamade\/\" \/>\n<meta property=\"og:site_name\" content=\"Nolte keukens Offici\u00eble website\" \/>\n<meta property=\"article:publisher\" content=\"https:\/\/www.facebook.com\/noltekeukens\" \/>\n<meta property=\"article:modified_time\" content=\"2024-01-04T13:01:07+00:00\" \/>\n<meta property=\"og:image\" content=\"https:\/\/noltekeukens.nl\/wp-content\/uploads\/2023\/12\/Plasmamade.png\" \/>\n<meta name=\"twitter:card\" content=\"summary_large_image\" \/>\n<script type=\"application\/ld+json\" class=\"yoast-schema-graph\">{\"@context\":\"https:\\\/\\\/schema.org\",\"@graph\":[{\"@type\":\"WebPage\",\"@id\":\"https:\\\/\\\/noltekeukens.nl\\\/plasmamade\\\/\",\"url\":\"https:\\\/\\\/noltekeukens.nl\\\/plasmamade\\\/\",\"name\":\"PlasmaMade - Nolte keukens Offici\u00eble website\",\"isPartOf\":{\"@id\":\"https:\\\/\\\/noltekeukens.nl\\\/#website\"},\"primaryImageOfPage\":{\"@id\":\"https:\\\/\\\/noltekeukens.nl\\\/plasmamade\\\/#primaryimage\"},\"image\":{\"@id\":\"https:\\\/\\\/noltekeukens.nl\\\/plasmamade\\\/#primaryimage\"},\"thumbnailUrl\":\"https:\\\/\\\/noltekeukens.nl\\\/wp-content\\\/uploads\\\/2023\\\/12\\\/Plasmamade.png\",\"datePublished\":\"2024-01-04T12:56:01+00:00\",\"dateModified\":\"2024-01-04T13:01:07+00:00\",\"breadcrumb\":{\"@id\":\"https:\\\/\\\/noltekeukens.nl\\\/plasmamade\\\/#breadcrumb\"},\"inLanguage\":\"en-GB\",\"potentialAction\":[{\"@type\":\"ReadAction\",\"target\":[\"https:\\\/\\\/noltekeukens.nl\\\/plasmamade\\\/\"]}]},{\"@type\":\"ImageObject\",\"inLanguage\":\"en-GB\",\"@id\":\"https:\\\/\\\/noltekeukens.nl\\\/plasmamade\\\/#primaryimage\",\"url\":\"https:\\\/\\\/noltekeukens.nl\\\/wp-content\\\/uploads\\\/2023\\\/12\\\/Plasmamade.png\",\"contentUrl\":\"https:\\\/\\\/noltekeukens.nl\\\/wp-content\\\/uploads\\\/2023\\\/12\\\/Plasmamade.png\"},{\"@type\":\"BreadcrumbList\",\"@id\":\"https:\\\/\\\/noltekeukens.nl\\\/plasmamade\\\/#breadcrumb\",\"itemListElement\":[{\"@type\":\"ListItem\",\"position\":1,\"name\":\"Home\",\"item\":\"https:\\\/\\\/noltekeukens.nl\\\/\"},{\"@type\":\"ListItem\",\"position\":2,\"name\":\"PlasmaMade\"}]},{\"@type\":\"WebSite\",\"@id\":\"https:\\\/\\\/noltekeukens.nl\\\/#website\",\"url\":\"https:\\\/\\\/noltekeukens.nl\\\/\",\"name\":\"Nolte keukens Offici\u00eble website\",\"description\":\"Ontdek de grootste Nolte collectie bij de offici\u00eble Nolte K\u00fcchen brandstores van Nederland.\",\"publisher\":{\"@id\":\"https:\\\/\\\/noltekeukens.nl\\\/#organization\"},\"potentialAction\":[{\"@type\":\"SearchAction\",\"target\":{\"@type\":\"EntryPoint\",\"urlTemplate\":\"https:\\\/\\\/noltekeukens.nl\\\/?s={search_term_string}\"},\"query-input\":{\"@type\":\"PropertyValueSpecification\",\"valueRequired\":true,\"valueName\":\"search_term_string\"}}],\"inLanguage\":\"en-GB\"},{\"@type\":\"Organization\",\"@id\":\"https:\\\/\\\/noltekeukens.nl\\\/#organization\",\"name\":\"Nolte keukens Offici\u00eble website\",\"url\":\"https:\\\/\\\/noltekeukens.nl\\\/\",\"logo\":{\"@type\":\"ImageObject\",\"inLanguage\":\"en-GB\",\"@id\":\"https:\\\/\\\/noltekeukens.nl\\\/#\\\/schema\\\/logo\\\/image\\\/\",\"url\":\"https:\\\/\\\/noltekeukens.nl\\\/wp-content\\\/uploads\\\/2022\\\/07\\\/Logo-nolte-zwart-1.png\",\"contentUrl\":\"https:\\\/\\\/noltekeukens.nl\\\/wp-content\\\/uploads\\\/2022\\\/07\\\/Logo-nolte-zwart-1.png\",\"width\":1063,\"height\":252,\"caption\":\"Nolte keukens Offici\u00eble website\"},\"image\":{\"@id\":\"https:\\\/\\\/noltekeukens.nl\\\/#\\\/schema\\\/logo\\\/image\\\/\"},\"sameAs\":[\"https:\\\/\\\/www.facebook.com\\\/noltekeukens\"]}]}<\/script>\n<!-- \/ Yoast SEO plugin. -->","yoast_head_json":{"title":"PlasmaMade - Nolte keukens Offici\u00eble website","robots":{"index":"index","follow":"follow","max-snippet":"max-snippet:-1","max-image-preview":"max-image-preview:large","max-video-preview":"max-video-preview:-1"},"canonical":"https:\/\/noltekeukens.nl\/en\/plasmamade\/","og_locale":"en_GB","og_type":"article","og_title":"PlasmaMade - Nolte keukens Offici\u00eble website","og_description":"Het beste filter in zijn klasse Na jaren van ontwikkeling is PlasmaMade sinds 2013 op de markt gekomen met een revolutionair filtersysteem, speciaal gemaakt voor afzuigkappen en kookplaten in de keukenbranche. Over PlasmaMade Na jaren van ontwikkeling is PlasmaMade in 2013 op de markt gekomen met een revolutionair filter systeem, speciaal gemaakt voor de afzuigkappen [&hellip;]","og_url":"https:\/\/noltekeukens.nl\/en\/plasmamade\/","og_site_name":"Nolte keukens Offici\u00eble website","article_publisher":"https:\/\/www.facebook.com\/noltekeukens","article_modified_time":"2024-01-04T13:01:07+00:00","og_image":[{"url":"https:\/\/noltekeukens.nl\/wp-content\/uploads\/2023\/12\/Plasmamade.png","type":"","width":"","height":""}],"twitter_card":"summary_large_image","schema":{"@context":"https:\/\/schema.org","@graph":[{"@type":"WebPage","@id":"https:\/\/noltekeukens.nl\/plasmamade\/","url":"https:\/\/noltekeukens.nl\/plasmamade\/","name":"PlasmaMade - Nolte keukens Offici\u00eble website","isPartOf":{"@id":"https:\/\/noltekeukens.nl\/#website"},"primaryImageOfPage":{"@id":"https:\/\/noltekeukens.nl\/plasmamade\/#primaryimage"},"image":{"@id":"https:\/\/noltekeukens.nl\/plasmamade\/#primaryimage"},"thumbnailUrl":"https:\/\/noltekeukens.nl\/wp-content\/uploads\/2023\/12\/Plasmamade.png","datePublished":"2024-01-04T12:56:01+00:00","dateModified":"2024-01-04T13:01:07+00:00","breadcrumb":{"@id":"https:\/\/noltekeukens.nl\/plasmamade\/#breadcrumb"},"inLanguage":"en-GB","potentialAction":[{"@type":"ReadAction","target":["https:\/\/noltekeukens.nl\/plasmamade\/"]}]},{"@type":"ImageObject","inLanguage":"en-GB","@id":"https:\/\/noltekeukens.nl\/plasmamade\/#primaryimage","url":"https:\/\/noltekeukens.nl\/wp-content\/uploads\/2023\/12\/Plasmamade.png","contentUrl":"https:\/\/noltekeukens.nl\/wp-content\/uploads\/2023\/12\/Plasmamade.png"},{"@type":"BreadcrumbList","@id":"https:\/\/noltekeukens.nl\/plasmamade\/#breadcrumb","itemListElement":[{"@type":"ListItem","position":1,"name":"Home","item":"https:\/\/noltekeukens.nl\/"},{"@type":"ListItem","position":2,"name":"PlasmaMade"}]},{"@type":"WebSite","@id":"https:\/\/noltekeukens.nl\/#website","url":"https:\/\/noltekeukens.nl\/","name":"Nolte keukens Offici\u00eble website","description":"Ontdek de grootste Nolte collectie bij de offici\u00eble Nolte K\u00fcchen brandstores van Nederland.","publisher":{"@id":"https:\/\/noltekeukens.nl\/#organization"},"potentialAction":[{"@type":"SearchAction","target":{"@type":"EntryPoint","urlTemplate":"https:\/\/noltekeukens.nl\/?s={search_term_string}"},"query-input":{"@type":"PropertyValueSpecification","valueRequired":true,"valueName":"search_term_string"}}],"inLanguage":"en-GB"},{"@type":"Organization","@id":"https:\/\/noltekeukens.nl\/#organization","name":"Nolte keukens Offici\u00eble website","url":"https:\/\/noltekeukens.nl\/","logo":{"@type":"ImageObject","inLanguage":"en-GB","@id":"https:\/\/noltekeukens.nl\/#\/schema\/logo\/image\/","url":"https:\/\/noltekeukens.nl\/wp-content\/uploads\/2022\/07\/Logo-nolte-zwart-1.png","contentUrl":"https:\/\/noltekeukens.nl\/wp-content\/uploads\/2022\/07\/Logo-nolte-zwart-1.png","width":1063,"height":252,"caption":"Nolte keukens Offici\u00eble website"},"image":{"@id":"https:\/\/noltekeukens.nl\/#\/schema\/logo\/image\/"},"sameAs":["https:\/\/www.facebook.com\/noltekeukens"]}]}},"_links":{"self":[{"href":"https:\/\/noltekeukens.nl\/en\/wp-json\/wp\/v2\/pages\/10474","targetHints":{"allow":["GET"]}}],"collection":[{"href":"https:\/\/noltekeukens.nl\/en\/wp-json\/wp\/v2\/pages"}],"about":[{"href":"https:\/\/noltekeukens.nl\/en\/wp-json\/wp\/v2\/types\/page"}],"author":[{"embeddable":true,"href":"https:\/\/noltekeukens.nl\/en\/wp-json\/wp\/v2\/users\/2"}],"replies":[{"embeddable":true,"href":"https:\/\/noltekeukens.nl\/en\/wp-json\/wp\/v2\/comments?post=10474"}],"version-history":[{"count":4,"href":"https:\/\/noltekeukens.nl\/en\/wp-json\/wp\/v2\/pages\/10474\/revisions"}],"predecessor-version":[{"id":10480,"href":"https:\/\/noltekeukens.nl\/en\/wp-json\/wp\/v2\/pages\/10474\/revisions\/10480"}],"wp:attachment":[{"href":"https:\/\/noltekeukens.nl\/en\/wp-json\/wp\/v2\/media?parent=10474"}],"curies":[{"name":"wp","href":"https:\/\/api.w.org\/{rel}","templated":true}]}}